{"id":23459,"date":"2025-01-17T15:10:01","date_gmt":"2025-01-17T15:10:01","guid":{"rendered":"https:\/\/woolskins.eu\/?post_type=product&#038;p=23459"},"modified":"2026-04-16T09:16:06","modified_gmt":"2026-04-16T09:16:06","slug":"babyfilt-i-ull-100-merinoull-beige","status":"publish","type":"product","link":"https:\/\/woolskins.eu\/sv\/wollen-babydeken-100-merinowol-beige\/","title":{"rendered":"Gebreide Merinowollen Babydeken \u2013 100% merinowol | Hazelnoot"},"content":{"rendered":"<p data-start=\"233\" data-end=\"311\"><strong data-start=\"233\" data-end=\"311\">Mysig, varm och ren natur - vaggan i ull som ditt barn kommer att dr\u00f6mma sig bort i<\/strong><\/p>\n<p data-start=\"313\" data-end=\"644\">F\u00f6rest\u00e4ll dig att ditt barn ligger mjukt och tryggt under en filt som k\u00e4nns som en k\u00e4rleksfull omfamning. Denna <em data-start=\"423\" data-end=\"441\">vaggan filt i ull<\/em> \u00e4r tillverkad av 100% mjuk italiensk merinoull, speciellt utvald f\u00f6r sin ultimata mjukhet och andningsf\u00f6rm\u00e5ga. Det \u00e4r den perfekta filten f\u00f6r sm\u00e5 barn som f\u00f6rtj\u00e4nar komfort och v\u00e4rme.<\/p>\n<p data-start=\"646\" data-end=\"903\">Merinoull fr\u00e5n Europa \u00e4r naturligt temperaturreglerande, s\u00e5 ditt barn kommer aldrig att ha det f\u00f6r varmt eller f\u00f6r kallt. Vaggfilten i ull h\u00e5ller fukt borta fr\u00e5n huden och andas mycket bra, s\u00e5 att ditt barn kan sova lugnt utan att svettas eller bli kladdigt.<\/p>\n<p data-start=\"905\" data-end=\"949\">Vad g\u00f6r denna babyfilt i ull s\u00e5 speciell:<\/p>\n<ul data-start=\"950\" data-end=\"1386\">\n<li data-start=\"950\" data-end=\"1034\">\n<p data-start=\"952\" data-end=\"1034\"><strong data-start=\"952\" data-end=\"985\">Supermjuk och hudv\u00e4nlig<\/strong> - l\u00e4mplig f\u00f6r sp\u00e4dbarns k\u00e4nsligaste hud<\/p>\n<\/li>\n<li data-start=\"1035\" data-end=\"1117\">\n<p data-start=\"1037\" data-end=\"1117\"><strong data-start=\"1037\" data-end=\"1073\">Temperaturreglerande och andningsbar<\/strong> - h\u00e5ller ditt barn varmt och sk\u00f6nt i alla \u00e5rstider<\/p>\n<\/li>\n<li data-start=\"1118\" data-end=\"1195\">\n<p data-start=\"1120\" data-end=\"1195\"><strong data-start=\"1120\" data-end=\"1151\">Sj\u00e4lvreng\u00f6rande och luktresistent<\/strong> - l\u00e4ttsk\u00f6tt och alltid fr\u00e4sch<\/p>\n<\/li>\n<li data-start=\"1196\" data-end=\"1293\">\n<p data-start=\"1198\" data-end=\"1293\"><strong data-start=\"1198\" data-end=\"1231\">H\u00e5llbar och milj\u00f6v\u00e4nlig<\/strong> - R\u00e4ttvist tillverkad i Europa med respekt f\u00f6r djur och natur<\/p>\n<\/li>\n<li data-start=\"1294\" data-end=\"1386\">\n<p data-start=\"1296\" data-end=\"1386\"><strong data-start=\"1296\" data-end=\"1318\">L\u00e4tt men \u00e4nd\u00e5 varm<\/strong> - perfekt f\u00f6r att linda din baby eller l\u00e4gga \u00f6ver vaggan<\/p>\n<\/li>\n<\/ul>\n<p data-start=\"1388\" data-end=\"1587\">Oavsett om det \u00e4r f\u00f6r en lugn natt, en eftermiddagslur eller f\u00f6r att f\u00f6rsiktigt svepa in ditt barn i under en promenad, erbjuder den h\u00e4r vaggan i ull v\u00e4rme och komfort p\u00e5 ett naturligt, mjukt s\u00e4tt.<\/p>\n<p data-start=\"1589\" data-end=\"1915\"><strong data-start=\"1589\" data-end=\"1633\">Varf\u00f6r v\u00e4lja en babyfilt i ull?<\/strong><br data-start=\"1633\" data-end=\"1636\" \/>Ull \u00e4r ett av de smartaste valen n\u00e4r det g\u00e4ller babytextilier. Det \u00e4r antibakteriellt, stoppar obehagliga lukter och kr\u00e4ver mycket mindre tv\u00e4tt \u00e4n syntetiska filtar. Tack vare merinoullens elasticitet beh\u00e5ller den sin form och sina isolerande egenskaper \u00e4ven efter frekvent anv\u00e4ndning.<\/p>\n<p data-start=\"1917\" data-end=\"2050\"><strong data-start=\"1917\" data-end=\"1925\">Dricks:<\/strong> Kombinera denna vagga i ull med en matchande byxa eller tr\u00f6ja i ull f\u00f6r att f\u00e5 det ultimata mjuka, naturliga setet.<\/p>","protected":false},"excerpt":{"rendered":"<p><strong data-start=\"95\" data-end=\"170\">Vaggt\u00e4cke i ull av 100% italiensk merinoull - mjuk, varm och andningsbar<\/strong><br data-start=\"170\" data-end=\"173\" \/>Denna mysiga\u00a0<em data-start=\"184\" data-end=\"202\">vaggan filt i ull<\/em>\u00a0\u00e4r tillverkad av mjuk merinoull fr\u00e5n Italien. Den andas, \u00e4r temperaturreglerande och perfekt f\u00f6r k\u00e4nslig babyhud. L\u00e4tt, mycket praktisk och m\u00e5ngsidig - perfekt f\u00f6r att h\u00e5lla ditt barn s\u00e4kert \u00e5ret runt, hemma eller p\u00e5 resande fot. H\u00e5llbar och tillverkad med omsorg i Europa. Finns i storlek 75 x 100 cm<\/p>\n<p><strong>M\u00e4rke: Woolskins<\/strong><br \/>\n<strong>Produktion: Polen<\/strong><\/p>","protected":false},"featured_media":23729,"comment_status":"open","ping_status":"closed","template":"","meta":{"_acf_changed":false},"product_brand":[],"product_cat":[360,364,499,196,318,194],"product_tag":[],"class_list":{"0":"post-23459","1":"product","2":"type-product","3":"status-publish","4":"has-post-thumbnail","6":"product_cat-cadeautips","7":"product_cat-cadeaus-vanaf-e50","8":"product_cat-new-arrivals","9":"product_cat-slaapkleding-baby","10":"product_cat-wollen-wiegdeken-ledikantdeken","11":"product_cat-wollen-babyproducten","12":"pa_maat-2-6-maanden","13":"pa_maat-6-12-maanden","15":"first","16":"outofstock","17":"taxable","18":"shipping-taxable","19":"purchasable","20":"product-type-simple"},"acf":[],"_links":{"self":[{"href":"https:\/\/woolskins.eu\/sv\/wp-json\/wp\/v2\/product\/23459","targetHints":{"allow":["GET"]}}],"collection":[{"href":"https:\/\/woolskins.eu\/sv\/wp-json\/wp\/v2\/product"}],"about":[{"href":"https:\/\/woolskins.eu\/sv\/wp-json\/wp\/v2\/types\/product"}],"replies":[{"embeddable":true,"href":"https:\/\/woolskins.eu\/sv\/wp-json\/wp\/v2\/comments?post=23459"}],"wp:featuredmedia":[{"embeddable":true,"href":"https:\/\/woolskins.eu\/sv\/wp-json\/wp\/v2\/media\/23729"}],"wp:attachment":[{"href":"https:\/\/woolskins.eu\/sv\/wp-json\/wp\/v2\/media?parent=23459"}],"wp:term":[{"taxonomy":"product_brand","embeddable":true,"href":"https:\/\/woolskins.eu\/sv\/wp-json\/wp\/v2\/product_brand?post=23459"},{"taxonomy":"product_cat","embeddable":true,"href":"https:\/\/woolskins.eu\/sv\/wp-json\/wp\/v2\/product_cat?post=23459"},{"taxonomy":"product_tag","embeddable":true,"href":"https:\/\/woolskins.eu\/sv\/wp-json\/wp\/v2\/product_tag?post=23459"}],"curies":[{"name":"wp","href":"https:\/\/api.w.org\/{rel}","templated":true}]}}