{"id":23448,"date":"2025-01-17T14:38:00","date_gmt":"2025-01-17T14:38:00","guid":{"rendered":"https:\/\/woolskins.eu\/?post_type=product&#038;p=23448"},"modified":"2026-01-23T13:20:11","modified_gmt":"2026-01-23T13:20:11","slug":"baby-ulltroja-100-merinoull-beige","status":"publish","type":"product","link":"https:\/\/woolskins.eu\/sv\/wollen-babytruitje-100-merinowol-beige\/","title":{"rendered":"Babyullstr\u00f6ja 100% Merinoull | Hasseln\u00f6t"},"content":{"rendered":"<div id=\"product-24563\" class=\"product type-product post-24563 status-publish first instock product_cat-cadeautips product_cat-new-arrivals product_cat-cadeaus-vanaf-e50 product_cat-alwero product_cat-wollen-babykleding product_cat-kleertjes product_cat-vestjes product_cat-best-verkocht has-post-thumbnail taxable shipping-taxable purchasable product-type-variable ct-default-gallery ct-ajax-add-to-cart thumbs-bottom sticky-summary\">\n<div class=\"woocommerce-tabs wc-tabs-wrapper\" data-type=\"type-1:center\">\n<article>\n<div id=\"tab-description\" class=\"woocommerce-Tabs-panel woocommerce-Tabs-panel--description panel entry-content wc-tab is-layout-constrained\" role=\"tabpanel\" aria-labelledby=\"tab-title-description\">\n<p data-start=\"290\" data-end=\"373\"><strong data-start=\"290\" data-end=\"373\">Mjuk, varm och naturlig - en babytr\u00f6ja i ull som v\u00e4xer med ditt barn<\/strong><\/p>\n<p data-start=\"375\" data-end=\"699\">T\u00e4nk dig att ditt barn ligger n\u00f6jt i din famn eller g\u00f6r sina f\u00f6rsta utforskande r\u00f6relser - varmt och tryggt i en tr\u00f6ja som k\u00e4nns som en gosedjur. Denna\u00a0<em data-start=\"537\" data-end=\"558\">Babytr\u00f6ja i ull<\/em>, tillverkad av 100% italiensk merinoull, \u00e4r s\u00e5 mjuk att du n\u00e4stan gl\u00f6mmer att den \u00e4r gjord av ull. Ingen kl\u00e5da, inget kr\u00e5ngel - bara ren komfort.<\/p>\n<p data-start=\"701\" data-end=\"984\">Den merinoull vi anv\u00e4nder kommer fr\u00e5n Europa och \u00e4r k\u00e4nd f\u00f6r sin naturliga mjukhet, andningsf\u00f6rm\u00e5ga och temperaturreglering. Det g\u00f6r att den h\u00e4r tr\u00f6jan passar f\u00f6r alla \u00e5rstider: varm p\u00e5 vintern och luftig p\u00e5 sommaren. Perfekt f\u00f6r sp\u00e4dbarn som fortfarande h\u00e5ller p\u00e5 att l\u00e4ra sig att reglera temperaturen.<\/p>\n<p data-start=\"986\" data-end=\"1032\">Vad g\u00f6r denna babytr\u00f6ja i ull s\u00e5 speciell:<\/p>\n<ul data-start=\"1033\" data-end=\"1427\">\n<li data-start=\"1033\" data-end=\"1107\">\n<p data-start=\"1035\" data-end=\"1107\"><strong data-start=\"1035\" data-end=\"1068\">Ultramjuk och hudv\u00e4nlig<\/strong>\u00a0- perfekt f\u00f6r k\u00e4nslig babyhud<\/p>\n<\/li>\n<li data-start=\"1108\" data-end=\"1202\">\n<p data-start=\"1110\" data-end=\"1202\"><strong data-start=\"1110\" data-end=\"1146\">Andningsbar och temperaturreglerande<\/strong>\u00a0- f\u00f6rhindrar \u00f6verhettning och h\u00e5ller ditt barn varmt och sk\u00f6nt<\/p>\n<\/li>\n<li data-start=\"1203\" data-end=\"1278\">\n<p data-start=\"1205\" data-end=\"1278\"><strong data-start=\"1205\" data-end=\"1222\">Sj\u00e4lvreng\u00f6rande<\/strong>\u00a0- Luftning \u00e4r ofta tillr\u00e4ckligt, tv\u00e4tt \u00e4r s\u00e4llan n\u00f6dv\u00e4ndigt<\/p>\n<\/li>\n<li data-start=\"1279\" data-end=\"1348\">\n<p data-start=\"1281\" data-end=\"1348\"><strong data-start=\"1281\" data-end=\"1307\">Stretchig och bekv\u00e4m<\/strong>\u00a0- r\u00f6r sig med varje vickande arm<\/p>\n<\/li>\n<li data-start=\"1349\" data-end=\"1427\">\n<p data-start=\"1351\" data-end=\"1427\"><strong data-start=\"1351\" data-end=\"1385\">R\u00e4ttvist producerad i Europa<\/strong>\u00a0- med respekt f\u00f6r m\u00e4nniskor, djur och natur<\/p>\n<\/li>\n<\/ul>\n<p data-start=\"1429\" data-end=\"1623\">Oavsett om den b\u00e4rs som ett f\u00f6rsta lager p\u00e5 huden eller som ett varmt topplager ger den h\u00e4r babyulltr\u00f6jan ditt barn komfort och skydd varje dag, p\u00e5 ett s\u00e4tt som k\u00e4nns helt naturligt.<\/p>\n<p data-start=\"1625\" data-end=\"2000\"><strong data-start=\"1625\" data-end=\"1669\">Varf\u00f6r v\u00e4lja en babytr\u00f6ja i ull?<\/strong><br data-start=\"1669\" data-end=\"1672\" \/>Ull \u00e4r ett av de mest popul\u00e4ra materialen f\u00f6r babykl\u00e4der - och det av goda sk\u00e4l. Merinoull \u00e4r naturligt antibakteriellt, luktavvisande och hj\u00e4lper till att h\u00e5lla huden torr och tempererad. Den beh\u00f6ver knappt tv\u00e4ttas, beh\u00e5ller sin form och \u00e4r helt biologiskt nedbrytbar. Ett medvetet och praktiskt val.<\/p>\n<p data-start=\"2002\" data-end=\"2163\"><strong data-start=\"2002\" data-end=\"2010\">Dricks:<\/strong> Kombinera med matchande underdelar i ull f\u00f6r ett komplett set d\u00e4r din baby kan r\u00f6ra sig underbart fritt - och dessutom se fantastisk ut.<\/p>\n<\/div>\n<\/article>\n<\/div>\n<\/div>","protected":false},"excerpt":{"rendered":"<p><strong data-start=\"131\" data-end=\"202\">Babyullstr\u00f6ja i 100% merinoull - mjuk, andningsbar och tidl\u00f6s<\/strong><br data-start=\"202\" data-end=\"205\" \/>Denna underbart mjuka\u00a0<em data-start=\"225\" data-end=\"246\">Babytr\u00f6ja i ull<\/em>\u00a0\u00e4r tillverkad av 100% italiensk merinoull. Ullen andas, reglerar temperaturen och k\u00e4nns behaglig \u00e4ven p\u00e5 den mest k\u00e4nsliga babyhud. Varm p\u00e5 vintern, sval p\u00e5 sommaren. Tr\u00f6jan \u00e4r l\u00e4tt, stretchig och r\u00f6r sig smidigt med din bebis. H\u00e5llbart och k\u00e4rleksfullt tillverkad i Europa - ett naturligt plagg f\u00f6r varje dag. Finns i fyra f\u00e4rger, ecru, beige, ljusgr\u00e5 &amp; ljusrosa i storlekarna 2-6 m\u00e5nader. &amp; 6-12 m\u00e5nader.<\/p>\n<p><strong>M\u00e4rke: Woolskins<\/strong><br \/>\n<strong>Produkt: Polen<\/strong><\/p>","protected":false},"featured_media":23726,"comment_status":"open","ping_status":"closed","template":"","meta":{"_acf_changed":false},"product_brand":[],"product_cat":[360,364,200,499,337,344,194],"product_tag":[],"class_list":{"0":"post-23448","1":"product","2":"type-product","3":"status-publish","4":"has-post-thumbnail","6":"product_cat-cadeautips","7":"product_cat-cadeaus-vanaf-e50","8":"product_cat-wollen-babykleding","9":"product_cat-new-arrivals","10":"product_cat-vestjes","11":"product_cat-kleertjes","12":"product_cat-wollen-babyproducten","13":"pa_maat-2-6-maanden","14":"pa_maat-6-12-maanden","16":"first","17":"instock","18":"taxable","19":"shipping-taxable","20":"purchasable","21":"product-type-variable"},"acf":[],"_links":{"self":[{"href":"https:\/\/woolskins.eu\/sv\/wp-json\/wp\/v2\/product\/23448","targetHints":{"allow":["GET"]}}],"collection":[{"href":"https:\/\/woolskins.eu\/sv\/wp-json\/wp\/v2\/product"}],"about":[{"href":"https:\/\/woolskins.eu\/sv\/wp-json\/wp\/v2\/types\/product"}],"replies":[{"embeddable":true,"href":"https:\/\/woolskins.eu\/sv\/wp-json\/wp\/v2\/comments?post=23448"}],"wp:featuredmedia":[{"embeddable":true,"href":"https:\/\/woolskins.eu\/sv\/wp-json\/wp\/v2\/media\/23726"}],"wp:attachment":[{"href":"https:\/\/woolskins.eu\/sv\/wp-json\/wp\/v2\/media?parent=23448"}],"wp:term":[{"taxonomy":"product_brand","embeddable":true,"href":"https:\/\/woolskins.eu\/sv\/wp-json\/wp\/v2\/product_brand?post=23448"},{"taxonomy":"product_cat","embeddable":true,"href":"https:\/\/woolskins.eu\/sv\/wp-json\/wp\/v2\/product_cat?post=23448"},{"taxonomy":"product_tag","embeddable":true,"href":"https:\/\/woolskins.eu\/sv\/wp-json\/wp\/v2\/product_tag?post=23448"}],"curies":[{"name":"wp","href":"https:\/\/api.w.org\/{rel}","templated":true}]}}