{"id":23107,"date":"2024-12-20T11:25:25","date_gmt":"2024-12-20T11:25:25","guid":{"rendered":"https:\/\/woolskins.eu\/?post_type=product&#038;p=23107"},"modified":"2025-12-04T14:54:10","modified_gmt":"2025-12-04T14:54:10","slug":"baby-vinterdrakt-i-ull-tumlad-valnot","status":"publish","type":"product","link":"https:\/\/woolskins.eu\/sv\/wollen-baby-winterpak-thumbled-walnoot\/","title":{"rendered":"Baby vinterdr\u00e4kt i ull | Teddy Hazelnut"},"content":{"rendered":"<p>Denna produkt har kvalitetsm\u00e4rket Safe for Children och Woolmark. Denna vinterdr\u00e4kt b\u00e4rs \u00f6ver kl\u00e4derna, s\u00e5 ta h\u00e4nsyn till detta n\u00e4r du v\u00e4ljer r\u00e4tt storlek.<\/p>\n<p>- 100% elastisk jungfruull, Woolmark-m\u00e4rkning.<br \/>\n\u2013 Integrerade vantar och f\u00f6tter i \u00e4rm och ben.<br \/>\n\u2013 \u00d6ppningen forts\u00e4tter in i r\u00f6ret.<br \/>\n\u2013 Titta p\u00e5 &quot;Sizes in Centimeters&quot; f\u00f6r r\u00e4tt storlek i cm.<\/p>\n<p>V\u00e5ra Eco Wool vinterdr\u00e4kter \u00e4r mycket l\u00e4mpliga f\u00f6r de sm\u00e5 tack vare ullfibrernas naturliga egenskaper. Dessa andas och har egenskapen att fungera som en naturlig termostat som reglerar kroppstemperaturen? Detta hj\u00e4lper ditt barn att h\u00e5lla en stabil temperatur och h\u00e5ller ditt barn torrt och bekv\u00e4mt.<\/p>\n<p data-start=\"63\" data-end=\"427\"><strong data-start=\"63\" data-end=\"83\">Tv\u00e4ttr\u00e5d<\/strong><\/p>\n<p data-start=\"63\" data-end=\"427\">F\u00f6r att h\u00e5lla Teddy-tyget i ull vackert och mjukt rekommenderar vi handtv\u00e4tt i h\u00f6gst 30\u00b0C. Var f\u00f6rsiktig och anv\u00e4nd ett milt ulltv\u00e4ttmedel. Undvik blekmedel, strykning, torktumlare och centrifugering. L\u00e5t tyget torka plant f\u00f6r att bevara dess form. Kemtv\u00e4tt \u00e4r ocks\u00e5 m\u00f6jligt.<\/p>\n<p data-start=\"429\" data-end=\"552\">\u2728 <strong data-start=\"431\" data-end=\"439\">Dricks:<\/strong> Ull beh\u00f6ver inte tv\u00e4ttas ofta. En snabb v\u00e4dring utomhus r\u00e4cker ofta f\u00f6r att h\u00e5lla tyget fr\u00e4scht.<\/p>\n<p data-start=\"554\" data-end=\"817\">\ud83c\udf3f <strong data-start=\"557\" data-end=\"588\">Varf\u00f6r ull \u00e4r speciellt: <\/strong>Ull \u00e4r naturligt sj\u00e4lvreng\u00f6rande och smutsavvisande. Lukt f\u00f6rsvinner bara genom att v\u00e4dra tyget och smuts fastnar inte lika l\u00e4tt som p\u00e5 andra material. S\u00e5 ditt ulltyg h\u00e5ller sig fr\u00e4scht l\u00e4ngre, utan mycket underh\u00e5ll.<\/p>\n<h5 class=\"Text1893342656__root Text1893342656---typography-11-runningText Text1893342656---priority-7-primary s8gg2 _2UIKs InfoSectionTitle3095652555__root\" aria-hidden=\"false\" data-hook=\"info-section-title\">Storlekar i centimeter<\/h5>\n<div class=\"rah-static rah-static--height-auto\" aria-hidden=\"false\">\n<div>\n<div class=\"_1yvxJ fggS- cell\">\n<div class=\"WncCi\" data-hook=\"info-section-description\">\n<p>Storlek: 0-6 m\u00e5nader L\u00e4ngd: 60cm (axel till botten) Bredd: 30cm (armh\u00e5la).<br \/>\nStorlek: 6-18 m\u00e5nader L\u00e4ngd: 68cm (axel till botten) Bredd: 33cm (armh\u00e5la).<\/p>\n<\/div>\n<\/div>\n<\/div>\n<\/div>","protected":false},"excerpt":{"rendered":"<p>Denna vinterdr\u00e4kt i ull med res\u00e5r \u00e4r mycket bekv\u00e4m och varm. Tillverkad av 100%-ull f\u00f6r en extra glad baby. Den ser till att din bebis \u00e4r redo att g\u00e5 ut. \u00d6ppningen g\u00e5r tillr\u00e4ckligt l\u00e5ngt s\u00e5 att du enkelt kan f\u00e5 in och ut ditt barn. Tack vare de praktiska skydden p\u00e5 h\u00e4nder och f\u00f6tter kommer ditt barn inte att bli kallt. Denna dr\u00e4kt \u00e4r l\u00e4mplig f\u00f6r v\u00e5r, vinter och h\u00f6st. Tack vare ullens absorberande egenskaper kommer ditt barn inte att svettas s\u00e5 l\u00e4tt. (Bilderna \u00e4r av den beige versionen).<\/p>\n<p><strong>M\u00e4rke: Woolskins<\/strong><br \/>\n<strong>Produktion: Polen<\/strong><\/p>","protected":false},"featured_media":23111,"comment_status":"closed","ping_status":"closed","template":"","meta":{"_acf_changed":false},"product_brand":[],"product_cat":[200,196,344,463,319,194],"product_tag":[],"class_list":{"0":"post-23107","1":"product","2":"type-product","3":"status-publish","4":"has-post-thumbnail","6":"product_cat-wollen-babykleding","7":"product_cat-slaapkleding-baby","8":"product_cat-kleertjes","9":"product_cat-winterpak","10":"product_cat-pakjes-en-jasjes","11":"product_cat-wollen-babyproducten","12":"pa_maat-0-6-maanden","13":"pa_maat-6-18-maanden","15":"first","16":"instock","17":"taxable","18":"shipping-taxable","19":"purchasable","20":"product-type-variable"},"acf":[],"_links":{"self":[{"href":"https:\/\/woolskins.eu\/sv\/wp-json\/wp\/v2\/product\/23107","targetHints":{"allow":["GET"]}}],"collection":[{"href":"https:\/\/woolskins.eu\/sv\/wp-json\/wp\/v2\/product"}],"about":[{"href":"https:\/\/woolskins.eu\/sv\/wp-json\/wp\/v2\/types\/product"}],"replies":[{"embeddable":true,"href":"https:\/\/woolskins.eu\/sv\/wp-json\/wp\/v2\/comments?post=23107"}],"wp:featuredmedia":[{"embeddable":true,"href":"https:\/\/woolskins.eu\/sv\/wp-json\/wp\/v2\/media\/23111"}],"wp:attachment":[{"href":"https:\/\/woolskins.eu\/sv\/wp-json\/wp\/v2\/media?parent=23107"}],"wp:term":[{"taxonomy":"product_brand","embeddable":true,"href":"https:\/\/woolskins.eu\/sv\/wp-json\/wp\/v2\/product_brand?post=23107"},{"taxonomy":"product_cat","embeddable":true,"href":"https:\/\/woolskins.eu\/sv\/wp-json\/wp\/v2\/product_cat?post=23107"},{"taxonomy":"product_tag","embeddable":true,"href":"https:\/\/woolskins.eu\/sv\/wp-json\/wp\/v2\/product_tag?post=23107"}],"curies":[{"name":"wp","href":"https:\/\/api.w.org\/{rel}","templated":true}]}}