{"id":22605,"date":"2024-11-22T12:24:52","date_gmt":"2024-11-22T12:24:52","guid":{"rendered":"https:\/\/woolskins.eu\/?post_type=product&#038;p=22605"},"modified":"2026-04-08T13:55:26","modified_gmt":"2026-04-08T13:55:26","slug":"akpase-i-ull-sovsack-for-vagn-och-barnvagn-beige-tovad-mork-somnad","status":"publish","type":"product","link":"https:\/\/woolskins.eu\/sv\/wollen-voetenzak-slaapzak-voor-buggy-en-kinderwagen-buggy-beige-felted-donkere-stiksel\/","title":{"rendered":"Wollen Voetenzak Bakigo &#8211; Slaapzak voor Buggy en Kinderwagen | Beige Felted \/ donkere stiksel"},"content":{"rendered":"<p data-start=\"152\" data-end=\"216\"><strong data-start=\"152\" data-end=\"214\">L\u00e4cker \u00e5kp\u00e5se i ull till din baby - Woolskins Bakigo<\/strong><\/p>\n<p data-start=\"218\" data-end=\"609\">G\u00e5 ut bekymmersfritt med din lilla i den varma och mjuka <strong data-start=\"276\" data-end=\"308\">\u00c5kp\u00e5se i ull f\u00f6r bebisar<\/strong> av Woolskins. Bakigo \u00e5kp\u00e5se \u00e4r speciellt utformad f\u00f6r barnvagnen och erbjuder ultimat komfort under alla \u00e5rstider. Woolskins har gjort \u00e5kp\u00e5sen 5 cm l\u00e4ngre, s\u00e5 att ditt barn kan anv\u00e4nda den l\u00e4ngre, och f\u00f6rsett den med en extra stor \u00f6ppning f\u00f6r s\u00e4kerhetsb\u00e4ltet.<\/p>\n<p data-start=\"611\" data-end=\"959\">Den nya versionen har en \u00f6verdel med dragkedja, perfekt f\u00f6r att bara anv\u00e4nda underdelen under lite varmare dagar. Tack vare de naturliga egenskaperna hos <strong data-start=\"778\" data-end=\"785\">ull<\/strong> \u00e5kp\u00e5sen tar omedelbart ditt barns temperatur och bibeh\u00e5ller den, utan \u00f6verhettning eller svettning. P\u00e5 s\u00e5 s\u00e4tt f\u00e5r ditt barn konstant v\u00e4rme och optimal komfort.<\/p>\n<p data-start=\"961\" data-end=\"1195\">Perfekt f\u00f6r <strong data-start=\"978\" data-end=\"1008\">alla \u00e5rstider <\/strong>men kan anv\u00e4ndas \u00e5ret runt tack vare det smarta locket med dragkedja. Ett oumb\u00e4rligt tillskott till alla <strong data-start=\"1119\" data-end=\"1133\">baby layette<\/strong> F\u00f6r mammor som bara vill ha det b\u00e4sta f\u00f6r sitt lilla barn.<\/p>\n<p data-start=\"1197\" data-end=\"1368\">Med Woolskins Bakigo \u00e5kp\u00e5se kan du vara s\u00e4ker p\u00e5 att ditt barn alltid har det varmt och sk\u00f6nt - en investering i v\u00e4rme, komfort och sinnesfrid p\u00e5 resande fot.<\/p>\n<p>\u2013 5 cm l\u00e4ngre, vilket g\u00f6r den anv\u00e4ndbar l\u00e4ngre.<br \/>\n\u2013 100% nyull, Woolmark kvalitetsm\u00e4rke.<br \/>\n\u2013 F\u00f6r hemma och p\u00e5 v\u00e4gen.<br \/>\n\u2013 \u00d6ppningar f\u00f6r s\u00e4kerhetsremmarna (5-punkts).<br \/>\n- l\u00e4ngd 90 cm x bredd 45 cm.<br \/>\n\u2013 kan tv\u00e4ttas i 30\u00b0C ulltv\u00e4ttprogram.<\/p>\n<p data-start=\"162\" data-end=\"231\"><strong data-start=\"162\" data-end=\"229\">Woolskins label - varma, mjuka och h\u00e5llbara ullprodukter f\u00f6r ditt barn<\/strong><\/p>\n<p data-start=\"233\" data-end=\"685\">P\u00e5 Woolskins tycker vi att din lilla v\u00e4n bara f\u00f6rtj\u00e4nar det b\u00e4sta. Det \u00e4r d\u00e4rf\u00f6r vi tillverkar h\u00f6gkvalitativa <strong data-start=\"330\" data-end=\"358\">ullprodukter f\u00f6r sp\u00e4dbarn<\/strong>, t.ex. \u00e5kp\u00e5sar, f\u00e5rskinn och yllekl\u00e4der, helt tillverkade av 100% europeisk ull. V\u00e5ra produkter \u00e4r mjuka, bekv\u00e4ma och s\u00e4kra f\u00f6r ditt barns k\u00e4nsliga hud. P\u00e5 grund av de naturliga egenskaperna hos <strong data-start=\"571\" data-end=\"578\">ull<\/strong> h\u00e5ller ditt barns h\u00e4nder, f\u00f6tter och kropp i perfekt temperatur, utan \u00f6verhettning eller svettning.<\/p>\n<p data-start=\"687\" data-end=\"1186\">V\u00e5r kollektion \u00e4r designad med ett \u00f6ga f\u00f6r detaljer och kvalitet. Varje <strong data-start=\"753\" data-end=\"775\">babyprodukt i ull<\/strong> by Woolskins \u00e4r h\u00e5llbart producerad i Europa, med allergiv\u00e4nlig och andningsaktiv ull som h\u00e5ller i flera \u00e5r. Oavsett om du vill ha en mjuk <strong data-start=\"906\" data-end=\"926\">fotv\u00e4ska av ull<\/strong>, Oavsett om du letar efter ett mysigt f\u00e5rskinn eller ett bekv\u00e4mt plagg, p\u00e5 Woolskins hittar du allt du beh\u00f6ver f\u00f6r en varm, s\u00e4ker och bekv\u00e4m start f\u00f6r ditt barn. Uppt\u00e4ck v\u00e5ra <strong data-start=\"1101\" data-end=\"1137\">premiumprodukter i ull f\u00f6r sp\u00e4dbarn<\/strong> Och upplev varf\u00f6r f\u00f6r\u00e4ldrar v\u00e4ljer Woolskins.<\/p>","protected":false},"excerpt":{"rendered":"<p data-start=\"193\" data-end=\"585\">H\u00e5ll din baby underbart varm under varje promenad med den mjuka <strong data-start=\"259\" data-end=\"291\">\u00c5kp\u00e5se i ull f\u00f6r bebisar<\/strong> fr\u00e5n Woolskins. Bakigo \u00e5kp\u00e5se \u00e4r extra l\u00e5ng s\u00e5 att du kan anv\u00e4nda den l\u00e4ngre och har en bred \u00f6ppning f\u00f6r s\u00e4kerhetshandtaget, perfekt f\u00f6r barnvagnen eller vagnen. Den nya toppen med dragkedja g\u00f6r det ocks\u00e5 enkelt att h\u00e5lla ditt barn bekv\u00e4mt \u00e4ven under varmare dagar.<\/p>\n<p data-start=\"587\" data-end=\"965\">Tack vare de naturliga egenskaperna hos <strong data-start=\"628\" data-end=\"635\">ull<\/strong> \u00e5kp\u00e5sen anpassar sig till och uppr\u00e4tth\u00e5ller ditt barns kroppstemperatur utan att barnet svettas. Passar perfekt f\u00f6r <strong data-start=\"769\" data-end=\"799\">v\u00e5r, h\u00f6st och vinter<\/strong>, och ett oumb\u00e4rligt komplement till alla <strong data-start=\"839\" data-end=\"853\">baby layette<\/strong>. Med Woolskins Bakigo kan du vara s\u00e4ker p\u00e5 att ditt barn alltid kommer att vara bekv\u00e4mt och s\u00e4kert p\u00e5 varje utflykt.<\/p>\n<p><strong>M\u00e4rke: Woolskins<\/strong><br \/>\n<strong>Produktion: Polen<\/strong><\/p>\n<p>&nbsp;<\/p>","protected":false},"featured_media":22607,"comment_status":"closed","ping_status":"closed","template":"","meta":{"_acf_changed":false},"product_brand":[],"product_cat":[361,360,364,196,336,194],"product_tag":[],"class_list":{"0":"post-22605","1":"product","2":"type-product","3":"status-publish","4":"has-post-thumbnail","6":"product_cat-babyshower","7":"product_cat-cadeautips","8":"product_cat-cadeaus-vanaf-e50","9":"product_cat-slaapkleding-baby","10":"product_cat-voetenzakken","11":"product_cat-wollen-babyproducten","13":"first","14":"instock","15":"taxable","16":"shipping-taxable","17":"purchasable","18":"product-type-simple"},"acf":[],"_links":{"self":[{"href":"https:\/\/woolskins.eu\/sv\/wp-json\/wp\/v2\/product\/22605","targetHints":{"allow":["GET"]}}],"collection":[{"href":"https:\/\/woolskins.eu\/sv\/wp-json\/wp\/v2\/product"}],"about":[{"href":"https:\/\/woolskins.eu\/sv\/wp-json\/wp\/v2\/types\/product"}],"replies":[{"embeddable":true,"href":"https:\/\/woolskins.eu\/sv\/wp-json\/wp\/v2\/comments?post=22605"}],"wp:featuredmedia":[{"embeddable":true,"href":"https:\/\/woolskins.eu\/sv\/wp-json\/wp\/v2\/media\/22607"}],"wp:attachment":[{"href":"https:\/\/woolskins.eu\/sv\/wp-json\/wp\/v2\/media?parent=22605"}],"wp:term":[{"taxonomy":"product_brand","embeddable":true,"href":"https:\/\/woolskins.eu\/sv\/wp-json\/wp\/v2\/product_brand?post=22605"},{"taxonomy":"product_cat","embeddable":true,"href":"https:\/\/woolskins.eu\/sv\/wp-json\/wp\/v2\/product_cat?post=22605"},{"taxonomy":"product_tag","embeddable":true,"href":"https:\/\/woolskins.eu\/sv\/wp-json\/wp\/v2\/product_tag?post=22605"}],"curies":[{"name":"wp","href":"https:\/\/api.w.org\/{rel}","templated":true}]}}