{"id":21511,"date":"2024-09-25T09:43:25","date_gmt":"2024-09-25T09:43:25","guid":{"rendered":"https:\/\/woolskins.eu\/?post_type=product&#038;p=21511"},"modified":"2025-12-17T11:59:07","modified_gmt":"2025-12-17T11:59:07","slug":"ullvantar-unisex-zaffiro-filtad-beige","status":"publish","type":"product","link":"https:\/\/woolskins.eu\/sv\/wollen-wanten-unisex-zaffiro-felted-beige\/","title":{"rendered":"Unisex Ullvantar - Zaffiro | Filtad Beige"},"content":{"rendered":"<h5>Vantar i ull - Zaffiro<\/h5>\n<p>H\u00e5ll dina h\u00e4nder underbart varma och bekv\u00e4ma med Zaffiros ullvantar. Dessa varma ullvantar \u00e4r det perfekta s\u00e4ttet att h\u00e5lla h\u00e4nderna varma under kalla dagar. De \u00e4r tillverkade av mjuk, naturlig filtad premiumull och \u00e4r skonsamma mot k\u00e4nslig hud. Ullvantarna ger utm\u00e4rkt isolering n\u00e4r du \u00e4r p\u00e5 spr\u00e5ng med ditt barn.<\/p>\n<p>N\u00e5gra funktioner:<\/p>\n<ul>\n<li>V\u00e4rme: Ull isolerar naturligt och h\u00e5ller ditt barns h\u00e4nder sk\u00f6na och varma \u00e4ven i det kallaste v\u00e4dret.<\/li>\n<li>Mjukhet: Vantarna \u00e4r gjorda av lyxigt mjuk ull som inte irriterar ditt barns hud.<\/li>\n<li>Andningsf\u00f6rm\u00e5ga: Ull andas naturligt och h\u00e5ller ditt barns h\u00e4nder bekv\u00e4ma och svettfria.<\/li>\n<li>Vantarna kan enkelt kombineras med alla andra produkter fr\u00e5n v\u00e5r Filted kollektion.<\/li>\n<\/ul>\n<p data-sourcepos=\"5:1-5:57\">Storlek: En storlek S\/M (l\u00e4ngd 27 cm x 10,5 cm)<\/p>\n<h5>Zaffiro<\/h5>\n<p>Zaffiro-f\u00f6retaget \u00e4r ett polskt familjef\u00f6retag. Sedan starten 1989 har vi specialiserat oss p\u00e5 tillverkning av baby- och barnprodukter och det mesta av det vi producerar exporteras till mer \u00e4n 40 l\u00e4nder. Vi skapade varum\u00e4rket Zaffiro f\u00f6r att marknadsf\u00f6ra produkter som st\u00f6djer f\u00f6r\u00e4ldrar som \u00e4r medvetna om vikten av intimitet och bindning med sitt barn fr\u00e5n de f\u00f6rsta timmarna efter f\u00f6dseln. Vi fr\u00e4mjar konceptet att b\u00e4ra barn &quot;hj\u00e4rtat utantill&quot; i b\u00e4rselar och b\u00e4rselar, \u00e5terinf\u00f6r, \u00e5teruppt\u00e4cker och utvecklar tidigare generationers kloka tradition med h\u00e4nsyn till samtida psykologisk forskning.<\/p>","protected":false},"excerpt":{"rendered":"<p>H\u00e5ll dina h\u00e4nder underbart varma och bekv\u00e4ma med Zaffiros ullvantar. Dessa varma ullvantar \u00e4r det perfekta s\u00e4ttet att h\u00e5lla h\u00e4nderna varma under kalla dagar. De \u00e4r tillverkade av mjuk, naturlig filtad premiumull och \u00e4r skonsamma mot k\u00e4nslig hud. Ullvantarna ger utm\u00e4rkt isolering n\u00e4r du \u00e4r i r\u00f6relse under de lite kallare dagarna.<\/p>\n<p>Storlek: En storlek S\/M (l\u00e4ngd 27 cm x 10,5 cm)<\/p>\n<div class=\"woocommerce-product-details__short-description\">\n<p><strong>M\u00e4rke: Zaffiro<\/strong><br \/>\n<strong>Produktion: Polen<br \/>\nKeur: Oeko-Tex Standard<\/strong><\/p>\n<p><img loading=\"lazy\" decoding=\"async\" class=\"alignnone wp-image-28173 entered lazyloaded\" src=\"https:\/\/woolskins.eu\/wp-content\/uploads\/2024\/05\/csm_OEKO-TEX_Logo_2022_rgb_c1aaeb5ceb-300x300.jpg\" alt=\"\" width=\"89\" height=\"89\" data-lazy-src=\"https:\/\/woolskins.eu\/wp-content\/uploads\/2024\/05\/csm_OEKO-TEX_Logo_2022_rgb_c1aaeb5ceb-300x300.jpg\" data-ll-status=\"loaded\" srcset=\"https:\/\/woolskins.eu\/wp-content\/uploads\/2024\/05\/csm_OEKO-TEX_Logo_2022_rgb_c1aaeb5ceb-300x300.jpg 300w, https:\/\/woolskins.eu\/wp-content\/uploads\/2024\/05\/csm_OEKO-TEX_Logo_2022_rgb_c1aaeb5ceb-150x150.jpg 150w, https:\/\/woolskins.eu\/wp-content\/uploads\/2024\/05\/csm_OEKO-TEX_Logo_2022_rgb_c1aaeb5ceb-768x769.jpg 768w, https:\/\/woolskins.eu\/wp-content\/uploads\/2024\/05\/csm_OEKO-TEX_Logo_2022_rgb_c1aaeb5ceb-12x12.jpg 12w, https:\/\/woolskins.eu\/wp-content\/uploads\/2024\/05\/csm_OEKO-TEX_Logo_2022_rgb_c1aaeb5ceb-600x601.jpg 600w, https:\/\/woolskins.eu\/wp-content\/uploads\/2024\/05\/csm_OEKO-TEX_Logo_2022_rgb_c1aaeb5ceb-100x100.jpg 100w, https:\/\/woolskins.eu\/wp-content\/uploads\/2024\/05\/csm_OEKO-TEX_Logo_2022_rgb_c1aaeb5ceb-64x64.jpg 64w, https:\/\/woolskins.eu\/wp-content\/uploads\/2024\/05\/csm_OEKO-TEX_Logo_2022_rgb_c1aaeb5ceb.jpg 885w\" sizes=\"auto, (max-width: 89px) 100vw, 89px\" \/><\/p>\n<\/div>","protected":false},"featured_media":21521,"comment_status":"open","ping_status":"closed","template":"","meta":{"_acf_changed":false},"product_brand":[],"product_cat":[502,351,363,350,31],"product_tag":[],"class_list":{"0":"post-21511","1":"product","2":"type-product","3":"status-publish","4":"has-post-thumbnail","6":"product_cat-zaffiro","7":"product_cat-accessoiresvoormama","8":"product_cat-cadeaus-e25-e50","9":"product_cat-fashion","10":"product_cat-yogamat-wol","12":"first","13":"outofstock","14":"taxable","15":"shipping-taxable","16":"purchasable","17":"product-type-simple"},"acf":[],"_links":{"self":[{"href":"https:\/\/woolskins.eu\/sv\/wp-json\/wp\/v2\/product\/21511","targetHints":{"allow":["GET"]}}],"collection":[{"href":"https:\/\/woolskins.eu\/sv\/wp-json\/wp\/v2\/product"}],"about":[{"href":"https:\/\/woolskins.eu\/sv\/wp-json\/wp\/v2\/types\/product"}],"replies":[{"embeddable":true,"href":"https:\/\/woolskins.eu\/sv\/wp-json\/wp\/v2\/comments?post=21511"}],"wp:featuredmedia":[{"embeddable":true,"href":"https:\/\/woolskins.eu\/sv\/wp-json\/wp\/v2\/media\/21521"}],"wp:attachment":[{"href":"https:\/\/woolskins.eu\/sv\/wp-json\/wp\/v2\/media?parent=21511"}],"wp:term":[{"taxonomy":"product_brand","embeddable":true,"href":"https:\/\/woolskins.eu\/sv\/wp-json\/wp\/v2\/product_brand?post=21511"},{"taxonomy":"product_cat","embeddable":true,"href":"https:\/\/woolskins.eu\/sv\/wp-json\/wp\/v2\/product_cat?post=21511"},{"taxonomy":"product_tag","embeddable":true,"href":"https:\/\/woolskins.eu\/sv\/wp-json\/wp\/v2\/product_tag?post=21511"}],"curies":[{"name":"wp","href":"https:\/\/api.w.org\/{rel}","templated":true}]}}