{"id":21443,"date":"2024-09-20T11:40:48","date_gmt":"2024-09-20T11:40:48","guid":{"rendered":"https:\/\/woolskins.eu\/?post_type=product&#038;p=21443"},"modified":"2025-12-17T12:12:33","modified_gmt":"2025-12-17T12:12:33","slug":"bodywarmer-i-ull-unisex-vuxen-zaffiro-beige-filtad","status":"publish","type":"product","link":"https:\/\/woolskins.eu\/sv\/wollen-bodywarmer-unisex-adult-zaffiro-beige-felted\/","title":{"rendered":"Bodywarmer i ull Unisex Vuxen - Zaffiro | Beige Filtad"},"content":{"rendered":"<p>H\u00e5ll dig stilfullt varm med denna eleganta Zaffiro Bodywarmer tillverkad av 100% lyxig premiumull. Den mjuka och sk\u00f6na premiumullen h\u00e5ller din kropp underbart varm och bekv\u00e4m n\u00e4r regnet blir lite kyligt. Perfekt f\u00f6r att b\u00e4ra i lager, perfekt f\u00f6r kalla dagar och utomhus\u00e4ventyr. V\u00e4sten har en h\u00f6g dragkedja och stora fickor som h\u00e5ller dina h\u00e4nder varma.<\/p>\n<p>Viktiga egenskaper:<\/p>\n<ul>\n<li>H\u00f6gkvalitativ ull: Ger \u00f6verl\u00e4gsen v\u00e4rme och komfort.<\/li>\n<li>Snygg design: Kompletterar alla outfits med sitt klassiska snitt.<\/li>\n<li>Praktiska fickor: H\u00e5ll h\u00e4nderna varma och viktiga saker inom r\u00e4ckh\u00e5ll.<\/li>\n<li>H\u00e5llbar: Tillverkad f\u00f6r att h\u00e5lla i flera \u00e5r.<\/li>\n<\/ul>\n<p>Upplev komforten och elegansen p\u00e5 Zaffiro.<\/p>\n<h5>Premium ull<\/h5>\n<p>Den naturliga, mjuka PREMIUM f\u00e5rullen som anv\u00e4nds f\u00f6r att producera sovs\u00e4cken \u00e4r perfekt f\u00f6r kalla vintrar och varmare dagar. Den s\u00e4kerst\u00e4ller \u00e4nnu b\u00e4ttre naturlig termoreglering, s\u00e5 att den effektivt skyddar barnet \u00e4ven vid h\u00e5rd frost och ser till att barnet inte \u00f6verhettas under varma dagar. F\u00e5rull har ocks\u00e5 antiallergiska egenskaper och \u00e4r resistent mot utveckling av kvalster. Den har hygieniska och sj\u00e4lvreng\u00f6rande egenskaper. Neutraliserar obehagliga lukter och smuts.<\/p>\n<h5>Zaffiro<\/h5>\n<p>F\u00f6retaget Zaffiro \u00e4r ett polskt familjef\u00f6retag. Sedan starten 1989 har vi specialiserat oss p\u00e5 tillverkning av baby- och barnprodukter och det mesta av det vi tillverkar exporteras till mer \u00e4n 40 l\u00e4nder. Vi skapade varum\u00e4rket Zaffiro f\u00f6r att marknadsf\u00f6ra produkter som st\u00f6der f\u00f6r\u00e4ldrar som \u00e4r medvetna om vikten av intimitet och att knyta an till sitt barn fr\u00e5n de f\u00f6rsta timmarna efter f\u00f6dseln. Vi fr\u00e4mjar konceptet att b\u00e4ra barn \u2018hj\u00e4rta mot hj\u00e4rta\u2019 i b\u00e4rsjalar och b\u00e4rselar och \u00e5terinf\u00f6r tidigare generationers kloka tradition, som \u00e5teruppt\u00e4ckts och utvecklats med h\u00e4nsyn till modern psykologisk forskning.<\/p>","protected":false},"excerpt":{"rendered":"<p>H\u00e5ll dig stilfullt varm med denna eleganta Zaffiro Bodywarmer tillverkad av 100% lyxig premiumull. Den mjuka och sk\u00f6na premiumullen h\u00e5ller din kropp underbart varm och bekv\u00e4m n\u00e4r regnet blir lite kyligt. Perfekt f\u00f6r att b\u00e4ra i lager, perfekt f\u00f6r kalla dagar och utomhus\u00e4ventyr. V\u00e4sten har en h\u00f6g dragkedja och stora fickor som h\u00e5ller dina h\u00e4nder varma.<\/p>\n<p><strong>M\u00e4rke: Zaffiro<\/strong><br \/>\n<strong>Produktion: Polen<br \/>\nKeur: Oeko-Tex Standard<\/strong><\/p>\n<p><img loading=\"lazy\" decoding=\"async\" class=\"alignnone wp-image-28173 entered lazyloaded\" src=\"https:\/\/woolskins.eu\/wp-content\/uploads\/2024\/05\/csm_OEKO-TEX_Logo_2022_rgb_c1aaeb5ceb-300x300.jpg\" alt=\"\" width=\"89\" height=\"89\" data-lazy-src=\"https:\/\/woolskins.eu\/wp-content\/uploads\/2024\/05\/csm_OEKO-TEX_Logo_2022_rgb_c1aaeb5ceb-300x300.jpg\" data-ll-status=\"loaded\" srcset=\"https:\/\/woolskins.eu\/wp-content\/uploads\/2024\/05\/csm_OEKO-TEX_Logo_2022_rgb_c1aaeb5ceb-300x300.jpg 300w, https:\/\/woolskins.eu\/wp-content\/uploads\/2024\/05\/csm_OEKO-TEX_Logo_2022_rgb_c1aaeb5ceb-150x150.jpg 150w, https:\/\/woolskins.eu\/wp-content\/uploads\/2024\/05\/csm_OEKO-TEX_Logo_2022_rgb_c1aaeb5ceb-768x769.jpg 768w, https:\/\/woolskins.eu\/wp-content\/uploads\/2024\/05\/csm_OEKO-TEX_Logo_2022_rgb_c1aaeb5ceb-12x12.jpg 12w, https:\/\/woolskins.eu\/wp-content\/uploads\/2024\/05\/csm_OEKO-TEX_Logo_2022_rgb_c1aaeb5ceb-600x601.jpg 600w, https:\/\/woolskins.eu\/wp-content\/uploads\/2024\/05\/csm_OEKO-TEX_Logo_2022_rgb_c1aaeb5ceb-100x100.jpg 100w, https:\/\/woolskins.eu\/wp-content\/uploads\/2024\/05\/csm_OEKO-TEX_Logo_2022_rgb_c1aaeb5ceb-64x64.jpg 64w, https:\/\/woolskins.eu\/wp-content\/uploads\/2024\/05\/csm_OEKO-TEX_Logo_2022_rgb_c1aaeb5ceb.jpg 885w\" sizes=\"auto, (max-width: 89px) 100vw, 89px\" \/><\/p>","protected":false},"featured_media":21447,"comment_status":"open","ping_status":"closed","template":"","meta":{"_acf_changed":false},"product_brand":[],"product_cat":[360,364,350,31,502],"product_tag":[424,420,421,422,425,507],"class_list":{"0":"post-21443","1":"product","2":"type-product","3":"status-publish","4":"has-post-thumbnail","6":"product_cat-cadeautips","7":"product_cat-cadeaus-vanaf-e50","8":"product_cat-fashion","9":"product_cat-yogamat-wol","10":"product_cat-zaffiro","11":"product_tag-alwero-bodywarmer","12":"product_tag-bodywarmer-wol","13":"product_tag-wollen-bodywarmer","14":"product_tag-wool-vest","15":"product_tag-woolskins","16":"product_tag-zaffiro","17":"pa_maat-adult-size-l","18":"pa_maat-adult-size-m","19":"pa_maat-adult-size-s","20":"pa_maat-adult-size-xl","22":"first","23":"outofstock","24":"taxable","25":"shipping-taxable","26":"purchasable","27":"product-type-variable"},"acf":[],"_links":{"self":[{"href":"https:\/\/woolskins.eu\/sv\/wp-json\/wp\/v2\/product\/21443","targetHints":{"allow":["GET"]}}],"collection":[{"href":"https:\/\/woolskins.eu\/sv\/wp-json\/wp\/v2\/product"}],"about":[{"href":"https:\/\/woolskins.eu\/sv\/wp-json\/wp\/v2\/types\/product"}],"replies":[{"embeddable":true,"href":"https:\/\/woolskins.eu\/sv\/wp-json\/wp\/v2\/comments?post=21443"}],"wp:featuredmedia":[{"embeddable":true,"href":"https:\/\/woolskins.eu\/sv\/wp-json\/wp\/v2\/media\/21447"}],"wp:attachment":[{"href":"https:\/\/woolskins.eu\/sv\/wp-json\/wp\/v2\/media?parent=21443"}],"wp:term":[{"taxonomy":"product_brand","embeddable":true,"href":"https:\/\/woolskins.eu\/sv\/wp-json\/wp\/v2\/product_brand?post=21443"},{"taxonomy":"product_cat","embeddable":true,"href":"https:\/\/woolskins.eu\/sv\/wp-json\/wp\/v2\/product_cat?post=21443"},{"taxonomy":"product_tag","embeddable":true,"href":"https:\/\/woolskins.eu\/sv\/wp-json\/wp\/v2\/product_tag?post=21443"}],"curies":[{"name":"wp","href":"https:\/\/api.w.org\/{rel}","templated":true}]}}