{"id":21411,"date":"2024-09-20T08:15:44","date_gmt":"2024-09-20T08:15:44","guid":{"rendered":"https:\/\/woolskins.eu\/?post_type=product&#038;p=21411"},"modified":"2026-01-11T08:49:38","modified_gmt":"2026-01-11T08:49:38","slug":"handvarmare-till-barnvagn-zaffiro-igrow-4-0-bla-beige","status":"publish","type":"product","link":"https:\/\/woolskins.eu\/sv\/handwarmers-voor-kinderwagen-zaffiro-igrow-4-0-blauw-beige\/","title":{"rendered":"Handv\u00e4rmare f\u00f6r barnvagn \u2013 Zaffiro iGrow 4.0 | Jeansbl\u00e5\/beige"},"content":{"rendered":"<p>2in1 handv\u00e4rmare f\u00f6r barnvagn Premium ull. Dessa handv\u00e4rmare\/sleeves \u00e4r perfekta f\u00f6r alla som gillar att ta l\u00e5nga promenader med barnen utomhus. Handv\u00e4rmarna \u00e4r fyllda med naturlig premiumf\u00e5rull som \u00e4r mycket bekv\u00e4m och varm att ta p\u00e5. Tack vare den vatten- och vindt\u00e4ta utsidan f\u00e5r du inte kalla h\u00e4nder s\u00e5 l\u00e4tt. Handv\u00e4rmarna \u00e4r l\u00e4tta att montera tillsammans eller separat p\u00e5 barnvagnen. De \u00e4r mycket effektiva att anv\u00e4nda eftersom du bara skjuter in h\u00e4nderna och tar ut dem igen n\u00e4r du har n\u00e5got kvar.<\/p>\n<p>Egenskaper:<\/p>\n<p>\u2013 m\u00e5tt: 38x26 cm<br \/>\n\u2013 universell storlek<br \/>\n\u2013 kan anv\u00e4ndas som en handske eller som tv\u00e5 separata handskar<br \/>\n\u2013 passar alla barnvagnsmodeller<br \/>\n- fl\u00e4ckavvisande tyg f\u00f6r att undvika smuts<br \/>\n- Vind- och vattent\u00e4t (skyddar mot regn och sn\u00f6)<\/p>\n<p>Premium ull<br \/>\nZaffiro handv\u00e4rmare f\u00f6r barnvagnar \u00e4r tillverkade av fibrer av h\u00f6gsta kvalitet, berikade med specialbearbetning, vilket skapar ett ullfoder p\u00e5 b\u00e5da sidor av tyget. Dessa egenskaper g\u00f6r ullen i v\u00e5ra sovs\u00e4ckar hygroskopisk, absorberar fukt perfekt och skyddar mot v\u00e4rmef\u00f6rlust. Ullen som anv\u00e4nds i handv\u00e4rmaren beh\u00e5ller v\u00e4rmen b\u00e4ttre \u00e4n vanlig ull, tack vare tv\u00e5 lager ullfleece.<\/p>\n<p>Den naturliga, mjuka PREMIUM f\u00e5rullen som anv\u00e4nds f\u00f6r att producera sovs\u00e4cken \u00e4r perfekt f\u00f6r kalla vintrar och varmare dagar. Den s\u00e4kerst\u00e4ller \u00e4nnu b\u00e4ttre naturlig termoreglering, s\u00e5 att den effektivt skyddar barnet \u00e4ven vid h\u00e5rd frost och ser till att barnet inte \u00f6verhettas under varma dagar. F\u00e5rull har ocks\u00e5 antiallergiska egenskaper och \u00e4r resistent mot utveckling av kvalster. Den har hygieniska och sj\u00e4lvreng\u00f6rande egenskaper. Neutraliserar obehagliga lukter och smuts.<\/p>\n<p>F\u00f6rening:<br \/>\n\u00d6verdragstyg: 100% polyester; innertyg: 100% ullfleece; fyllning: 100% polyester.<\/p>","protected":false},"excerpt":{"rendered":"<p>Dessa handv\u00e4rmare\/\u00e4rmar \u00e4r perfekta f\u00f6r alla som tycker om att ta l\u00e5nga promenader med barnen utomhus. Handv\u00e4rmarna \u00e4r fyllda med naturlig premiumf\u00e5rull som \u00e4r mycket bekv\u00e4m och varm att ta p\u00e5. Tack vare den vatten- och vindt\u00e4ta utsidan f\u00e5r du inte kalla h\u00e4nder s\u00e5 l\u00e4tt. Handv\u00e4rmarna \u00e4r l\u00e4tta att montera tillsammans eller separat p\u00e5 barnvagnen. De \u00e4r mycket effektiva att anv\u00e4nda eftersom du bara skjuter in h\u00e4nderna och tar ut dem igen n\u00e4r du har n\u00e5got kvar.<\/p>\n<p><strong>M\u00e4rke: Zaffiro<\/strong><br \/>\n<strong>Produktion: Polen<br \/>\nKeur: Oeko-Tex Standard<\/strong><\/p>\n<p><img loading=\"lazy\" decoding=\"async\" class=\"alignnone wp-image-28173 entered lazyloaded\" src=\"https:\/\/woolskins.eu\/wp-content\/uploads\/2024\/05\/csm_OEKO-TEX_Logo_2022_rgb_c1aaeb5ceb-300x300.jpg\" alt=\"\" width=\"89\" height=\"89\" data-lazy-src=\"https:\/\/woolskins.eu\/wp-content\/uploads\/2024\/05\/csm_OEKO-TEX_Logo_2022_rgb_c1aaeb5ceb-300x300.jpg\" data-ll-status=\"loaded\" srcset=\"https:\/\/woolskins.eu\/wp-content\/uploads\/2024\/05\/csm_OEKO-TEX_Logo_2022_rgb_c1aaeb5ceb-300x300.jpg 300w, https:\/\/woolskins.eu\/wp-content\/uploads\/2024\/05\/csm_OEKO-TEX_Logo_2022_rgb_c1aaeb5ceb-150x150.jpg 150w, https:\/\/woolskins.eu\/wp-content\/uploads\/2024\/05\/csm_OEKO-TEX_Logo_2022_rgb_c1aaeb5ceb-768x769.jpg 768w, https:\/\/woolskins.eu\/wp-content\/uploads\/2024\/05\/csm_OEKO-TEX_Logo_2022_rgb_c1aaeb5ceb-12x12.jpg 12w, https:\/\/woolskins.eu\/wp-content\/uploads\/2024\/05\/csm_OEKO-TEX_Logo_2022_rgb_c1aaeb5ceb-600x601.jpg 600w, https:\/\/woolskins.eu\/wp-content\/uploads\/2024\/05\/csm_OEKO-TEX_Logo_2022_rgb_c1aaeb5ceb-100x100.jpg 100w, https:\/\/woolskins.eu\/wp-content\/uploads\/2024\/05\/csm_OEKO-TEX_Logo_2022_rgb_c1aaeb5ceb-64x64.jpg 64w, https:\/\/woolskins.eu\/wp-content\/uploads\/2024\/05\/csm_OEKO-TEX_Logo_2022_rgb_c1aaeb5ceb.jpg 885w\" sizes=\"auto, (max-width: 89px) 100vw, 89px\" \/><\/p>","protected":false},"featured_media":21396,"comment_status":"closed","ping_status":"closed","template":"","meta":{"_acf_changed":false},"product_brand":[],"product_cat":[352,363,336,502],"product_tag":[],"class_list":{"0":"post-21411","1":"product","2":"type-product","3":"status-publish","4":"has-post-thumbnail","6":"product_cat-merken","7":"product_cat-cadeaus-e25-e50","8":"product_cat-voetenzakken","9":"product_cat-zaffiro","11":"first","12":"instock","13":"taxable","14":"shipping-taxable","15":"purchasable","16":"product-type-simple"},"acf":[],"_links":{"self":[{"href":"https:\/\/woolskins.eu\/sv\/wp-json\/wp\/v2\/product\/21411","targetHints":{"allow":["GET"]}}],"collection":[{"href":"https:\/\/woolskins.eu\/sv\/wp-json\/wp\/v2\/product"}],"about":[{"href":"https:\/\/woolskins.eu\/sv\/wp-json\/wp\/v2\/types\/product"}],"replies":[{"embeddable":true,"href":"https:\/\/woolskins.eu\/sv\/wp-json\/wp\/v2\/comments?post=21411"}],"wp:featuredmedia":[{"embeddable":true,"href":"https:\/\/woolskins.eu\/sv\/wp-json\/wp\/v2\/media\/21396"}],"wp:attachment":[{"href":"https:\/\/woolskins.eu\/sv\/wp-json\/wp\/v2\/media?parent=21411"}],"wp:term":[{"taxonomy":"product_brand","embeddable":true,"href":"https:\/\/woolskins.eu\/sv\/wp-json\/wp\/v2\/product_brand?post=21411"},{"taxonomy":"product_cat","embeddable":true,"href":"https:\/\/woolskins.eu\/sv\/wp-json\/wp\/v2\/product_cat?post=21411"},{"taxonomy":"product_tag","embeddable":true,"href":"https:\/\/woolskins.eu\/sv\/wp-json\/wp\/v2\/product_tag?post=21411"}],"curies":[{"name":"wp","href":"https:\/\/api.w.org\/{rel}","templated":true}]}}