{"id":21179,"date":"2024-09-05T09:54:35","date_gmt":"2024-09-05T09:54:35","guid":{"rendered":"https:\/\/woolskins.eu\/?post_type=product&#038;p=21179"},"modified":"2026-04-17T08:17:04","modified_gmt":"2026-04-17T08:17:04","slug":"babytofflor-i-ull-emo-zebra","status":"publish","type":"product","link":"https:\/\/woolskins.eu\/sv\/wollen-baby-slofjes-emo-zebra\/","title":{"rendered":"Babytofflor i ull | Zebra"},"content":{"rendered":"<p>Woolskins ulltofflor finns i olika f\u00e4rger och storlekar, s\u00e5 att du alltid kan hitta den b\u00e4sta passformen f\u00f6r ditt barn.<\/p>\n<p>\u2013 100% nyull, Woolmark kvalitetsm\u00e4rke.<br \/>\n\u2013 Mycket varmt f\u00f6r hemma eller p\u00e5 resan.<br \/>\n\u2013 Sk\u00f6n att b\u00e4ra ut och in.<br \/>\n\u2013 beh\u00e4ndig knapp f\u00f6r att st\u00e4nga tofflorna.<br \/>\n\u2013 Storlek 0-6 m\u00e5nader. (8cm) och 6-12 m\u00e5nader. (12 cm).<br \/>\n\u2013 Olika f\u00e4rger tillg\u00e4ngliga.<\/p>\n<h5>Ullskinnsetikett<\/h5>\n<p>Efter \u00e5r av framg\u00e5ngsrikt samarbete med Alwero kan vi stolt meddela att vi nu b\u00e4r v\u00e5ra produkter under v\u00e5r egen Woolskins-etikett.<\/p>\n<p>P\u00e5 s\u00e5 s\u00e4tt f\u00e5r du fortfarande den b\u00e4sta kvaliteten, men kombinerat med de snyggaste och unika produkterna och designerna.<\/p>\n<p>Kvaliteten p\u00e5 tygerna och f\u00e4rgerna f\u00f6rblir som de alltid har varit, men det finns nu ett st\u00f6rre urval som Woolskins tror kan utm\u00e4rka sig.<\/p>\n<p>V\u00e5r breda kollektion \u00e4r sammansatt p\u00e5 ett s\u00e5dant s\u00e4tt att de \u00e4r ett bra komplement till alla babyset, gjorda av 100% europeisk ull som andas och passar f\u00f6r varje s\u00e4song.<\/p>\n<p>Vi g\u00e5r entusiastiskt samman f\u00f6r att skapa en h\u00e5llbar, naturlig och mest bekv\u00e4m produkt f\u00f6r ditt barn.<\/p>","protected":false},"excerpt":{"rendered":"<p>V\u00e5ra bekv\u00e4ma babyskor \u00e4r ett perfekt val f\u00f6r att h\u00e5lla de minsta f\u00f6tterna underbart varma. De har alla de goda egenskaperna hos 100% ekologisk ull och tar direkt barnets temperatur n\u00e4r du tar p\u00e5 dem. Babyskor i ylle \u00e4r ocks\u00e5 en superkul och praktisk present f\u00f6r alla tillf\u00e4llen. Dessa tofflor \u00e4r ocks\u00e5 roliga att b\u00e4ra ut och in. Ditt barn kommer att \u00e4lska dessa ylletofflor.<\/p>\n<p><strong>M\u00e4rke: Woolskins<\/strong><br \/>\n<strong>Produkt: Polen<\/strong><\/p>","protected":false},"featured_media":21185,"comment_status":"closed","ping_status":"closed","template":"","meta":{"_acf_changed":false},"product_brand":[],"product_cat":[545,499,360,361,363,194,200,345,323],"product_tag":[],"class_list":{"0":"post-21179","1":"product","2":"type-product","3":"status-publish","4":"has-post-thumbnail","6":"product_cat-best_verkocht","7":"product_cat-new-arrivals","8":"product_cat-cadeautips","9":"product_cat-babyshower","10":"product_cat-cadeaus-e25-e50","11":"product_cat-wollen-babyproducten","12":"product_cat-wollen-babykleding","13":"product_cat-accessoires","14":"product_cat-slofjes","15":"pa_maat-0-6-maanden-9cm","16":"pa_maat-6-12-maanden11cm","18":"first","19":"instock","20":"taxable","21":"shipping-taxable","22":"purchasable","23":"product-type-variable"},"acf":[],"_links":{"self":[{"href":"https:\/\/woolskins.eu\/sv\/wp-json\/wp\/v2\/product\/21179","targetHints":{"allow":["GET"]}}],"collection":[{"href":"https:\/\/woolskins.eu\/sv\/wp-json\/wp\/v2\/product"}],"about":[{"href":"https:\/\/woolskins.eu\/sv\/wp-json\/wp\/v2\/types\/product"}],"replies":[{"embeddable":true,"href":"https:\/\/woolskins.eu\/sv\/wp-json\/wp\/v2\/comments?post=21179"}],"wp:featuredmedia":[{"embeddable":true,"href":"https:\/\/woolskins.eu\/sv\/wp-json\/wp\/v2\/media\/21185"}],"wp:attachment":[{"href":"https:\/\/woolskins.eu\/sv\/wp-json\/wp\/v2\/media?parent=21179"}],"wp:term":[{"taxonomy":"product_brand","embeddable":true,"href":"https:\/\/woolskins.eu\/sv\/wp-json\/wp\/v2\/product_brand?post=21179"},{"taxonomy":"product_cat","embeddable":true,"href":"https:\/\/woolskins.eu\/sv\/wp-json\/wp\/v2\/product_cat?post=21179"},{"taxonomy":"product_tag","embeddable":true,"href":"https:\/\/woolskins.eu\/sv\/wp-json\/wp\/v2\/product_tag?post=21179"}],"curies":[{"name":"wp","href":"https:\/\/api.w.org\/{rel}","templated":true}]}}