{"id":20833,"date":"2024-07-10T09:15:45","date_gmt":"2024-07-10T09:15:45","guid":{"rendered":"https:\/\/woolskins.eu\/?post_type=product&#038;p=20833"},"modified":"2026-01-25T22:41:19","modified_gmt":"2026-01-25T22:41:19","slug":"klick-klack-bollar-tra-bla","status":"publish","type":"product","link":"https:\/\/woolskins.eu\/sv\/klik-klak-ballen-hout-blauw\/","title":{"rendered":"Click Clack-bollar | Tr\u00e4 - Bl\u00e5"},"content":{"rendered":"<p>Click-clack fun g\u00e5r ut p\u00e5 att ta tag i ringen och sedan g\u00f6ra kraftiga handr\u00f6relser upp och ner, s\u00e5 att tr\u00e4kulorna omv\u00e4xlande studsar \u00f6ver och under handen. N\u00e4r kulorna studsar mot varandra h\u00f6rs ett karakteristiskt \u201cklick-klack\u201d-ljud. Tack vare leksaken kan barn tr\u00e4na sina reflexer och \u00f6va upp handf\u00e4rdigheter och \u00f6ga-hand-koordination ... ja, inte bara barn.<\/p>\n<p>Funktioner:<\/p>\n<p>-setet best\u00e5r av en ring i vilken ett sn\u00f6re \u00e4r f\u00e4st och i vars \u00e4nde tv\u00e5 f\u00e4rgade bollar \u00e4r placerade<\/p>\n<p>-den finns i tv\u00e5 f\u00e4rger<\/p>\n<p>- bl\u00e5 och orangatillverkad av l\u00f6vtr\u00e4 av h\u00f6gsta kvalitet fr\u00e5n FSC\u00ae-certifierade leverant\u00f6rer - ekologiska f\u00e4rger anv\u00e4ndes f\u00f6r m\u00e5lning<\/p>\n<p>-behandlad med en s\u00e4ker, giftfri lack omsorgsfullt polerad, behaglig att r\u00f6ra vid f\u00f6r att ge gl\u00e4dje och garantera s\u00e4kerhet<\/p>\n<p>-ekologiska produktleksaker fria fr\u00e5n skadliga \u00e4mnen-l\u00e4mpliga f\u00f6r barn fr\u00e5n 3 \u00e5r och upp\u00e5t<\/p>\n<p>M\u00e5ttDiameter boll 4 cm, sn\u00f6re 20 cm<\/p>\n<p data-sourcepos=\"38:1-38:17\"><strong>Om Tarnawa<\/strong><\/p>\n<p><strong>Lita p\u00e5 familjetradition!<\/strong><\/p>\n<p>Vi vet hur man g\u00f6r alla barn lyckliga fr\u00e5n en tidig \u00e5lder. Vi vet att dess utveckling och s\u00e4kerhet \u00e4r lika viktigt som roligt. Mer \u00e4n 80 \u00e5rs arbete med att tillverka leksaker och f\u00f6rem\u00e5l av tr\u00e4 har l\u00e4rt oss detta. Vi erbjuder v\u00e5ra kunder h\u00f6gkvalitativa tr\u00e4leksaker f\u00f6r barn som inte bara \u00e4r robusta utan ocks\u00e5 s\u00e4kra. Vi f\u00f6rmedlar kunskap, erfarenhet, passion och engagemang i v\u00e5rt hus fr\u00e5n generation till generation. Tarnawa \u00e4r inte bara ett f\u00f6retag, det \u00e4r en familj!<\/p>\n<p><img loading=\"lazy\" decoding=\"async\" class=\"alignnone size-medium wp-image-20439\" src=\"https:\/\/woolskins.eu\/wp-content\/uploads\/2024\/06\/IMG_1333-scaled-Klein-225x300.jpg\" alt=\"Tr\u00e4 Walking anka Pushing stick Tr\u00e4leksak Ullskinn Tarnawa\" width=\"225\" height=\"300\" srcset=\"https:\/\/woolskins.eu\/wp-content\/uploads\/2024\/06\/IMG_1333-scaled-Klein-225x300.jpg 225w, https:\/\/woolskins.eu\/wp-content\/uploads\/2024\/06\/IMG_1333-scaled-Klein-64x85.jpg 64w, https:\/\/woolskins.eu\/wp-content\/uploads\/2024\/06\/IMG_1333-scaled-Klein-9x12.jpg 9w, https:\/\/woolskins.eu\/wp-content\/uploads\/2024\/06\/IMG_1333-scaled-Klein.jpg 480w\" sizes=\"auto, (max-width: 225px) 100vw, 225px\" \/><\/p>\n<p><strong>H\u00f6gkvalitativa leksaker f\u00f6r dina och v\u00e5ra barn!<br \/>\n<\/strong><br \/>\nVi tror att du som f\u00f6r\u00e4lder vill att leksakerna du ger ditt barn ska vara vackra, noggrant gjorda, h\u00e5llbara och s\u00e4kra. Vi ser till att v\u00e5ra tr\u00e4produkter, tack vare deras funktionalitet, men ocks\u00e5 estetik och precision i finishen, tj\u00e4nar ditt barn s\u00e5 l\u00e4nge och s\u00e5 bra som m\u00f6jligt. Vi g\u00f6r dem f\u00f6r hand, med h\u00e4nsyn till de minsta detaljerna. Tarnawas tr\u00e4leksaker \u00e4r inte massproducerade, de \u00e4r sm\u00e5 konstverk.<\/p>\n<p><strong>Vi skapar med tiden!<br \/>\n<\/strong><br \/>\nV\u00e4rlden utvecklas st\u00e4ndigt, precis som ditt barn och du. Utveckling \u00e4r grunden f\u00f6r tillvaron. \u00c5r av erfarenhet har l\u00e4rt oss att vi inte ska st\u00e5 stilla och det \u00e4r d\u00e4rf\u00f6r vi hela tiden f\u00f6rs\u00f6ker g\u00f6ra n\u00e5got nytt. Som tillverkare av tr\u00e4leksaker kombinerar vi passionen f\u00f6r traditionella leksakstillverkningstekniker med ett modernt utseende. Vi n\u00e5r dig, k\u00e4ra f\u00f6r\u00e4lder, tack vare moderna medier, som g\u00f6r det l\u00e4ttare f\u00f6r dig och ditt barn att komma \u00e5t v\u00e5ra naturprodukter.<\/p>\n<p>&nbsp;<\/p>\n<p><img loading=\"lazy\" decoding=\"async\" class=\"size-full wp-image-20440 aligncenter\" src=\"https:\/\/woolskins.eu\/wp-content\/uploads\/2024\/06\/Logo.black_-300x263-1.png\" alt=\"Tr\u00e4 Walking anka Pushing stick Tr\u00e4leksak Ullskinn Tarnawa\" width=\"300\" height=\"263\" srcset=\"https:\/\/woolskins.eu\/wp-content\/uploads\/2024\/06\/Logo.black_-300x263-1.png 300w, https:\/\/woolskins.eu\/wp-content\/uploads\/2024\/06\/Logo.black_-300x263-1-64x56.png 64w, https:\/\/woolskins.eu\/wp-content\/uploads\/2024\/06\/Logo.black_-300x263-1-14x12.png 14w\" sizes=\"auto, (max-width: 300px) 100vw, 300px\" \/><\/p>","protected":false},"excerpt":{"rendered":"<p data-sourcepos=\"1:1-1:55\"><strong>Click-clack-bollar av tr\u00e4<\/strong><\/p>\n<p data-sourcepos=\"3:1-3:54\">F\u00f6r lite \u00e4ldre barn, eller f\u00f6r\u00e4ldrar, \u00e4r det h\u00e4r en superrolig present! Click-clack fun g\u00e5r ut p\u00e5 att greppa ringen och sedan g\u00f6ra kraftiga handr\u00f6relser upp och ner, s\u00e5 att tr\u00e4kulorna omv\u00e4xlande studsar ovanf\u00f6r och under handen. N\u00e4r kulorna studsar mot varandra ger de ifr\u00e5n sig ett karakteristiskt \u201cklick-klack\u201d-ljud. Tack vare leksaken kan barn tr\u00e4na sina reflexer och \u00f6va upp handf\u00e4rdigheter och \u00f6ga-hand-koordination ... ja, inte bara barn.<\/p>\n<p><strong>M\u00e4rke: Tarnawa<\/strong><br \/>\n<strong>Produktion: Polen<\/strong><\/p>\n<p data-sourcepos=\"38:1-38:17\">","protected":false},"featured_media":20831,"comment_status":"open","ping_status":"closed","template":"","meta":{"_acf_changed":false},"product_brand":[],"product_cat":[504,505],"product_tag":[],"class_list":{"0":"post-20833","1":"product","2":"type-product","3":"status-publish","4":"has-post-thumbnail","6":"product_cat-houten-speelgoed","7":"product_cat-tarnawa","9":"first","10":"outofstock","11":"sale","12":"taxable","13":"shipping-taxable","14":"purchasable","15":"product-type-simple"},"acf":[],"_links":{"self":[{"href":"https:\/\/woolskins.eu\/sv\/wp-json\/wp\/v2\/product\/20833","targetHints":{"allow":["GET"]}}],"collection":[{"href":"https:\/\/woolskins.eu\/sv\/wp-json\/wp\/v2\/product"}],"about":[{"href":"https:\/\/woolskins.eu\/sv\/wp-json\/wp\/v2\/types\/product"}],"replies":[{"embeddable":true,"href":"https:\/\/woolskins.eu\/sv\/wp-json\/wp\/v2\/comments?post=20833"}],"wp:featuredmedia":[{"embeddable":true,"href":"https:\/\/woolskins.eu\/sv\/wp-json\/wp\/v2\/media\/20831"}],"wp:attachment":[{"href":"https:\/\/woolskins.eu\/sv\/wp-json\/wp\/v2\/media?parent=20833"}],"wp:term":[{"taxonomy":"product_brand","embeddable":true,"href":"https:\/\/woolskins.eu\/sv\/wp-json\/wp\/v2\/product_brand?post=20833"},{"taxonomy":"product_cat","embeddable":true,"href":"https:\/\/woolskins.eu\/sv\/wp-json\/wp\/v2\/product_cat?post=20833"},{"taxonomy":"product_tag","embeddable":true,"href":"https:\/\/woolskins.eu\/sv\/wp-json\/wp\/v2\/product_tag?post=20833"}],"curies":[{"name":"wp","href":"https:\/\/api.w.org\/{rel}","templated":true}]}}