{"id":20802,"date":"2024-07-09T12:35:11","date_gmt":"2024-07-09T12:35:11","guid":{"rendered":"https:\/\/woolskins.eu\/?post_type=product&#038;p=20802"},"modified":"2024-11-29T14:28:39","modified_gmt":"2024-11-29T14:28:39","slug":"stapeltorn-av-tra-stapelklossar-oktagon","status":"publish","type":"product","link":"https:\/\/woolskins.eu\/sv\/houten-stapeltoren-stapelstenen-achthoek\/","title":{"rendered":"Staplingstorn i tr\u00e4 - Stapelklossar | Oktagon"},"content":{"rendered":"<p data-sourcepos=\"5:1-5:42\"><strong>Varf\u00f6r v\u00e4lja ett staplingstorn i tr\u00e4?<\/strong><\/p>\n<ul data-sourcepos=\"7:1-7:44\">\n<li data-sourcepos=\"7:1-7:44\"><strong>Stimulerar motorisk utveckling:<\/strong> Genom att stapla klossarna \u00f6var ditt barn sin finmotorik och koordination.<\/li>\n<li data-sourcepos=\"8:1-8:13\"><b>Hand-\u00f6gonkoordination: <\/b>hj\u00e4lper f\u00f6rm\u00e5gan att utf\u00f6ra handlingar som kr\u00e4ver samtidig anv\u00e4ndning av v\u00e5ra \u00f6gon och h\u00e4nder.<\/li>\n<li data-sourcepos=\"9:1-9:129\"><b>Kognitiv f\u00f6rm\u00e5ga:\u00a0<\/b>fr\u00e4mjar intelligens och koncentration.<\/li>\n<li data-sourcepos=\"10:1-10:134\"><strong>Tillverkad av h\u00e5llbara material:<\/strong> Balansspelet \u00e4r tillverkat av h\u00f6gkvalitativt FSC\u00ae-tr\u00e4 vilket g\u00f6r det t\u00e5ligt och t\u00e5l ett slag.<\/li>\n<li data-sourcepos=\"11:1-11:112\"><strong>S\u00e4kert f\u00f6r barn:<\/strong>\u00a0Tryckpinnen \u00e4r avslutad med en s\u00e4ker, giftfri f\u00e4rg och har en sl\u00e4t finish, fri fr\u00e5n vassa kanter, vilket g\u00f6r den s\u00e4ker f\u00f6r barn att leka med.<\/li>\n<\/ul>\n<p data-sourcepos=\"13:1-13:40\"><strong>Detta balansspel \u00e4r perfekt f\u00f6r:<\/strong><\/p>\n<ul data-sourcepos=\"15:1-18:0\">\n<li data-sourcepos=\"15:1-15:25\">Sm\u00e5barn l\u00e4r sig bara leka.<\/li>\n<li data-sourcepos=\"16:1-16:44\">Barn som vill anv\u00e4nda sin fantasi<\/li>\n<li data-sourcepos=\"17:1-18:0\">F\u00f6r\u00e4ldrar som letar efter h\u00e5llbara och pedagogiska leksaker<\/li>\n<\/ul>\n<p data-sourcepos=\"19:1-19:18\"><strong>Specifikationer:<\/strong><\/p>\n<ul data-sourcepos=\"21:1-24:0\">\n<li data-sourcepos=\"21:1-21:17\">Material: Tr\u00e4 med FSC\u00ae kvalitetsm\u00e4rke<\/li>\n<li data-sourcepos=\"22:1-22:35\">M\u00e5tt: 11,0 x 11,0 x 18,5 cm<\/li>\n<li data-sourcepos=\"23:1-24:0\">\u00c5lder: Sm\u00e5barn<\/li>\n<\/ul>\n<p data-sourcepos=\"25:1-25:118\"><strong>F\u00f6rvandla lektid till inl\u00e4rningstid med detta balansspel i tr\u00e4! Best\u00e4ll den idag och l\u00e5t ditt barn uppleva det roliga!<\/strong><\/p>\n<p data-sourcepos=\"32:1-32:9\"><strong>Tips:<\/strong><\/p>\n<ul data-sourcepos=\"34:1-37:0\">\n<li data-sourcepos=\"34:1-34:65\">Spela f\u00f6rst spelet genom att helt enkelt stapla kuberna i tur och ordning.<\/li>\n<li data-sourcepos=\"35:1-35:70\">Spela tillsammans med ditt barn medan du l\u00e5ter t\u00e4rningarna avg\u00f6ra vilket block du ska stapla.<\/li>\n<\/ul>\n<p data-sourcepos=\"38:1-38:17\"><strong>Med detta staplingsspel fr\u00e5n Tarnawa \u00e4r du garanterad kul f\u00f6r dig och ditt barn.<\/strong><\/p>\n<p data-sourcepos=\"38:1-38:17\"><strong>Om Tarnawa<\/strong><\/p>\n<p><strong>Lita p\u00e5 familjetradition!<\/strong><\/p>\n<p>Vi vet hur man g\u00f6r alla barn lyckliga fr\u00e5n en tidig \u00e5lder. Vi vet att dess utveckling och s\u00e4kerhet \u00e4r lika viktigt som roligt. Mer \u00e4n 80 \u00e5rs arbete med att tillverka leksaker och f\u00f6rem\u00e5l av tr\u00e4 har l\u00e4rt oss detta. Vi erbjuder v\u00e5ra kunder h\u00f6gkvalitativa tr\u00e4leksaker f\u00f6r barn som inte bara \u00e4r robusta utan ocks\u00e5 s\u00e4kra. Vi f\u00f6rmedlar kunskap, erfarenhet, passion och engagemang i v\u00e5rt hus fr\u00e5n generation till generation. Tarnawa \u00e4r inte bara ett f\u00f6retag, det \u00e4r en familj!<\/p>\n<p><img loading=\"lazy\" decoding=\"async\" class=\"alignnone size-medium wp-image-20439 entered lazyloaded\" src=\"https:\/\/i0.wp.com\/woolskins.eu\/wp-content\/uploads\/2024\/06\/IMG_1333-scaled-Klein.jpg?resize=225%2C300&amp;ssl=1\" sizes=\"auto, (max-width: 225px) 100vw, 225px\" srcset=\"https:\/\/i0.wp.com\/woolskins.eu\/wp-content\/uploads\/2024\/06\/IMG_1333-scaled-Klein.jpg?resize=225%2C300&amp;ssl=1 225w, https:\/\/i0.wp.com\/woolskins.eu\/wp-content\/uploads\/2024\/06\/IMG_1333-scaled-Klein.jpg?resize=9%2C12&amp;ssl=1 9w, https:\/\/i0.wp.com\/woolskins.eu\/wp-content\/uploads\/2024\/06\/IMG_1333-scaled-Klein.jpg?resize=64%2C85&amp;ssl=1 64w, https:\/\/i0.wp.com\/woolskins.eu\/wp-content\/uploads\/2024\/06\/IMG_1333-scaled-Klein.jpg?w=480&amp;ssl=1 480w\" alt=\"Tr\u00e4 Walking anka Pushing stick Tr\u00e4leksak Ullskinn Tarnawa\" width=\"225\" height=\"300\" data-lazy-srcset=\"https:\/\/i0.wp.com\/woolskins.eu\/wp-content\/uploads\/2024\/06\/IMG_1333-scaled-Klein.jpg?resize=225%2C300&amp;ssl=1 225w, https:\/\/i0.wp.com\/woolskins.eu\/wp-content\/uploads\/2024\/06\/IMG_1333-scaled-Klein.jpg?resize=9%2C12&amp;ssl=1 9w, https:\/\/i0.wp.com\/woolskins.eu\/wp-content\/uploads\/2024\/06\/IMG_1333-scaled-Klein.jpg?resize=64%2C85&amp;ssl=1 64w, https:\/\/i0.wp.com\/woolskins.eu\/wp-content\/uploads\/2024\/06\/IMG_1333-scaled-Klein.jpg?w=480&amp;ssl=1 480w\" data-lazy-sizes=\"(max-width: 225px) 100vw, 225px\" data-recalc-dims=\"1\" data-lazy-src=\"https:\/\/i0.wp.com\/woolskins.eu\/wp-content\/uploads\/2024\/06\/IMG_1333-scaled-Klein.jpg?resize=225%2C300&amp;ssl=1\" data-ll-status=\"loaded\" \/><\/p>\n<p><strong>H\u00f6gkvalitativa leksaker f\u00f6r dina och v\u00e5ra barn!<br \/>\n<\/strong><br \/>\nVi tror att du som f\u00f6r\u00e4lder vill att leksakerna du ger ditt barn ska vara vackra, noggrant gjorda, h\u00e5llbara och s\u00e4kra. Vi ser till att v\u00e5ra tr\u00e4produkter, tack vare deras funktionalitet, men ocks\u00e5 estetik och precision i finishen, tj\u00e4nar ditt barn s\u00e5 l\u00e4nge och s\u00e5 bra som m\u00f6jligt. Vi g\u00f6r dem f\u00f6r hand, med h\u00e4nsyn till de minsta detaljerna. Tarnawas tr\u00e4leksaker \u00e4r inte massproducerade, de \u00e4r sm\u00e5 konstverk.<\/p>\n<p><strong>Vi skapar med tiden!<br \/>\n<\/strong><br \/>\nV\u00e4rlden utvecklas st\u00e4ndigt, precis som ditt barn och du. Utveckling \u00e4r grunden f\u00f6r tillvaron. \u00c5r av erfarenhet har l\u00e4rt oss att vi inte ska st\u00e5 stilla och det \u00e4r d\u00e4rf\u00f6r vi hela tiden f\u00f6rs\u00f6ker g\u00f6ra n\u00e5got nytt. Som tillverkare av tr\u00e4leksaker kombinerar vi passionen f\u00f6r traditionella leksakstillverkningstekniker med ett modernt utseende. Vi n\u00e5r dig, k\u00e4ra f\u00f6r\u00e4lder, tack vare moderna medier, som g\u00f6r det l\u00e4ttare f\u00f6r dig och ditt barn att komma \u00e5t v\u00e5ra naturprodukter.<\/p>\n<p>&nbsp;<\/p>\n<p><img loading=\"lazy\" decoding=\"async\" class=\"size-full wp-image-20440 aligncenter entered lazyloaded\" src=\"https:\/\/i0.wp.com\/woolskins.eu\/wp-content\/uploads\/2024\/06\/Logo.black_-300x263-1.png?resize=300%2C263&amp;ssl=1\" sizes=\"auto, (max-width: 300px) 100vw, 300px\" srcset=\"https:\/\/i0.wp.com\/woolskins.eu\/wp-content\/uploads\/2024\/06\/Logo.black_-300x263-1.png?w=300&amp;ssl=1 300w, https:\/\/i0.wp.com\/woolskins.eu\/wp-content\/uploads\/2024\/06\/Logo.black_-300x263-1.png?resize=14%2C12&amp;ssl=1 14w, https:\/\/i0.wp.com\/woolskins.eu\/wp-content\/uploads\/2024\/06\/Logo.black_-300x263-1.png?resize=64%2C56&amp;ssl=1 64w\" alt=\"Tr\u00e4 Walking anka Pushing stick Tr\u00e4leksak Ullskinn Tarnawa\" width=\"300\" height=\"263\" data-lazy-srcset=\"https:\/\/i0.wp.com\/woolskins.eu\/wp-content\/uploads\/2024\/06\/Logo.black_-300x263-1.png?w=300&amp;ssl=1 300w, https:\/\/i0.wp.com\/woolskins.eu\/wp-content\/uploads\/2024\/06\/Logo.black_-300x263-1.png?resize=14%2C12&amp;ssl=1 14w, https:\/\/i0.wp.com\/woolskins.eu\/wp-content\/uploads\/2024\/06\/Logo.black_-300x263-1.png?resize=64%2C56&amp;ssl=1 64w\" data-lazy-sizes=\"(max-width: 300px) 100vw, 300px\" data-recalc-dims=\"1\" data-lazy-src=\"https:\/\/i0.wp.com\/woolskins.eu\/wp-content\/uploads\/2024\/06\/Logo.black_-300x263-1.png?resize=300%2C263&amp;ssl=1\" data-ll-status=\"loaded\" \/><\/p>","protected":false},"excerpt":{"rendered":"<p>Ha en rolig stund med ditt barn n\u00e4r ni spelar detta stapelspel med tr\u00e4torn fr\u00e5n Tarnawa! Detta stapelspel med tr\u00e4torn hj\u00e4lper ditt barn att t\u00e4nka logiskt och \u00e4ven utveckla sina kognitiva f\u00e4rdigheter och hand-\u00f6ga-koordination. Du kan anv\u00e4nda det h\u00e4r stapeltornet p\u00e5 olika s\u00e4tt. Sm\u00e5barn kan bygga tornet runt stativet och \u00e4ldre barn kan ocks\u00e5 prova att stapla skivorna utan stativet. Basen och blocken har en sl\u00e4t yta, \u00e4r fria fr\u00e5n vassa kanter och \u00e4r lackerade med en non-stick-lack, vilket g\u00f6r dem s\u00e4kra f\u00f6r barn att leka med.<\/p>\n<p><strong>M\u00e4rke: Tarnawa<\/strong><br \/>\n<strong>Produktion: Polen<\/strong><\/p>","protected":false},"featured_media":20815,"comment_status":"open","ping_status":"closed","template":"","meta":{"_acf_changed":false},"product_brand":[],"product_cat":[504,505],"product_tag":[],"class_list":{"0":"post-20802","1":"product","2":"type-product","3":"status-publish","4":"has-post-thumbnail","6":"product_cat-houten-speelgoed","7":"product_cat-tarnawa","9":"first","10":"outofstock","11":"taxable","12":"shipping-taxable","13":"purchasable","14":"product-type-simple"},"acf":[],"_links":{"self":[{"href":"https:\/\/woolskins.eu\/sv\/wp-json\/wp\/v2\/product\/20802","targetHints":{"allow":["GET"]}}],"collection":[{"href":"https:\/\/woolskins.eu\/sv\/wp-json\/wp\/v2\/product"}],"about":[{"href":"https:\/\/woolskins.eu\/sv\/wp-json\/wp\/v2\/types\/product"}],"replies":[{"embeddable":true,"href":"https:\/\/woolskins.eu\/sv\/wp-json\/wp\/v2\/comments?post=20802"}],"wp:featuredmedia":[{"embeddable":true,"href":"https:\/\/woolskins.eu\/sv\/wp-json\/wp\/v2\/media\/20815"}],"wp:attachment":[{"href":"https:\/\/woolskins.eu\/sv\/wp-json\/wp\/v2\/media?parent=20802"}],"wp:term":[{"taxonomy":"product_brand","embeddable":true,"href":"https:\/\/woolskins.eu\/sv\/wp-json\/wp\/v2\/product_brand?post=20802"},{"taxonomy":"product_cat","embeddable":true,"href":"https:\/\/woolskins.eu\/sv\/wp-json\/wp\/v2\/product_cat?post=20802"},{"taxonomy":"product_tag","embeddable":true,"href":"https:\/\/woolskins.eu\/sv\/wp-json\/wp\/v2\/product_tag?post=20802"}],"curies":[{"name":"wp","href":"https:\/\/api.w.org\/{rel}","templated":true}]}}