{"id":20432,"date":"2024-06-27T10:30:45","date_gmt":"2024-06-27T10:30:45","guid":{"rendered":"https:\/\/woolskins.eu\/?post_type=product&#038;p=20432"},"modified":"2025-04-19T08:32:54","modified_gmt":"2025-04-19T08:32:54","slug":"anka-av-tra-knuffpinne-promenadkapp","status":"publish","type":"product","link":"https:\/\/woolskins.eu\/sv\/houten-eend-duwstok-loopstok\/","title":{"rendered":"Wooden Duck Push Stick \u2013 Walking Stick"},"content":{"rendered":"<p data-sourcepos=\"5:1-5:42\"><strong>Varf\u00f6r v\u00e4ljer du en tryckpinne i tr\u00e4?<\/strong><\/p>\n<ul data-sourcepos=\"7:1-7:44\">\n<li data-sourcepos=\"7:1-7:44\"><strong>Stimulerar motorisk utveckling:<\/strong> Genom att trycka eller dra i tryckpinnen \u00f6var ditt barn sin grovmotorik och koordination.<\/li>\n<li data-sourcepos=\"8:1-8:13\"><strong>F\u00f6rb\u00e4ttrar balansen:<\/strong> Att g\u00e5 med pushsticken hj\u00e4lper ditt barn att utveckla sin balans och l\u00e4ra sig att st\u00e5 stadigt p\u00e5 f\u00f6tterna.<\/li>\n<li data-sourcepos=\"9:1-9:129\"><strong>Uppmuntrar fantasifull lek:<\/strong> Push-stickan kan anv\u00e4ndas som ett djur, bil eller vad ditt barns fantasi kan komma p\u00e5.<\/li>\n<li data-sourcepos=\"10:1-10:134\"><strong>Tillverkad av h\u00e5llbara material:<\/strong> Tryckstaven \u00e4r gjord av h\u00f6gkvalitativt FSC\u00ae-tr\u00e4, vilket g\u00f6r den h\u00e5llbar och h\u00e5llbar.<\/li>\n<li data-sourcepos=\"11:1-11:112\"><strong>S\u00e4kert f\u00f6r barn:<\/strong> Tryckpinnen \u00e4r avslutad med en s\u00e4ker, giftfri f\u00e4rg och har en sl\u00e4t finish, fri fr\u00e5n vassa kanter, vilket g\u00f6r den s\u00e4ker f\u00f6r barn att leka med.<\/li>\n<\/ul>\n<p data-sourcepos=\"13:1-13:40\"><strong>Den h\u00e4r tryckstickan i tr\u00e4 \u00e4r perfekt f\u00f6r:<\/strong><\/p>\n<ul data-sourcepos=\"15:1-18:0\">\n<li data-sourcepos=\"15:1-15:25\">Sm\u00e5barn som l\u00e4r sig g\u00e5<\/li>\n<li data-sourcepos=\"16:1-16:44\">Barn som vill anv\u00e4nda sin fantasi<\/li>\n<li data-sourcepos=\"17:1-18:0\">F\u00f6r\u00e4ldrar som letar efter h\u00e5llbara och pedagogiska leksaker<\/li>\n<\/ul>\n<p data-sourcepos=\"19:1-19:18\"><strong>Specifikationer:<\/strong><\/p>\n<ul data-sourcepos=\"21:1-24:0\">\n<li data-sourcepos=\"21:1-21:17\">Material: Tr\u00e4 med FSC\u00ae kvalitetsm\u00e4rke<\/li>\n<li data-sourcepos=\"22:1-22:35\">M\u00e5tt: 18 x 15,5 x 64 cm<\/li>\n<li data-sourcepos=\"23:1-24:0\">\u00c5lder: Sm\u00e5barn<\/li>\n<\/ul>\n<p data-sourcepos=\"25:1-25:118\"><strong>F\u00f6rvandla lektid till inl\u00e4rningstid med den h\u00e4r tryckpinnen i tr\u00e4! Best\u00e4ll den idag och l\u00e5t ditt barn uppleva det roliga!<\/strong><\/p>\n<p data-sourcepos=\"32:1-32:9\"><strong>Tips:<\/strong><\/p>\n<ul data-sourcepos=\"34:1-37:0\">\n<li data-sourcepos=\"34:1-34:65\">L\u00e5t ditt barn anv\u00e4nda tryckpinnen inomhus eller utomhus.<\/li>\n<li data-sourcepos=\"35:1-35:70\">Lek tillsammans med ditt barn och hitta p\u00e5 roliga lekar med tryckpinnen.<\/li>\n<\/ul>\n<p data-sourcepos=\"38:1-38:17\"><strong>Med den h\u00e4r tryckstickan i tr\u00e4 fr\u00e5n Tarnawa \u00e4r du garanterad kul f\u00f6r de minsta.<\/strong><\/p>\n<p data-sourcepos=\"38:1-38:17\"><strong>Om Tarnawa<\/strong><\/p>\n<p><strong>Lita p\u00e5 familjetradition!<\/strong><\/p>\n<p>Vi vet hur man g\u00f6r alla barn lyckliga fr\u00e5n en tidig \u00e5lder. Vi vet att dess utveckling och s\u00e4kerhet \u00e4r lika viktigt som roligt. Mer \u00e4n 80 \u00e5rs arbete med att tillverka leksaker och f\u00f6rem\u00e5l av tr\u00e4 har l\u00e4rt oss detta. Vi erbjuder v\u00e5ra kunder h\u00f6gkvalitativa tr\u00e4leksaker f\u00f6r barn som inte bara \u00e4r robusta utan ocks\u00e5 s\u00e4kra. Vi f\u00f6rmedlar kunskap, erfarenhet, passion och engagemang i v\u00e5rt hus fr\u00e5n generation till generation. Tarnawa \u00e4r inte bara ett f\u00f6retag, det \u00e4r en familj!<\/p>\n<p><img loading=\"lazy\" decoding=\"async\" class=\"alignnone size-medium wp-image-20439\" src=\"https:\/\/woolskins.eu\/wp-content\/uploads\/2024\/06\/IMG_1333-scaled-Klein-225x300.jpg\" alt=\"Tr\u00e4 Walking anka Pushing stick Tr\u00e4leksak Ullskinn Tarnawa\" width=\"225\" height=\"300\" srcset=\"https:\/\/woolskins.eu\/wp-content\/uploads\/2024\/06\/IMG_1333-scaled-Klein-225x300.jpg 225w, https:\/\/woolskins.eu\/wp-content\/uploads\/2024\/06\/IMG_1333-scaled-Klein-64x85.jpg 64w, https:\/\/woolskins.eu\/wp-content\/uploads\/2024\/06\/IMG_1333-scaled-Klein-9x12.jpg 9w, https:\/\/woolskins.eu\/wp-content\/uploads\/2024\/06\/IMG_1333-scaled-Klein.jpg 480w\" sizes=\"auto, (max-width: 225px) 100vw, 225px\" \/><\/p>\n<p><strong>H\u00f6gkvalitativa leksaker f\u00f6r dina och v\u00e5ra barn!<br \/>\n<\/strong><br \/>\nVi tror att du som f\u00f6r\u00e4lder vill att leksakerna du ger ditt barn ska vara vackra, noggrant gjorda, h\u00e5llbara och s\u00e4kra. Vi ser till att v\u00e5ra tr\u00e4produkter, tack vare deras funktionalitet, men ocks\u00e5 estetik och precision i finishen, tj\u00e4nar ditt barn s\u00e5 l\u00e4nge och s\u00e5 bra som m\u00f6jligt. Vi g\u00f6r dem f\u00f6r hand, med h\u00e4nsyn till de minsta detaljerna. Tarnawas tr\u00e4leksaker \u00e4r inte massproducerade, de \u00e4r sm\u00e5 konstverk.<\/p>\n<p><strong>Vi skapar med tiden!<br \/>\n<\/strong><br \/>\nV\u00e4rlden utvecklas st\u00e4ndigt, precis som ditt barn och du. Utveckling \u00e4r grunden f\u00f6r tillvaron. \u00c5r av erfarenhet har l\u00e4rt oss att vi inte ska st\u00e5 stilla och det \u00e4r d\u00e4rf\u00f6r vi hela tiden f\u00f6rs\u00f6ker g\u00f6ra n\u00e5got nytt. Som tillverkare av tr\u00e4leksaker kombinerar vi passionen f\u00f6r traditionella leksakstillverkningstekniker med ett modernt utseende. Vi n\u00e5r dig, k\u00e4ra f\u00f6r\u00e4lder, tack vare moderna medier, som g\u00f6r det l\u00e4ttare f\u00f6r dig och ditt barn att komma \u00e5t v\u00e5ra naturprodukter.<\/p>\n<p>&nbsp;<\/p>\n<p><img loading=\"lazy\" decoding=\"async\" class=\"size-full wp-image-20440 aligncenter\" src=\"https:\/\/woolskins.eu\/wp-content\/uploads\/2024\/06\/Logo.black_-300x263-1.png\" alt=\"Tr\u00e4 Walking anka Pushing stick Tr\u00e4leksak Ullskinn Tarnawa\" width=\"300\" height=\"263\" srcset=\"https:\/\/woolskins.eu\/wp-content\/uploads\/2024\/06\/Logo.black_-300x263-1.png 300w, https:\/\/woolskins.eu\/wp-content\/uploads\/2024\/06\/Logo.black_-300x263-1-64x56.png 64w, https:\/\/woolskins.eu\/wp-content\/uploads\/2024\/06\/Logo.black_-300x263-1-14x12.png 14w\" sizes=\"auto, (max-width: 300px) 100vw, 300px\" \/><\/p>","protected":false},"excerpt":{"rendered":"<p data-sourcepos=\"1:1-1:55\"><strong>Wooden Duck Push Stick \u2013 Walking Stick\u00a0<\/strong><\/p>\n<p data-sourcepos=\"3:1-3:54\">Letar du efter roliga och l\u00e4rorika leksaker till ditt barn? D\u00e5 \u00e4r den h\u00e4r tryckstickan i tr\u00e4 det perfekta valet! Tillverkad av h\u00f6gkvalitativt FSC\u00ae-godk\u00e4nt tr\u00e4, ger denna pinne timmar av n\u00f6je samtidigt som den stimulerar ditt barns motoriska utveckling. Tryckpinnen \u00e4r avslutad med en s\u00e4ker, giftfri f\u00e4rg och har en sl\u00e4t finish, fri fr\u00e5n vassa kanter, vilket g\u00f6r den s\u00e4ker f\u00f6r barn att leka med.<\/p>\n<p><strong>M\u00e4rke: Tarnawa<\/strong><br \/>\n<strong>Produktion: Polen<\/strong><\/p>\n<p data-sourcepos=\"38:1-38:17\">","protected":false},"featured_media":20437,"comment_status":"open","ping_status":"closed","template":"","meta":{"_acf_changed":false},"product_brand":[],"product_cat":[504,505],"product_tag":[],"class_list":{"0":"post-20432","1":"product","2":"type-product","3":"status-publish","4":"has-post-thumbnail","6":"product_cat-houten-speelgoed","7":"product_cat-tarnawa","9":"first","10":"outofstock","11":"taxable","12":"shipping-taxable","13":"purchasable","14":"product-type-simple"},"acf":[],"_links":{"self":[{"href":"https:\/\/woolskins.eu\/sv\/wp-json\/wp\/v2\/product\/20432","targetHints":{"allow":["GET"]}}],"collection":[{"href":"https:\/\/woolskins.eu\/sv\/wp-json\/wp\/v2\/product"}],"about":[{"href":"https:\/\/woolskins.eu\/sv\/wp-json\/wp\/v2\/types\/product"}],"replies":[{"embeddable":true,"href":"https:\/\/woolskins.eu\/sv\/wp-json\/wp\/v2\/comments?post=20432"}],"wp:featuredmedia":[{"embeddable":true,"href":"https:\/\/woolskins.eu\/sv\/wp-json\/wp\/v2\/media\/20437"}],"wp:attachment":[{"href":"https:\/\/woolskins.eu\/sv\/wp-json\/wp\/v2\/media?parent=20432"}],"wp:term":[{"taxonomy":"product_brand","embeddable":true,"href":"https:\/\/woolskins.eu\/sv\/wp-json\/wp\/v2\/product_brand?post=20432"},{"taxonomy":"product_cat","embeddable":true,"href":"https:\/\/woolskins.eu\/sv\/wp-json\/wp\/v2\/product_cat?post=20432"},{"taxonomy":"product_tag","embeddable":true,"href":"https:\/\/woolskins.eu\/sv\/wp-json\/wp\/v2\/product_tag?post=20432"}],"curies":[{"name":"wp","href":"https:\/\/api.w.org\/{rel}","templated":true}]}}