{"id":20275,"date":"2024-06-04T13:52:13","date_gmt":"2024-06-04T13:52:13","guid":{"rendered":"https:\/\/woolskins.eu\/?post_type=product&#038;p=20275"},"modified":"2026-02-12T09:57:26","modified_gmt":"2026-02-12T09:57:26","slug":"ull-akpase-0-3-ar-zaffiro-igrow-4-0-zwar-beige","status":"publish","type":"product","link":"https:\/\/woolskins.eu\/sv\/wollen-voetenzak-0-3-jaar-zaffiro-igrow-4-0-zwar-beige\/","title":{"rendered":"\u00c5kp\u00e5se i ull (0-3 \u00e5r) \u2013 Zaffiro iGrow 4.0 | Svart melerad\/beige"},"content":{"rendered":"<p>iGrow 4.0 \u00e4r en f\u00f6rb\u00e4ttrad version av v\u00e5r stors\u00e4ljare och finns p\u00e5 Woolskins i 4 f\u00e4rger. Denna fotp\u00e5se \u00e4r gjord av h\u00f6gkvalitativ naturlig premiumull som v\u00e4xer med ditt barn upp till 3 \u00e5r tack vare tv\u00e5 l\u00e4ngdjusteringsm\u00f6jligheter. Tack vare anv\u00e4ndningen av l\u00e4ngsg\u00e5ende h\u00e5l f\u00f6r s\u00e4kerhetsb\u00e4lten passar den till modeller med 5- och 3-punkts b\u00e4ltesinstallationssystem samt modeller med p\u00e5satta selar som h\u00e5ller barnet. Den nedre f\u00f6rl\u00e4ngda delen av iGrow 4.0-modellen har en speciell skyddande W\/R-bel\u00e4ggning som g\u00f6r att \u00e4ldre barn kan \u00e5ka med skor.<\/p>\n<p>Denna Zaffiro fotp\u00e5se \u00e4r lyxig, varm och bekv\u00e4m! Det speciella yttre lagret \u00e4r vatten- och vindt\u00e4tt, s\u00e5 att ditt barn alltid \u00e4r skyddat mot kylan. Tv\u00e5 lager ullfleece har anv\u00e4nts p\u00e5 insidan f\u00f6r extra v\u00e4rme och komfort.<\/p>\n<p>Fotp\u00e5sen kan justeras i l\u00e4ngd, detta \u00e4r m\u00f6jligt genom att dragkedjan lossas p\u00e5 underdelen. Detta beror p\u00e5 din lillas \u00e5lder och behov. Fotp\u00e5sen har en dragsko i kragen, vilket g\u00f6r den l\u00e4tt att anpassa till formen p\u00e5 din lillas huvud.<\/p>\n<p>N\u00e4r bottendelen \u00e4r uppl\u00e5st passar den f\u00f6r reses\u00e4ng och bilbarnstolar. N\u00e4r du v\u00e4l har dragit fast den nedre delen till fots\u00e4cken \u00e4r den l\u00e4mplig f\u00f6r barnvagnar.<\/p>\n<p>Egenskaper:<\/p>\n<p>\u2013 M\u00e5tt: 84\/106 x 45 cm.<br \/>\n\u2013 Avsedd f\u00f6r barn fr\u00e5n f\u00f6dseln till minst 3 \u00e5r.<br \/>\n\u2013 Passar alla barnvagnsmodeller.<br \/>\n\u2013 Fl\u00e4ckbest\u00e4ndigt material f\u00f6r att st\u00f6ta bort smuts.<br \/>\n\u2013 Vind- och vattent\u00e4t (skyddar mot regn och sn\u00f6).<br \/>\n\u2013 Bra isolering tack vare den varma premiumf\u00e5rullen.<br \/>\n\u2013 Antiallergiskt fluffigt non-woven tyg 300g\/m2 bak i sovs\u00e4cken, och framtill p\u00e5 t\u00e4cket 450g\/m2.<br \/>\n\u2013 Den \u00f6vre delen av sovs\u00e4cken kan dras \u00e5t med dragsko f\u00f6r att bilda en varm huva.<br \/>\n\u2013 \u00d6verdraget kan h\u00f6jas f\u00f6r att skydda barnets huvud och nacke \u00e4nnu b\u00e4ttre mot vind och frost.<br \/>\n\u2013 Toppen kan dras upp helt.<br \/>\n\u2013 Glider inte l\u00e4tt ner i vagnen eller sl\u00e4den.<\/p>\n<p>Premium ull<br \/>\nSovs\u00e4cken iGrow 4.0 \u00e4r gjord av fibrer av h\u00f6gsta kvalitet berikade med ytterligare specialiserade processer, vilket skapar ett h\u00e5rskydd p\u00e5 b\u00e5da sidor av tyget. Tack vare dessa egenskaper \u00e4r ullen i v\u00e5ra sovs\u00e4ckar hygroskopisk, absorberar fukt perfekt och skyddar mot v\u00e4rmef\u00f6rlust. Ullen som anv\u00e4nds i sovs\u00e4cken iGrow 4.0 h\u00e5ller v\u00e4rmen b\u00e4ttre \u00e4n vanlig ull, tack vare tv\u00e5 lager ullfleece.<\/p>\n<p>Den naturliga, mjuka PREMIUM f\u00e5rullen som anv\u00e4nds f\u00f6r att producera sovs\u00e4cken \u00e4r perfekt f\u00f6r kalla vintrar och varmare dagar. Den s\u00e4kerst\u00e4ller \u00e4nnu b\u00e4ttre naturlig termoreglering, s\u00e5 att den effektivt skyddar barnet \u00e4ven vid h\u00e5rd frost och ser till att barnet inte \u00f6verhettas under varma dagar. F\u00e5rull har ocks\u00e5 antiallergiska egenskaper och \u00e4r resistent mot utveckling av kvalster. Den har hygieniska och sj\u00e4lvreng\u00f6rande egenskaper. Neutraliserar obehagliga lukter och smuts.<\/p>\n<p>F\u00f6rening:<br \/>\n\u00d6verdragstyg: 100% polyester; innertyg: 100% ullfleece; fyllning: 100% polyester.<\/p>","protected":false},"excerpt":{"rendered":"<p>Njut av att g\u00e5 ut med ditt barn i denna varma yllefotp\u00e5se fr\u00e5n Zaffiro. Insidan av fotp\u00e5sen \u00e4r gjord av h\u00f6gkvalitativ naturlig premiumull och v\u00e4xer med ditt barn i upp till 3 \u00e5r tack vare det extra f\u00e4stet. Fotp\u00e5sen kan justeras i l\u00e4ngd, detta \u00e4r m\u00f6jligt genom att dragkedjan lossas p\u00e5 underdelen. Tack vare de l\u00e4ngsg\u00e5ende \u00f6ppningarna f\u00f6r s\u00e4kerhetsb\u00e4lten passar den b\u00e5de 5- och 3-punkts b\u00e4ltesinstallationssystem samt modeller med f\u00e4sta remmar. Den nedre f\u00f6rl\u00e4ngda delen har en speciell skyddande vattent\u00e4t bel\u00e4ggning, s\u00e5 att st\u00f6rre barn kan passa i den med skor. Denna Zaffiro ullfotp\u00e5se \u00e4r lyxig, varm och bekv\u00e4m! Det speciella yttre lagret \u00e4r vatten- och vindt\u00e4tt, s\u00e5 att ditt barn alltid \u00e4r skyddat mot kylan. Tv\u00e5 lager ullfleece har anv\u00e4nts inuti f\u00f6r extra v\u00e4rme och komfort. Zaffiro ullfotp\u00e5sen kan anv\u00e4ndas \u00e5ret runt, men \u00e4r mest anv\u00e4ndbar vinter och h\u00f6st. Du kan r\u00e4kna med att ditt barn \u00e4r sk\u00f6nt och varmt och extremt bekv\u00e4mt i denna fotp\u00e5se fr\u00e5n Zaffiro. Nedan hittar du mer information.<\/p>\n<p><strong>M\u00e4rke: Zaffiro<\/strong><br \/>\n<strong>Produktion: Polen<br \/>\nKeur: Oeko-Tex Standard<\/strong><\/p>\n<p><img loading=\"lazy\" decoding=\"async\" class=\"alignnone wp-image-28173 entered lazyloaded\" src=\"https:\/\/woolskins.eu\/wp-content\/uploads\/2024\/05\/csm_OEKO-TEX_Logo_2022_rgb_c1aaeb5ceb-300x300.jpg\" alt=\"\" width=\"89\" height=\"89\" data-lazy-src=\"https:\/\/woolskins.eu\/wp-content\/uploads\/2024\/05\/csm_OEKO-TEX_Logo_2022_rgb_c1aaeb5ceb-300x300.jpg\" data-ll-status=\"loaded\" srcset=\"https:\/\/woolskins.eu\/wp-content\/uploads\/2024\/05\/csm_OEKO-TEX_Logo_2022_rgb_c1aaeb5ceb-300x300.jpg 300w, https:\/\/woolskins.eu\/wp-content\/uploads\/2024\/05\/csm_OEKO-TEX_Logo_2022_rgb_c1aaeb5ceb-150x150.jpg 150w, https:\/\/woolskins.eu\/wp-content\/uploads\/2024\/05\/csm_OEKO-TEX_Logo_2022_rgb_c1aaeb5ceb-768x769.jpg 768w, https:\/\/woolskins.eu\/wp-content\/uploads\/2024\/05\/csm_OEKO-TEX_Logo_2022_rgb_c1aaeb5ceb-12x12.jpg 12w, https:\/\/woolskins.eu\/wp-content\/uploads\/2024\/05\/csm_OEKO-TEX_Logo_2022_rgb_c1aaeb5ceb-600x601.jpg 600w, https:\/\/woolskins.eu\/wp-content\/uploads\/2024\/05\/csm_OEKO-TEX_Logo_2022_rgb_c1aaeb5ceb-100x100.jpg 100w, https:\/\/woolskins.eu\/wp-content\/uploads\/2024\/05\/csm_OEKO-TEX_Logo_2022_rgb_c1aaeb5ceb-64x64.jpg 64w, https:\/\/woolskins.eu\/wp-content\/uploads\/2024\/05\/csm_OEKO-TEX_Logo_2022_rgb_c1aaeb5ceb.jpg 885w\" sizes=\"auto, (max-width: 89px) 100vw, 89px\" \/><\/p>","protected":false},"featured_media":26004,"comment_status":"closed","ping_status":"closed","template":"","meta":{"_acf_changed":false},"product_brand":[],"product_cat":[352,336,502],"product_tag":[],"class_list":{"0":"post-20275","1":"product","2":"type-product","3":"status-publish","4":"has-post-thumbnail","6":"product_cat-merken","7":"product_cat-voetenzakken","8":"product_cat-zaffiro","10":"first","11":"outofstock","12":"sale","13":"taxable","14":"shipping-taxable","15":"purchasable","16":"product-type-simple"},"acf":[],"_links":{"self":[{"href":"https:\/\/woolskins.eu\/sv\/wp-json\/wp\/v2\/product\/20275","targetHints":{"allow":["GET"]}}],"collection":[{"href":"https:\/\/woolskins.eu\/sv\/wp-json\/wp\/v2\/product"}],"about":[{"href":"https:\/\/woolskins.eu\/sv\/wp-json\/wp\/v2\/types\/product"}],"replies":[{"embeddable":true,"href":"https:\/\/woolskins.eu\/sv\/wp-json\/wp\/v2\/comments?post=20275"}],"wp:featuredmedia":[{"embeddable":true,"href":"https:\/\/woolskins.eu\/sv\/wp-json\/wp\/v2\/media\/26004"}],"wp:attachment":[{"href":"https:\/\/woolskins.eu\/sv\/wp-json\/wp\/v2\/media?parent=20275"}],"wp:term":[{"taxonomy":"product_brand","embeddable":true,"href":"https:\/\/woolskins.eu\/sv\/wp-json\/wp\/v2\/product_brand?post=20275"},{"taxonomy":"product_cat","embeddable":true,"href":"https:\/\/woolskins.eu\/sv\/wp-json\/wp\/v2\/product_cat?post=20275"},{"taxonomy":"product_tag","embeddable":true,"href":"https:\/\/woolskins.eu\/sv\/wp-json\/wp\/v2\/product_tag?post=20275"}],"curies":[{"name":"wp","href":"https:\/\/api.w.org\/{rel}","templated":true}]}}