{"id":20157,"date":"2024-05-30T09:57:45","date_gmt":"2024-05-30T09:57:45","guid":{"rendered":"https:\/\/woolskins.eu\/?post_type=product&#038;p=20157"},"modified":"2026-02-10T14:02:30","modified_gmt":"2026-02-10T14:02:30","slug":"ullinsats-barnvagn-zaffiro-tovad-beige","status":"publish","type":"product","link":"https:\/\/woolskins.eu\/sv\/wollen-inleg-kinderwagen-zaffiro-felted-beige\/","title":{"rendered":"Barnvagn med ullinl\u00e4gg - Zaffiro | Filtad beige"},"content":{"rendered":"<h5>Ullinl\u00e4ggningsvagn \u2013 Zaffiro<\/h5>\n<p data-sourcepos=\"5:1-5:57\">Denna ullinsats f\u00f6r barnvagn \u00e4r gjord av 100% premiumull och erbjuder ditt barn ultimat komfort \u00e5ret runt. Den mjuka filtade ullen andas och fuktreglerar, s\u00e5 att ditt barn alltid h\u00e5ller sig bekv\u00e4mt torrt. Baksidan av inl\u00e4gget \u00e4r f\u00f6rsett med AIR-Mash s\u00e5 att luften kan forts\u00e4tta cirkulera fritt. Den nedre delen av inl\u00e4gget \u00e4r gjord av vattent\u00e4tt och smutsavvisande tyg, vilket g\u00f6r det l\u00e4tt att h\u00e5lla rent. Inl\u00e4gget \u00e4r tjockt och mjukt och ger extra st\u00f6d f\u00f6r ditt barns rygg och nacke.<\/p>\n<p data-sourcepos=\"5:1-5:57\">\u2013 M\u00e5tt: 85 x 35,5\/40,5 cm.<br \/>\n\u2013 Mjuk och behaglig premiumull.<br \/>\n\u2013 Den nedre delen \u00e4r f\u00f6rsedd med ett vattent\u00e4tt och smutsavvisande tyg.<br \/>\n\u2013 Skyddar mot svettningar, &quot;skavning&quot; och de negativa effekterna av vagnens plast p\u00e5 barnets hud.<br \/>\n\u2013 F\u00f6rb\u00e4ttrar reskomforten n\u00e4r du k\u00f6r vagnen \u00f6ver oj\u00e4mna ytor.<br \/>\n\u2013 Skyddar sitskl\u00e4dseln mot smuts.<br \/>\n\u2013 Enkel och snabb installation av insatsen.<\/p>\n<h5>Zaffiro<\/h5>\n<p>Zaffiro-f\u00f6retaget \u00e4r ett polskt familjef\u00f6retag. Sedan starten 1989 har vi specialiserat oss p\u00e5 tillverkning av baby- och barnprodukter och det mesta av det vi producerar exporteras till mer \u00e4n 40 l\u00e4nder. Vi skapade varum\u00e4rket Zaffiro f\u00f6r att marknadsf\u00f6ra produkter som st\u00f6djer f\u00f6r\u00e4ldrar som \u00e4r medvetna om vikten av intimitet och bindning med sitt barn fr\u00e5n de f\u00f6rsta timmarna efter f\u00f6dseln. Vi fr\u00e4mjar konceptet att b\u00e4ra barn &quot;hj\u00e4rtat utantill&quot; i b\u00e4rselar och b\u00e4rselar, \u00e5terinf\u00f6r, \u00e5teruppt\u00e4cker och utvecklar tidigare generationers kloka tradition med h\u00e4nsyn till samtida psykologisk forskning.<\/p>","protected":false},"excerpt":{"rendered":"<p class=\"product_title entry-title\">Njut av att g\u00e5 ut med ditt barn i denna varma barnvagnsinl\u00e4gg fr\u00e5n Zaffiro till vagnen eller barnvagnen. Denna fotp\u00e5se \u00e4r gjord av 100% premiumull (filtad) och tar omedelbart temperaturen p\u00e5 ditt barn. Den h\u00e5ller v\u00e4rmen bra utan att ditt barn svettas eftersom ull andas. Tack vare dessa unika egenskaper hos ull kommer ditt barn att ha det underbart varmt och bekv\u00e4mt. Tack vare de praktiska rem\u00f6ppningarna kan du snabbt installera denna yllefotp\u00e5se i din barnvagn eller vagn. Du kan dra \u00e5t dragskoet i kragen f\u00f6r att skydda huvudet mot v\u00e4der och vind. Denna fotp\u00e5se fr\u00e5n Zaffiro kan anv\u00e4ndas \u00e5ret runt, men \u00e4r mest anv\u00e4ndbar p\u00e5 v\u00e5r, vinter och h\u00f6st.<\/p>\n<div class=\"woocommerce-product-details__short-description\">\n<p><strong>M\u00e4rke: Zaffiro<\/strong><br \/>\n<strong>Produktion: Polen<br \/>\nKeur: Oeko-Tex Standard<\/strong><\/p>\n<p><img loading=\"lazy\" decoding=\"async\" class=\"alignnone wp-image-28173 entered lazyloaded\" src=\"https:\/\/woolskins.eu\/wp-content\/uploads\/2024\/05\/csm_OEKO-TEX_Logo_2022_rgb_c1aaeb5ceb-300x300.jpg\" alt=\"\" width=\"89\" height=\"89\" data-lazy-src=\"https:\/\/woolskins.eu\/wp-content\/uploads\/2024\/05\/csm_OEKO-TEX_Logo_2022_rgb_c1aaeb5ceb-300x300.jpg\" data-ll-status=\"loaded\" srcset=\"https:\/\/woolskins.eu\/wp-content\/uploads\/2024\/05\/csm_OEKO-TEX_Logo_2022_rgb_c1aaeb5ceb-300x300.jpg 300w, https:\/\/woolskins.eu\/wp-content\/uploads\/2024\/05\/csm_OEKO-TEX_Logo_2022_rgb_c1aaeb5ceb-150x150.jpg 150w, https:\/\/woolskins.eu\/wp-content\/uploads\/2024\/05\/csm_OEKO-TEX_Logo_2022_rgb_c1aaeb5ceb-768x769.jpg 768w, https:\/\/woolskins.eu\/wp-content\/uploads\/2024\/05\/csm_OEKO-TEX_Logo_2022_rgb_c1aaeb5ceb-12x12.jpg 12w, https:\/\/woolskins.eu\/wp-content\/uploads\/2024\/05\/csm_OEKO-TEX_Logo_2022_rgb_c1aaeb5ceb-600x601.jpg 600w, https:\/\/woolskins.eu\/wp-content\/uploads\/2024\/05\/csm_OEKO-TEX_Logo_2022_rgb_c1aaeb5ceb-100x100.jpg 100w, https:\/\/woolskins.eu\/wp-content\/uploads\/2024\/05\/csm_OEKO-TEX_Logo_2022_rgb_c1aaeb5ceb-64x64.jpg 64w, https:\/\/woolskins.eu\/wp-content\/uploads\/2024\/05\/csm_OEKO-TEX_Logo_2022_rgb_c1aaeb5ceb.jpg 885w\" sizes=\"auto, (max-width: 89px) 100vw, 89px\" \/><\/p>\n<p>&nbsp;<\/p>\n<\/div>","protected":false},"featured_media":20161,"comment_status":"open","ping_status":"closed","template":"","meta":{"_acf_changed":false},"product_brand":[],"product_cat":[502,336],"product_tag":[],"class_list":{"0":"post-20157","1":"product","2":"type-product","3":"status-publish","4":"has-post-thumbnail","6":"product_cat-zaffiro","7":"product_cat-voetenzakken","9":"first","10":"outofstock","11":"sale","12":"taxable","13":"shipping-taxable","14":"purchasable","15":"product-type-simple"},"acf":[],"_links":{"self":[{"href":"https:\/\/woolskins.eu\/sv\/wp-json\/wp\/v2\/product\/20157","targetHints":{"allow":["GET"]}}],"collection":[{"href":"https:\/\/woolskins.eu\/sv\/wp-json\/wp\/v2\/product"}],"about":[{"href":"https:\/\/woolskins.eu\/sv\/wp-json\/wp\/v2\/types\/product"}],"replies":[{"embeddable":true,"href":"https:\/\/woolskins.eu\/sv\/wp-json\/wp\/v2\/comments?post=20157"}],"wp:featuredmedia":[{"embeddable":true,"href":"https:\/\/woolskins.eu\/sv\/wp-json\/wp\/v2\/media\/20161"}],"wp:attachment":[{"href":"https:\/\/woolskins.eu\/sv\/wp-json\/wp\/v2\/media?parent=20157"}],"wp:term":[{"taxonomy":"product_brand","embeddable":true,"href":"https:\/\/woolskins.eu\/sv\/wp-json\/wp\/v2\/product_brand?post=20157"},{"taxonomy":"product_cat","embeddable":true,"href":"https:\/\/woolskins.eu\/sv\/wp-json\/wp\/v2\/product_cat?post=20157"},{"taxonomy":"product_tag","embeddable":true,"href":"https:\/\/woolskins.eu\/sv\/wp-json\/wp\/v2\/product_tag?post=20157"}],"curies":[{"name":"wp","href":"https:\/\/api.w.org\/{rel}","templated":true}]}}