{"id":20017,"date":"2024-05-24T13:12:51","date_gmt":"2024-05-24T13:12:51","guid":{"rendered":"https:\/\/woolskins.eu\/?post_type=product&#038;p=20017"},"modified":"2026-03-31T12:40:12","modified_gmt":"2026-03-31T12:40:12","slug":"a-basic-brand-babydrakt-marinbla","status":"publish","type":"product","link":"https:\/\/woolskins.eu\/sv\/a-basic-brand-babypak-navy\/","title":{"rendered":"A Basic Brand \u2013 babykostym | Marin"},"content":{"rendered":"<p>Den ultimata babykostymen med fotfot hela dagen och hela natten. Tillverkad av en ultramjuk tunn bomullsfleece, med en otroligt mjuk touch \u2013 det mjukaste m\u00f6jliga tyget f\u00f6r ditt barns k\u00e4nsliga hud. \u00d6ppnas helt med sm\u00e5 tryckknappar f\u00f6r snabb och enkel \u00e5tkomst. Den enklaste designen i grundf\u00e4rger.<\/p>\n<p>97% bomull 3% elastan. STANDARD 100 fr\u00e5n OEKO-TEX\u00ae<\/p>\n<p>Storlekar:<\/p>\n<p>inners\u00f6m cm \/ total l\u00e4ngd cm \/ \u00e4rml\u00e4ngd cm<\/p>\n<p>0m \u2013 16\/41\/17<br \/>\n3m \u2013 19\/48\/19<br \/>\n6m \u2013 22\/55\/21<br \/>\n9m \u2013 25\/62\/23<\/p>\n<h5>Ett babym\u00e4rke<\/h5>\n<p>Uppt\u00e4ck en verkligt minimalistisk garderob full av praktiska v\u00e4sentligheter. Mixa och matcha v\u00e5ra unisex-modeller och f\u00e4rger. Ingen logotyp, inget tryck, inget kr\u00e5ngel.<\/p>\n<p>V\u00e5rt uppdrag \u00e4r att g\u00f6ra ditt liv enklare, s\u00e5 en av huvudid\u00e9erna bakom v\u00e5r filosofi \u00e4r \u00d6VNING. Vi bryr oss ocks\u00e5 djupt om v\u00e5r planet och \u00f6nskar att alla skulle leva ett mer minimalistiskt liv och d\u00e4rf\u00f6r anv\u00e4nda mindre kl\u00e4der (#KOSUMEVIS).<\/p>\n<p>Det \u00e4r d\u00e4rf\u00f6r kvaliteten p\u00e5 v\u00e5ra produkter \u00e4r h\u00f6gsta m\u00f6jliga. Du kan anv\u00e4nda dem i flera \u00e5r och ge dem vidare n\u00e4r du \u00e4r klar. Vi anv\u00e4nder topptyger med b\u00e5de GOTS Organic Cotton Certificate &amp; STANDARD 100 fr\u00e5n OEKO-TEX\u00ae. Alla v\u00e5ra produkter kan tv\u00e4ttas i maskin och torktumlas s\u00e5 ofta du vill. Du kommer att uppt\u00e4cka att v\u00e5r bomullsfleece inte ens beh\u00f6ver strykas f\u00f6r att se snygg ut.<\/p>","protected":false},"excerpt":{"rendered":"<p>Den ultimata babykostymen med fotfot hela dagen och hela natten. Tillverkad av en ultramjuk tunn bomullsfleece, med en otroligt mjuk touch \u2013 det mjukaste m\u00f6jliga tyget f\u00f6r ditt barns k\u00e4nsliga hud.<\/p>","protected":false},"featured_media":20021,"comment_status":"closed","ping_status":"closed","template":"","meta":{"_acf_changed":false},"product_brand":[],"product_cat":[335,361,360,363,529,534],"product_tag":[],"class_list":{"0":"post-20017","1":"product","2":"type-product","3":"status-publish","4":"has-post-thumbnail","6":"product_cat-a_baby_brand","7":"product_cat-babyshower","8":"product_cat-cadeautips","9":"product_cat-cadeaus-e25-e50","10":"product_cat-katoenen-babykleertjes","11":"product_cat-katoenen-babypak","12":"pa_maat-0-maanden","13":"pa_maat-3-maanden","14":"pa_maat-6-maanden","16":"first","17":"instock","18":"taxable","19":"shipping-taxable","20":"purchasable","21":"product-type-variable"},"acf":[],"_links":{"self":[{"href":"https:\/\/woolskins.eu\/sv\/wp-json\/wp\/v2\/product\/20017","targetHints":{"allow":["GET"]}}],"collection":[{"href":"https:\/\/woolskins.eu\/sv\/wp-json\/wp\/v2\/product"}],"about":[{"href":"https:\/\/woolskins.eu\/sv\/wp-json\/wp\/v2\/types\/product"}],"replies":[{"embeddable":true,"href":"https:\/\/woolskins.eu\/sv\/wp-json\/wp\/v2\/comments?post=20017"}],"wp:featuredmedia":[{"embeddable":true,"href":"https:\/\/woolskins.eu\/sv\/wp-json\/wp\/v2\/media\/20021"}],"wp:attachment":[{"href":"https:\/\/woolskins.eu\/sv\/wp-json\/wp\/v2\/media?parent=20017"}],"wp:term":[{"taxonomy":"product_brand","embeddable":true,"href":"https:\/\/woolskins.eu\/sv\/wp-json\/wp\/v2\/product_brand?post=20017"},{"taxonomy":"product_cat","embeddable":true,"href":"https:\/\/woolskins.eu\/sv\/wp-json\/wp\/v2\/product_cat?post=20017"},{"taxonomy":"product_tag","embeddable":true,"href":"https:\/\/woolskins.eu\/sv\/wp-json\/wp\/v2\/product_tag?post=20017"}],"curies":[{"name":"wp","href":"https:\/\/api.w.org\/{rel}","templated":true}]}}