{"id":19410,"date":"2024-02-29T13:30:42","date_gmt":"2024-02-29T13:30:42","guid":{"rendered":"https:\/\/woolskins.eu\/?post_type=product&#038;p=19410"},"modified":"2026-05-12T11:28:12","modified_gmt":"2026-05-12T11:28:12","slug":"farskinnsmadrass-for-liggdel-och-samsovdel","status":"publish","type":"product","link":"https:\/\/woolskins.eu\/sv\/schapenvacht-matrasje-voor-reiswieg-en-co-sleeper\/","title":{"rendered":"Madrass av f\u00e5rskinn f\u00f6r liggdel och sovvagn"},"content":{"rendered":"<p>Woolskins Baby-Care f\u00e5rskinnsmadrass har en kortare p\u00e4ls, vilket g\u00f6r dem babys\u00e4kra. De \u00e4r l\u00e4mpliga fr\u00e5n f\u00f6dseln och eftersom deras bearbetning tar h\u00e4nsyn till milj\u00f6n skyddar de b\u00e5de de sm\u00e5 och planeten. Hemma eller p\u00e5 v\u00e4gen skapar du en bekv\u00e4m milj\u00f6 d\u00e4r ditt barn k\u00e4nner sig glad och avslappnad. Visste du att f\u00e5rskinn ocks\u00e5 \u00e4r h\u00e4lsosamt f\u00f6r ditt barn?<\/p>\n<p>\u2013 L\u00e4ngd 40-90 cm eller 50\u00d790 cm \/ p\u00e4ls 3 cm.<br \/>\n\u2013 Medicinsk garvad.<br \/>\n\u2013 Praktiska elastiska band som kan g\u00e5 runt madrassen.<br \/>\n\u2013 Mjuk och kompakt p\u00e4ls.<br \/>\n\u2013 Maskintv\u00e4ttbar och torkbar.<br \/>\n- L\u00e4tt att underh\u00e5lla.<\/p>\n<p>Best\u00e4ll en underh\u00e5llsborste f\u00f6r att h\u00e5lla din p\u00e4ls vacker under l\u00e5ng tid och\/eller f\u00e5 din p\u00e4ls personlig med f\u00f6delsedetaljerna om ditt\/barnet. En vacker och unik present, exklusivt tillg\u00e4nglig hos Woolskins.<\/p>\n<h5 class=\"_2tV5m fggS- cell\">Egenskaper Essential p\u00e4ls<\/h5>\n<div class=\"rah-static rah-static--height-auto\" aria-hidden=\"false\">\n<div>\n<div class=\"_1yvxJ fggS- cell\">\n<div class=\"WncCi NTPd3\" data-hook=\"info-section-description\">\n<p>Detta Baby-Care f\u00e5rskinn kommer fr\u00e5n engelska f\u00e5r. Det \u00e4r en v\u00e4ldigt mjuk och kompakt p\u00e4ls och v\u00e5rt TIPS! Liksom alla v\u00e5ra andra rockar andas ullfibrer. Detta hj\u00e4lper ditt barn att h\u00e5lla en stabil temperatur och h\u00e5ller ditt barn torrt och bekv\u00e4mt. Sval p\u00e5 sommaren och varm p\u00e5 vintern.<\/p>\n<\/div>\n<\/div>\n<\/div>\n<\/div>\n<h5 class=\"Text4179662635__root Text4179662635---typography-11-runningText Text4179662635---priority-7-primary s8gg2 _2UIKs InfoSectionTitle3095652555__root\" aria-hidden=\"false\" data-hook=\"info-section-title\">Milj\u00f6v\u00e4nlig<\/h5>\n<div class=\"rah-static rah-static--height-auto\" aria-hidden=\"false\">\n<div class=\"_1yvxJ fggS- cell\">\n<div class=\"WncCi NTPd3\" data-hook=\"info-section-description\">\n<p>Alla produkter som anv\u00e4nds vid garvning och efterbehandling uppfyller v\u00e4sentliga EU-direktiv som r\u00f6r bevarande och skydd av milj\u00f6n.<\/p>\n<p>V\u00e5ra fleece \u00e4r garvade i enlighet med REACH-reglerna, som antogs f\u00f6r att f\u00f6rb\u00e4ttra skyddet av m\u00e4nniskors h\u00e4lsa och milj\u00f6n mot de risker som kemikalier kan utg\u00f6ra, samtidigt som EU:s kemiska industris konkurrenskraft \u00f6kar. Inga AZO-f\u00e4rg\u00e4mnen anv\u00e4nds i produktionen.<\/p>\n<p>EKOPRODUKTER \u2013 skinn \u00e4r milj\u00f6v\u00e4nliga skinn, deras bearbetning och behandling \u00e4r s\u00e4kra f\u00f6r vuxna och barn. Hudar \u00e4r biologiskt nedbrytbara, ekologiska.<\/p>\n<p>Woolskins s\u00e4ljer inte f\u00e5rfleece som Mulesing har applicerats p\u00e5! Mulesing anv\u00e4nds inte p\u00e5 europeiska f\u00e5r eftersom parasiten som f\u00e5r b\u00f6nder att anv\u00e4nda Mulesing inte f\u00f6rekommer i Europa.<\/p>\n<h5 class=\"Text4179662635__root Text4179662635---typography-11-runningText Text4179662635---priority-7-primary s8gg2 _2UIKs InfoSectionTitle3095652555__root\" aria-hidden=\"false\" data-hook=\"info-section-title\">Mags\u00f6mnarna... notera!<\/h5>\n<div class=\"rah-static rah-static--height-auto\" aria-hidden=\"false\">\n<div class=\"_1yvxJ fggS- cell\">\n<div class=\"WncCi NTPd3\" data-hook=\"info-section-description\">\n<p>Barn som sover p\u00e5 mage de f\u00f6rsta 12 m\u00e5naderna b\u00f6r av s\u00e4kerhetssk\u00e4l inte sova p\u00e5 n\u00e5got mjukt, eftersom det kan vara farligt. Vi rekommenderar d\u00e4rf\u00f6r att anv\u00e4nda Woolskins-kappan klokt! Var alltid uppm\u00e4rksam n\u00e4r ditt barn ligger eller sover p\u00e5 mage och se till att ditt barn alltid \u00e4r under uppsikt.<\/p>\n<\/div>\n<\/div>\n<\/div>\n<\/div>\n<\/div>\n<\/div>","protected":false},"excerpt":{"rendered":"<p>Detta Woolskins f\u00e5rskinn kan anv\u00e4ndas under alla \u00e5rstider. P\u00e4lsen \u00e4r gjord av mjuk medicinskt garvad lammull med en ullh\u00f6jd p\u00e5 3 cm. Att sova p\u00e5 ett f\u00e5rskinn \u00e4r v\u00e4ldigt lugnande och tack vare den ih\u00e5liga fibern av ull kommer ditt barn inte att svettas l\u00e4tt och kommer d\u00e4rf\u00f6r att k\u00e4nna sig extremt bekv\u00e4m. Denna madrass kan anv\u00e4ndas \u00e5ret runt och hj\u00e4lper ditt barn att h\u00e5lla en stabil temperatur. Den g\u00f6r detta &quot;dynamiskt&quot;, vilket betyder att det h\u00e4nder n\u00e4r det beh\u00f6vs och inte n\u00e4r det inte beh\u00f6vs. Varmt p\u00e5 vintern och svalt p\u00e5 sommaren. Tack vare de tv\u00e5 elastiska banden stannar madrassen p\u00e5 plats.<\/p>","protected":false},"featured_media":19417,"comment_status":"open","ping_status":"closed","template":"","meta":{"_acf_changed":false},"product_brand":[],"product_cat":[354,216,222],"product_tag":[],"class_list":{"0":"post-19410","1":"product","2":"type-product","3":"status-publish","4":"has-post-thumbnail","6":"product_cat-woolskins","7":"product_cat-schapenvacht-voor-baby","8":"product_cat-buggy-schapenvachtjes","10":"first","11":"instock","12":"taxable","13":"shipping-taxable","14":"purchasable","15":"product-type-variable"},"acf":[],"_links":{"self":[{"href":"https:\/\/woolskins.eu\/sv\/wp-json\/wp\/v2\/product\/19410","targetHints":{"allow":["GET"]}}],"collection":[{"href":"https:\/\/woolskins.eu\/sv\/wp-json\/wp\/v2\/product"}],"about":[{"href":"https:\/\/woolskins.eu\/sv\/wp-json\/wp\/v2\/types\/product"}],"replies":[{"embeddable":true,"href":"https:\/\/woolskins.eu\/sv\/wp-json\/wp\/v2\/comments?post=19410"}],"wp:featuredmedia":[{"embeddable":true,"href":"https:\/\/woolskins.eu\/sv\/wp-json\/wp\/v2\/media\/19417"}],"wp:attachment":[{"href":"https:\/\/woolskins.eu\/sv\/wp-json\/wp\/v2\/media?parent=19410"}],"wp:term":[{"taxonomy":"product_brand","embeddable":true,"href":"https:\/\/woolskins.eu\/sv\/wp-json\/wp\/v2\/product_brand?post=19410"},{"taxonomy":"product_cat","embeddable":true,"href":"https:\/\/woolskins.eu\/sv\/wp-json\/wp\/v2\/product_cat?post=19410"},{"taxonomy":"product_tag","embeddable":true,"href":"https:\/\/woolskins.eu\/sv\/wp-json\/wp\/v2\/product_tag?post=19410"}],"curies":[{"name":"wp","href":"https:\/\/api.w.org\/{rel}","templated":true}]}}