{"id":19088,"date":"2024-01-25T14:32:12","date_gmt":"2024-01-25T14:32:12","guid":{"rendered":"https:\/\/woolskins.eu\/?post_type=product&#038;p=19088"},"modified":"2026-05-10T17:43:06","modified_gmt":"2026-05-10T17:43:06","slug":"anglahjarta-morkbla-2","status":"publish","type":"product","link":"https:\/\/woolskins.eu\/sv\/angel-heart-donkerblauw-2\/","title":{"rendered":"Lucky Heart | Midnight Blue"},"content":{"rendered":"<p><strong>Om Mischa Hendriksen<\/strong><\/p>\n<p>Mischa f\u00f6ddes i en konstn\u00e4rlig familj. Han var omgiven av konst fr\u00e5n en tidig \u00e5lder. Hans pappa m\u00e5lade, hans mamma var skulpt\u00f6r och hans syster arbetade inom den grafiska branschen. Det var d\u00e4rf\u00f6r ingen \u00f6verraskning att Mischa ocks\u00e5 sj\u00e4lv skulle str\u00e4va efter en kreativ karri\u00e4r.<\/p>\n<p class=\"font_8\"><span class=\"wixGuard\">.<\/span>Han b\u00f6rjade sin karri\u00e4r som professionell dansare. Han reste \u00f6ver hela v\u00e4rlden med olika danskompanier och nj\u00f6t av dansens adrenalinet och uttryck. Men efter 14 \u00e5r best\u00e4mde han sig f\u00f6r att det var dags f\u00f6r en ny utmaning.<\/p>\n<p class=\"font_8\"><span class=\"wixGuard\">.<\/span>Mischa hamnade i den internationella konsthandeln. Han arbetade fr\u00e5n Amsterdam med gallerier och samlare \u00f6ver hela v\u00e4rlden och l\u00e4rde sig allt om konstmarknaden och sj\u00e4lva konsten. Han blev fascinerad av konstens kraft att ber\u00f6ra och inspirera m\u00e4nniskor.<\/p>\n<p class=\"font_8\"><span class=\"wixGuard\">.<\/span>Efter att ha varit verksam inom konsthandeln i 20 \u00e5r b\u00f6rjade han m\u00e5la. Han hade alltid haft en passion f\u00f6r att m\u00e5la, men aldrig haft tid f\u00f6r det. Nu n\u00e4r han hade mer tid kunde han \u00e4ntligen \u00e4gna sig helt \u00e5t sin konst.<\/p>\n<p class=\"font_8\">Hans m\u00e5lningar \u00e4r abstrakta och f\u00e4rgstarka. De utstr\u00e5lar en k\u00e4nsla av frid och lugn. Han anv\u00e4nder sin konst f\u00f6r att hj\u00e4lpa m\u00e4nniskor att fly fr\u00e5n vardagens liv och r\u00f6relse. Han vill att m\u00e4nniskor ska finna en stund av lugn och reflektion i hans m\u00e5lningar.<\/p>\n<p class=\"font_8\"><span class=\"wixGuard\">.<\/span>Mischa \u00e4r en unik konstn\u00e4r med en intressant bakgrund. Han har haft en l\u00e5ng och framg\u00e5ngsrik karri\u00e4r inom dans- och konstbranschen och fokuserar nu helt p\u00e5 sitt m\u00e5leri. Han skapar vackra, abstrakta m\u00e5lningar som utstr\u00e5lar en k\u00e4nsla av lugn och ro.<\/p>\n<p><a href=\"https:\/\/woolskins.wixstudio.io\/mijnsite-1\" target=\"_blank\" rel=\"noopener\">Se hemsidan<\/a><\/p>\n<p>&nbsp;<\/p>","protected":false},"excerpt":{"rendered":"<div id=\"\" class=\"brz-css-f1nL7 brz-wrapper\">\n<div class=\"brz-rich-text brz-rich-text__custom brz-css-bQsg8\" data-brz-custom-id=\"huusIuGBka_T\">\n<div data-brz-translate-text=\"1\">\n<div data-brz-translate-text=\"1\">\n<p>Met dit unieke Artwork Gift geef je een stukje van je hart, een tastbare uitdrukking van liefde, dankbaarheid en verbinding. Een Lucky Heart is speciaal ontworpen om momenten in het leven te markeren die er \u00e9cht toe doen, momenten die je voor altijd wilt koesteren.<\/p>\n<p>Dit kunstwerk wordt vaak gegeven ter viering van de geboorte van een kind, als symbool van bescherming, liefde en een prachtig begin. Maar een Lucky Heart is net zo waardevol wanneer het wordt gegeven aan iemand die jouw leven heeft geraakt, iemand van wie je houdt, iemand die jou heeft gesteund, of iemand die je gewoon vanuit je hart wilt bedanken.<\/p>\n<p>Elk Lucky Heart symboliseert een boodschap van liefde, bescherming en oprechte verbondenheid. Het draagt zacht de betekenis: je bent geliefd, je bent gekoesterd en je bent nooit alleen.<\/p>\n<p>Een tijdloos aandenken dat liefde en herinnering biedt, dag na dag.<\/p>\n<\/div>\n<\/div>\n<\/div>\n<\/div>\n<div id=\"\" class=\"brz-css-f1nL7 brz-wrapper\">\n<div class=\"brz-rich-text brz-rich-text__custom brz-css-bQsg8\" data-brz-custom-id=\"hdkVgQoLd3go\">\n<div data-brz-translate-text=\"1\">\n<p data-uniq-id=\"dctDn\" data-generated-css=\"brz-css-uFYkb\">Konstn\u00e4r: Mischa Hendriksen<br \/>\nStorlek: 40 x 30 cm (15,7 x 11,8 tum)<br \/>\nMedia: 3D-konst, akryl p\u00e5 duk<br \/>\nUpplaga: 10<br \/>\nPris: 150 \u20ac (inklusive ram)<\/p>\n<\/div>\n<\/div>\n<\/div>","protected":false},"featured_media":19092,"comment_status":"open","ping_status":"closed","template":"","meta":{"_acf_changed":false},"product_brand":[],"product_cat":[500,528],"product_tag":[],"class_list":{"0":"post-19088","1":"product","2":"type-product","3":"status-publish","4":"has-post-thumbnail","6":"product_cat-angel-heart","7":"product_cat-schapenvachten-voor-thuis","9":"first","10":"instock","11":"taxable","12":"shipping-taxable","13":"purchasable","14":"product-type-simple"},"acf":[],"_links":{"self":[{"href":"https:\/\/woolskins.eu\/sv\/wp-json\/wp\/v2\/product\/19088","targetHints":{"allow":["GET"]}}],"collection":[{"href":"https:\/\/woolskins.eu\/sv\/wp-json\/wp\/v2\/product"}],"about":[{"href":"https:\/\/woolskins.eu\/sv\/wp-json\/wp\/v2\/types\/product"}],"replies":[{"embeddable":true,"href":"https:\/\/woolskins.eu\/sv\/wp-json\/wp\/v2\/comments?post=19088"}],"wp:featuredmedia":[{"embeddable":true,"href":"https:\/\/woolskins.eu\/sv\/wp-json\/wp\/v2\/media\/19092"}],"wp:attachment":[{"href":"https:\/\/woolskins.eu\/sv\/wp-json\/wp\/v2\/media?parent=19088"}],"wp:term":[{"taxonomy":"product_brand","embeddable":true,"href":"https:\/\/woolskins.eu\/sv\/wp-json\/wp\/v2\/product_brand?post=19088"},{"taxonomy":"product_cat","embeddable":true,"href":"https:\/\/woolskins.eu\/sv\/wp-json\/wp\/v2\/product_cat?post=19088"},{"taxonomy":"product_tag","embeddable":true,"href":"https:\/\/woolskins.eu\/sv\/wp-json\/wp\/v2\/product_tag?post=19088"}],"curies":[{"name":"wp","href":"https:\/\/api.w.org\/{rel}","templated":true}]}}