{"id":18821,"date":"2024-01-12T12:46:36","date_gmt":"2024-01-12T12:46:36","guid":{"rendered":"https:\/\/woolskins.eu\/?post_type=product&#038;p=18821"},"modified":"2026-04-15T09:17:48","modified_gmt":"2026-04-15T09:17:48","slug":"a-basic-brand-bodywarmer-ull-vuxen-ecru","status":"publish","type":"product","link":"https:\/\/woolskins.eu\/sv\/a-basic-brand-bodywarmer-wol-adult-ecru\/","title":{"rendered":"A Basic Brand \u2013 Ull Bodywarmer Vuxen | ecru"},"content":{"rendered":"<h6><strong>Ett babym\u00e4rke<\/strong><\/h6>\n<p>Kroppsv\u00e4rmare 100% ull. Underbart varm och sk\u00f6n, helt naturlig, andas och superh\u00f6ft. Koftan har sm\u00e5 fickor och st\u00e4ngs med dragkedja. B\u00e4r den p\u00e5 en sweatshirt en bl\u00e5sig dag eller under en jacka under riktigt kallt v\u00e4der. Denna kofta \u00e4r \u00e4ven tillg\u00e4nglig f\u00f6r mammor.<\/p>\n<p>F\u00f6rening<br \/>\n100% ull.<\/p>\n<p>Storlekar:<\/p>\n<div class=\"item-bottom__text _active\">\n<p>l\u00e4ngd cm \/ bredd cm \/ omkrets cm<\/p>\n<p>S: 60\/50\/100<\/p>\n<p>M: 60\/55\/110<\/p>\n<p>L: 60\/60\/120<\/p>\n<\/div>\n<p>Tv\u00e4ttr\u00e5d:<\/p>\n<p>Vi rekommenderar att handtv\u00e4tta v\u00e5ra produkter i varmt vatten och anv\u00e4nda ett lanolintv\u00e4ttmedel.<\/p>","protected":false},"excerpt":{"rendered":"<h6><strong>Ett babym\u00e4rke<\/strong><\/h6>\n<p>Supervarm och bekv\u00e4m, men ocks\u00e5 helt naturlig och andas. V\u00e4sten har bra fickor och st\u00e4ngs med dragkedja. Vi rekommenderar att handtv\u00e4tta v\u00e5ra produkter i varmt vatten och anv\u00e4nda ett lanolintv\u00e4ttmedel. Modellen p\u00e5 bilden b\u00e4r storlek M.<\/p>\n<p><strong>M\u00e4rke: Ett Basic Brand<\/strong><br \/>\n<strong>Produktion: Polen<\/strong><\/p>","protected":false},"featured_media":18833,"comment_status":"open","ping_status":"closed","template":"","meta":{"_acf_changed":false},"product_brand":[],"product_cat":[335,360,364,350,31],"product_tag":[423,424,420,421,422,425],"class_list":{"0":"post-18821","1":"product","2":"type-product","3":"status-publish","4":"has-post-thumbnail","6":"product_cat-a_baby_brand","7":"product_cat-cadeautips","8":"product_cat-cadeaus-vanaf-e50","9":"product_cat-fashion","10":"product_cat-yogamat-wol","11":"product_tag-a-baby-brand","12":"product_tag-alwero-bodywarmer","13":"product_tag-bodywarmer-wol","14":"product_tag-wollen-bodywarmer","15":"product_tag-wool-vest","16":"product_tag-woolskins","17":"pa_maat-adult-size-l","18":"pa_maat-adult-size-m","19":"pa_maat-adult-size-s","21":"first","22":"instock","23":"taxable","24":"shipping-taxable","25":"purchasable","26":"product-type-variable"},"acf":[],"_links":{"self":[{"href":"https:\/\/woolskins.eu\/sv\/wp-json\/wp\/v2\/product\/18821","targetHints":{"allow":["GET"]}}],"collection":[{"href":"https:\/\/woolskins.eu\/sv\/wp-json\/wp\/v2\/product"}],"about":[{"href":"https:\/\/woolskins.eu\/sv\/wp-json\/wp\/v2\/types\/product"}],"replies":[{"embeddable":true,"href":"https:\/\/woolskins.eu\/sv\/wp-json\/wp\/v2\/comments?post=18821"}],"wp:featuredmedia":[{"embeddable":true,"href":"https:\/\/woolskins.eu\/sv\/wp-json\/wp\/v2\/media\/18833"}],"wp:attachment":[{"href":"https:\/\/woolskins.eu\/sv\/wp-json\/wp\/v2\/media?parent=18821"}],"wp:term":[{"taxonomy":"product_brand","embeddable":true,"href":"https:\/\/woolskins.eu\/sv\/wp-json\/wp\/v2\/product_brand?post=18821"},{"taxonomy":"product_cat","embeddable":true,"href":"https:\/\/woolskins.eu\/sv\/wp-json\/wp\/v2\/product_cat?post=18821"},{"taxonomy":"product_tag","embeddable":true,"href":"https:\/\/woolskins.eu\/sv\/wp-json\/wp\/v2\/product_tag?post=18821"}],"curies":[{"name":"wp","href":"https:\/\/api.w.org\/{rel}","templated":true}]}}