{"id":18802,"date":"2024-01-12T11:59:41","date_gmt":"2024-01-12T11:59:41","guid":{"rendered":"https:\/\/woolskins.eu\/?post_type=product&#038;p=18802"},"modified":"2025-09-30T09:44:58","modified_gmt":"2025-09-30T09:44:58","slug":"woolskins-oversized-hoody-100-ull-camel","status":"publish","type":"product","link":"https:\/\/woolskins.eu\/sv\/woolskins-oversized-hoody-100-wol-camel\/","title":{"rendered":"Ullskinn Oversized Hoody 100% Ull | Kamel"},"content":{"rendered":"<p>Oversized huvtr\u00f6ja f\u00f6r dam med dragkedja och fickor. Denna oversized hoodie har en smidig passform och n\u00e4r du v\u00e4l tar p\u00e5 dig den kommer du att k\u00e4nna komforten som ull har att erbjuda. H\u00e5ll dig varm och sk\u00f6n med denna ullkofta fr\u00e5n Woolskins under de kallare dagarna.<\/p>\n<p>\u2013 100% Ull.<br \/>\n\u2013 Denna v\u00e4st ger extra v\u00e4rme f\u00f6r de kallare dagarna.<br \/>\n\u2013 Ull isolerar bra.<\/p>\n<h5>Ullskinnsetikett<\/h5>\n<p>Efter \u00e5r av framg\u00e5ngsrikt samarbete med Alwero kan vi stolt meddela att vi nu b\u00e4r v\u00e5ra produkter under v\u00e5r egen Woolskins-etikett.<\/p>\n<p>P\u00e5 s\u00e5 s\u00e4tt f\u00e5r du fortfarande den b\u00e4sta kvaliteten, men kombinerat med de snyggaste och unika produkterna och designerna.<\/p>\n<p>Kvaliteten p\u00e5 tygerna och f\u00e4rgerna f\u00f6rblir som de alltid har varit, men det finns nu ett st\u00f6rre urval som Woolskins tror kan utm\u00e4rka sig.<\/p>\n<p>V\u00e5r breda kollektion \u00e4r sammansatt p\u00e5 ett s\u00e5dant s\u00e4tt att de \u00e4r ett bra komplement till alla babyset, gjorda av 100% europeisk ull som andas och passar f\u00f6r varje s\u00e4song.<\/p>\n<p>Vi g\u00e5r entusiastiskt samman f\u00f6r att skapa en h\u00e5llbar, naturlig och mest bekv\u00e4m produkt f\u00f6r ditt barn.<\/p>","protected":false},"excerpt":{"rendered":"<p>Oversized huvtr\u00f6ja f\u00f6r dam med dragkedja och fickor. Denna oversized hoodie har en smidig passform och n\u00e4r du v\u00e4l tar p\u00e5 dig den kommer du att k\u00e4nna komforten som ull har att erbjuda. H\u00e5ll dig varm och sk\u00f6n med denna ullkofta fr\u00e5n Woolskins under de kallare dagarna. OBS! Foton med modell \u00e4r av ecru-versionen.<\/p>\n<p><strong>M\u00e4rke: Woolskins<\/strong><br \/>\n<strong>Produktion: Polen<\/strong><\/p>\n<p>&nbsp;<\/p>","protected":false},"featured_media":18808,"comment_status":"closed","ping_status":"closed","template":"","meta":{"_acf_changed":false},"product_brand":[],"product_cat":[364,350,31,194],"product_tag":[],"class_list":{"0":"post-18802","1":"product","2":"type-product","3":"status-publish","4":"has-post-thumbnail","6":"product_cat-cadeaus-vanaf-e50","7":"product_cat-fashion","8":"product_cat-yogamat-wol","9":"product_cat-wollen-babyproducten","10":"pa_maat-l-xl","11":"pa_maat-s-m","12":"pa_maat-xxs-xs","14":"first","15":"instock","16":"taxable","17":"shipping-taxable","18":"purchasable","19":"product-type-variable"},"acf":[],"_links":{"self":[{"href":"https:\/\/woolskins.eu\/sv\/wp-json\/wp\/v2\/product\/18802","targetHints":{"allow":["GET"]}}],"collection":[{"href":"https:\/\/woolskins.eu\/sv\/wp-json\/wp\/v2\/product"}],"about":[{"href":"https:\/\/woolskins.eu\/sv\/wp-json\/wp\/v2\/types\/product"}],"replies":[{"embeddable":true,"href":"https:\/\/woolskins.eu\/sv\/wp-json\/wp\/v2\/comments?post=18802"}],"wp:featuredmedia":[{"embeddable":true,"href":"https:\/\/woolskins.eu\/sv\/wp-json\/wp\/v2\/media\/18808"}],"wp:attachment":[{"href":"https:\/\/woolskins.eu\/sv\/wp-json\/wp\/v2\/media?parent=18802"}],"wp:term":[{"taxonomy":"product_brand","embeddable":true,"href":"https:\/\/woolskins.eu\/sv\/wp-json\/wp\/v2\/product_brand?post=18802"},{"taxonomy":"product_cat","embeddable":true,"href":"https:\/\/woolskins.eu\/sv\/wp-json\/wp\/v2\/product_cat?post=18802"},{"taxonomy":"product_tag","embeddable":true,"href":"https:\/\/woolskins.eu\/sv\/wp-json\/wp\/v2\/product_tag?post=18802"}],"curies":[{"name":"wp","href":"https:\/\/api.w.org\/{rel}","templated":true}]}}