{"id":18295,"date":"2023-12-07T14:05:52","date_gmt":"2023-12-07T14:05:52","guid":{"rendered":"https:\/\/woolskins.eu\/?post_type=product&#038;p=18295"},"modified":"2026-03-10T10:58:18","modified_gmt":"2026-03-10T10:58:18","slug":"farskinnsinlagg-for-maxi-cosi-bilbarnstol-komfort-varm-gra","status":"publish","type":"product","link":"https:\/\/woolskins.eu\/sv\/schapenvacht-inlegkussen-voor-maxi-cosi-autostoel-comfort-warm-grey\/","title":{"rendered":"F\u00e5rskinnsinl\u00e4ggningskudde f\u00f6r Maxi Cosi &amp; bilbarnstol \u2013 Comfort (varmgr\u00e5)"},"content":{"rendered":"<p>Mycket bekv\u00e4mt f\u00f6r p\u00e5 resande fot och hemma. Perfekt f\u00f6r l\u00e5nga semesterresor till kalla och varma l\u00e4nder. Det \u00e4r extremt bekv\u00e4mt eftersom det andas och omedelbart absorberar svett utan att k\u00e4nnas bl\u00f6tt\/klibbigt f\u00f6r ditt barn.<\/p>\n<p>\u2013 M\u00e5tt 70 x 33-22-29 cm (l\u00e4ngd x topp-mitt-botten), kappa 3 cm.<br \/>\n\u2013 Sk\u00e5ror f\u00f6r s\u00e4kerhetsband 3 &amp; 5 punkter.<br \/>\n\u2013 Medicinsk garvad.<br \/>\n\u2013 Mjuk och kompakt p\u00e4ls.<br \/>\n\u2013 Maskintv\u00e4ttbar och torkbar.<br \/>\n- L\u00e4tt att underh\u00e5lla.<\/p>\n<h5 class=\"Text1234883549__root Text1234883549---typography-11-runningText Text1234883549---priority-7-primary s8gg2 _2UIKs InfoSectionTitle3095652555__root\" aria-hidden=\"false\" data-hook=\"info-section-title\">Res bekv\u00e4mt<\/h5>\n<div class=\"rah-static rah-static--height-auto\" aria-hidden=\"false\">\n<div>\n<div class=\"_1yvxJ fggS- cell\">\n<div class=\"WncCi NTPd3\" data-hook=\"info-section-description\">\n<p>Ullfibrer andas och har egenskapen att fungera som en naturlig termostat som reglerar kroppstemperaturen? Detta hj\u00e4lper ditt barn att h\u00e5lla en stabil temperatur och h\u00e5ller ditt barn torrt och bekv\u00e4mt. Den g\u00f6r detta &quot;dynamiskt&quot;, vilket betyder att det h\u00e4nder n\u00e4r det beh\u00f6vs och inte n\u00e4r det inte beh\u00f6vs. Varmt p\u00e5 vintern och svalt p\u00e5 sommaren.<\/p>\n<\/div>\n<\/div>\n<\/div>\n<\/div>\n<p>Woolskins Baby-Care-rockar har en kortare p\u00e4ls, vilket g\u00f6r dem babys\u00e4kra. De \u00e4r l\u00e4mpliga fr\u00e5n f\u00f6dseln och eftersom deras bearbetning tar h\u00e4nsyn till milj\u00f6n skyddar de b\u00e5de de sm\u00e5 och planeten. Hemma eller p\u00e5 v\u00e4gen skapar du en bekv\u00e4m milj\u00f6 d\u00e4r ditt barn k\u00e4nner sig glad och avslappnad. Standard &quot;presentf\u00e4rdig&quot; f\u00f6rpackad med en personlig lapp.<\/p>\n<h5><strong>Egenskaper isl\u00e4ndskt f\u00e5rskinn<\/strong><\/h5>\n<p>De isl\u00e4ndska f\u00e5ren \u00e4r mest k\u00e4nda f\u00f6r att vara l\u00e5ngh\u00e5riga. Vi har rakat detta till en kort l\u00e4ngd speciellt f\u00f6r bebisar, s\u00e5 att det isolerande &quot;under&quot; ullskiktet kommer fram. Denna kappa k\u00e4nnetecknas s\u00e4rskilt av l\u00e4dersidans smidighet och faller som en filt. Liksom alla v\u00e5ra andra rockar andas ullfibrer. Detta hj\u00e4lper ditt barn att h\u00e5lla en stabil temperatur och h\u00e5ller ditt barn torrt och bekv\u00e4mt. Sval p\u00e5 sommaren och varm p\u00e5 vintern.<\/p>\n<h5><b>Milj\u00f6v\u00e4nlig<\/b><\/h5>\n<p><span style=\"font-weight: 400;\">Alla produkter som anv\u00e4nds vid garvning och efterbehandling uppfyller v\u00e4sentliga EU-direktiv som r\u00f6r bevarande och skydd av milj\u00f6n.<\/span><\/p>\n<p><span style=\"font-weight: 400;\">V\u00e5ra fleece \u00e4r garvade i enlighet med REACH-reglerna, som antogs f\u00f6r att f\u00f6rb\u00e4ttra skyddet av m\u00e4nniskors h\u00e4lsa och milj\u00f6n mot de risker som kemikalier kan utg\u00f6ra, samtidigt som EU:s kemiska industris konkurrenskraft \u00f6kar. Inga AZO-f\u00e4rg\u00e4mnen anv\u00e4nds i produktionen.<\/span><\/p>\n<p><span style=\"font-weight: 400;\">EKOPRODUKTER \u2013 skinn \u00e4r milj\u00f6v\u00e4nliga skinn, deras bearbetning och behandling \u00e4r s\u00e4kra f\u00f6r vuxna och barn. Hudar \u00e4r biologiskt nedbrytbara, ekologiska.<\/span><\/p>\n<p><span style=\"font-weight: 400;\">Woolskins s\u00e4ljer inte f\u00e5rfleece som Mulesing har applicerats p\u00e5! Mulesing anv\u00e4nds inte p\u00e5 europeiska f\u00e5r eftersom parasiten som f\u00e5r b\u00f6nder att anv\u00e4nda Mulesing inte f\u00f6rekommer i Europa.<\/span><\/p>\n<h5><b>Mags\u00f6mnarna... notera!<\/b><\/h5>\n<p><span style=\"font-weight: 400;\">Barn som sover p\u00e5 mage de f\u00f6rsta 12 m\u00e5naderna b\u00f6r av s\u00e4kerhetssk\u00e4l inte sova p\u00e5 n\u00e5got mjukt, eftersom det kan vara farligt. Vi rekommenderar d\u00e4rf\u00f6r att anv\u00e4nda Woolskins-kappan klokt! Var alltid uppm\u00e4rksam n\u00e4r ditt barn ligger eller sover p\u00e5 mage och se till att ditt barn alltid \u00e4r under uppsikt.<\/span><\/p>\n<p>&nbsp;<\/p>","protected":false},"excerpt":{"rendered":"<p>Detta underbara f\u00e5rskinnsinl\u00e4gg till Maxi Cosi \u00e4r en bekv\u00e4m och naturlig produkt som h\u00e5ller din bebis varm och mysig p\u00e5 v\u00e4gen och under l\u00e5nga resor. En inl\u00e4ggskudde av f\u00e5rskinn har flera f\u00f6rdelar, s\u00e5som:<\/p>\n<ul>\n<li>Den \u00e4r gjord av 100% \u00e4kta f\u00e5rskinn, som \u00e4r mjukt, andningsbart och fukttransporterande. F\u00e5rskinn \u00e4r ocks\u00e5 allergiv\u00e4nligt och antibakteriellt, vilket g\u00f6r det l\u00e4mpligt f\u00f6r sp\u00e4dbarn med k\u00e4nslig hud eller allergier.<\/li>\n<li>Den passar de flesta Maxi Cosi-modeller, tack vare sin runda form och b\u00e4ltessp\u00e5r. Du kan enkelt f\u00e4sta och ta bort kudden, detta inl\u00e4gg \u00e4r inte tv\u00e4ttbart som v\u00e5rt Medicinal-inl\u00e4gg.<\/li>\n<li>Det s\u00e4kerst\u00e4ller en optimal temperatur f\u00f6r ditt barn, b\u00e5de sommar och vinter. P\u00e5 sommaren k\u00e4nns kudden sval och suger upp svett medan den p\u00e5 vintern \u00e4r varm och mysig. Kudden hj\u00e4lper ocks\u00e5 till att f\u00f6rb\u00e4ttra ditt barns blodcirkulation och muskeltonus.<\/li>\n<\/ul>\n<p>En inl\u00e4ggskudde av f\u00e5rskinn till Maxi Cosi \u00e4r d\u00e4rf\u00f6r en idealisk produkt f\u00f6r f\u00f6r\u00e4ldrar som vill ge sitt barn det b\u00e4sta. Det \u00e4r en h\u00e5llbar och milj\u00f6v\u00e4nlig produkt, gjord av naturliga material och fri fr\u00e5n skadliga \u00e4mnen. Med en inl\u00e4ggskudde av f\u00e5rskinn till Maxi Cosi kan du g\u00f6ra varje resa med din bebis bekv\u00e4m och mysig.<\/p>","protected":false},"featured_media":18300,"comment_status":"closed","ping_status":"closed","template":"","meta":{"_acf_changed":false},"product_brand":[],"product_cat":[364,498,216,354],"product_tag":[],"class_list":{"0":"post-18295","1":"product","2":"type-product","3":"status-publish","4":"has-post-thumbnail","6":"product_cat-cadeaus-vanaf-e50","7":"product_cat-inlegkussenmaxicosi","8":"product_cat-schapenvacht-voor-baby","9":"product_cat-woolskins","11":"first","12":"instock","13":"taxable","14":"shipping-taxable","15":"purchasable","16":"product-type-variable","17":"has-default-attributes"},"acf":[],"_links":{"self":[{"href":"https:\/\/woolskins.eu\/sv\/wp-json\/wp\/v2\/product\/18295","targetHints":{"allow":["GET"]}}],"collection":[{"href":"https:\/\/woolskins.eu\/sv\/wp-json\/wp\/v2\/product"}],"about":[{"href":"https:\/\/woolskins.eu\/sv\/wp-json\/wp\/v2\/types\/product"}],"replies":[{"embeddable":true,"href":"https:\/\/woolskins.eu\/sv\/wp-json\/wp\/v2\/comments?post=18295"}],"wp:featuredmedia":[{"embeddable":true,"href":"https:\/\/woolskins.eu\/sv\/wp-json\/wp\/v2\/media\/18300"}],"wp:attachment":[{"href":"https:\/\/woolskins.eu\/sv\/wp-json\/wp\/v2\/media?parent=18295"}],"wp:term":[{"taxonomy":"product_brand","embeddable":true,"href":"https:\/\/woolskins.eu\/sv\/wp-json\/wp\/v2\/product_brand?post=18295"},{"taxonomy":"product_cat","embeddable":true,"href":"https:\/\/woolskins.eu\/sv\/wp-json\/wp\/v2\/product_cat?post=18295"},{"taxonomy":"product_tag","embeddable":true,"href":"https:\/\/woolskins.eu\/sv\/wp-json\/wp\/v2\/product_tag?post=18295"}],"curies":[{"name":"wp","href":"https:\/\/api.w.org\/{rel}","templated":true}]}}