{"id":17855,"date":"2023-11-17T13:51:52","date_gmt":"2023-11-17T13:51:52","guid":{"rendered":"https:\/\/woolskins.eu\/?post_type=product&#038;p=17855"},"modified":"2025-05-16T15:15:56","modified_gmt":"2025-05-16T15:15:56","slug":"lekmatta-for-barnrum-utomhus-ljusgra","status":"publish","type":"product","link":"https:\/\/woolskins.eu\/sv\/speelkleed-voor-babykamer-buiten-lichtgrijs\/","title":{"rendered":"Lekmatta f\u00f6r babyrum &amp; utomhus | Ljusgr\u00e5"},"content":{"rendered":"","protected":false},"excerpt":{"rendered":"<p>V\u00e5ra lekmattor i ull \u00e4r perfekta f\u00f6r lek, babygym eller att ta dem utomhus. Den \u00e4r underbart varm, slitstark och isolerar bra mot en kall yta. Denna runda lekmatta \u00e4r gjord av naturlig ull, har ett mjukt mellanlager med botten av ekol\u00e4der. \u00e4r perfekta f\u00f6r inomhusbruk, men du kan ocks\u00e5 enkelt ta dem utomhus. De passar \u00e4ven perfekt p\u00e5 Wobbel 360.<\/p>\n<ul>\n<li>M\u00e5tt \u00f8 70 cm.<\/li>\n<\/ul>\n<p><strong>M\u00e4rke: Woolskins<br \/>\nProduktion: Polen<\/strong><\/p>","protected":false},"featured_media":17857,"comment_status":"open","ping_status":"closed","template":"","meta":{"_acf_changed":false},"product_brand":[],"product_cat":[348,363],"product_tag":[],"class_list":{"0":"post-17855","1":"product","2":"type-product","3":"status-publish","4":"has-post-thumbnail","6":"product_cat-kussens","7":"product_cat-cadeaus-e25-e50","9":"first","10":"outofstock","11":"taxable","12":"shipping-taxable","13":"purchasable","14":"product-type-simple"},"acf":[],"_links":{"self":[{"href":"https:\/\/woolskins.eu\/sv\/wp-json\/wp\/v2\/product\/17855","targetHints":{"allow":["GET"]}}],"collection":[{"href":"https:\/\/woolskins.eu\/sv\/wp-json\/wp\/v2\/product"}],"about":[{"href":"https:\/\/woolskins.eu\/sv\/wp-json\/wp\/v2\/types\/product"}],"replies":[{"embeddable":true,"href":"https:\/\/woolskins.eu\/sv\/wp-json\/wp\/v2\/comments?post=17855"}],"wp:featuredmedia":[{"embeddable":true,"href":"https:\/\/woolskins.eu\/sv\/wp-json\/wp\/v2\/media\/17857"}],"wp:attachment":[{"href":"https:\/\/woolskins.eu\/sv\/wp-json\/wp\/v2\/media?parent=17855"}],"wp:term":[{"taxonomy":"product_brand","embeddable":true,"href":"https:\/\/woolskins.eu\/sv\/wp-json\/wp\/v2\/product_brand?post=17855"},{"taxonomy":"product_cat","embeddable":true,"href":"https:\/\/woolskins.eu\/sv\/wp-json\/wp\/v2\/product_cat?post=17855"},{"taxonomy":"product_tag","embeddable":true,"href":"https:\/\/woolskins.eu\/sv\/wp-json\/wp\/v2\/product_tag?post=17855"}],"curies":[{"name":"wp","href":"https:\/\/api.w.org\/{rel}","templated":true}]}}