{"id":17786,"date":"2023-11-17T12:02:22","date_gmt":"2023-11-17T12:02:22","guid":{"rendered":"https:\/\/woolskins.eu\/?post_type=product&#038;p=17786"},"modified":"2025-11-03T14:12:22","modified_gmt":"2025-11-03T14:12:22","slug":"matta-for-barnkammare","status":"publish","type":"product","link":"https:\/\/woolskins.eu\/sv\/vloerkleed-voor-babykamer-kinderkamer\/","title":{"rendered":"Matta f\u00f6r babyrum &amp; barnrum"},"content":{"rendered":"","protected":false},"excerpt":{"rendered":"<p>V\u00e5ra handknutna ullmattor \u00e4r ett perfekt komplement till barnrummet. Den \u00e4r varm, h\u00e5llbar och l\u00e4tt att underh\u00e5lla. Denna ullmatta \u00e4r gjord av naturlig ull, som \u00e4r allergiv\u00e4nlig, smutsavvisande och brands\u00e4ker. Dessutom ger en handknuten matta en unik och personlig touch till rummet, eftersom varje matta \u00e4r olika.<\/p>\n<p>Det \u00e4r ett bra s\u00e4tt att g\u00f6ra bebisens rum mysigare, bekv\u00e4mare och roligare. Det \u00e4r en investering som kommer att h\u00e5lla i \u00e5ratal och kommer att ge barnen mycket roligt, delvis tack vare den lekfulla ullreliefen i roliga m\u00f6nster p\u00e5 mattan. Njut av f\u00f6rdelarna med en naturlig, vacker och h\u00f6gkvalitativ handgjord produkt.<\/p>\n<ul>\n<li>M\u00e5tt 150 x 80 cm.<\/li>\n<li>100% ull.<\/li>\n<\/ul>\n<p><strong>M\u00e4rke: Woolskins<br \/>\nProduktion: Europa<\/strong><\/p>","protected":false},"featured_media":17834,"comment_status":"open","ping_status":"closed","template":"","meta":{"_acf_changed":false},"product_brand":[],"product_cat":[348,528],"product_tag":[],"class_list":{"0":"post-17786","1":"product","2":"type-product","3":"status-publish","4":"has-post-thumbnail","6":"product_cat-kussens","7":"product_cat-schapenvachten-voor-thuis","9":"first","10":"instock","11":"taxable","12":"shipping-taxable","13":"purchasable","14":"product-type-simple"},"acf":[],"_links":{"self":[{"href":"https:\/\/woolskins.eu\/sv\/wp-json\/wp\/v2\/product\/17786","targetHints":{"allow":["GET"]}}],"collection":[{"href":"https:\/\/woolskins.eu\/sv\/wp-json\/wp\/v2\/product"}],"about":[{"href":"https:\/\/woolskins.eu\/sv\/wp-json\/wp\/v2\/types\/product"}],"replies":[{"embeddable":true,"href":"https:\/\/woolskins.eu\/sv\/wp-json\/wp\/v2\/comments?post=17786"}],"wp:featuredmedia":[{"embeddable":true,"href":"https:\/\/woolskins.eu\/sv\/wp-json\/wp\/v2\/media\/17834"}],"wp:attachment":[{"href":"https:\/\/woolskins.eu\/sv\/wp-json\/wp\/v2\/media?parent=17786"}],"wp:term":[{"taxonomy":"product_brand","embeddable":true,"href":"https:\/\/woolskins.eu\/sv\/wp-json\/wp\/v2\/product_brand?post=17786"},{"taxonomy":"product_cat","embeddable":true,"href":"https:\/\/woolskins.eu\/sv\/wp-json\/wp\/v2\/product_cat?post=17786"},{"taxonomy":"product_tag","embeddable":true,"href":"https:\/\/woolskins.eu\/sv\/wp-json\/wp\/v2\/product_tag?post=17786"}],"curies":[{"name":"wp","href":"https:\/\/api.w.org\/{rel}","templated":true}]}}