{"id":17292,"date":"2023-10-29T14:40:20","date_gmt":"2023-10-29T14:40:20","guid":{"rendered":"https:\/\/woolskins.eu\/?post_type=product&#038;p=17292"},"modified":"2026-03-25T12:45:30","modified_gmt":"2026-03-25T12:45:30","slug":"babyrock-i-ull-a-basic-brand-beige","status":"publish","type":"product","link":"https:\/\/woolskins.eu\/sv\/wollen-babyjas-a-basic-brand-beige\/","title":{"rendered":"A Basic Brand \u2013 ylle babyrock | beige"},"content":{"rendered":"<p>Yllejackan fr\u00e5n\u00a0<strong>Ett grundl\u00e4ggande varum\u00e4rke<\/strong> finns hos Woolskins i olika f\u00e4rger och kan perfekt kombineras med alla andra ullprodukter fr\u00e5n v\u00e5r kollektion<\/p>\n<p>F\u00f6rening:<br \/>\n100% ull.<\/p>\n<p>Storleksdiagram:<\/p>\n<p>Total l\u00e4ngd cm \/ total bredd cm \/ \u00e4rml\u00e4ngd cm<br \/>\n6 m\u00e5nader \u2013 30cm \/ 30cm \/ 25cm<br \/>\n1 \u00e5r \u2013 34cm \/ 32cm \/<\/p>\n<h5 class=\"seo_titel_cat\">Ett babym\u00e4rke<\/h5>\n<p>Uppt\u00e4ck en verkligt minimalistisk garderob fr\u00e5n A Basic Brand full av praktiska v\u00e4sentligheter. Mixa och matcha v\u00e5ra unisex-modeller och f\u00e4rger. Ingen logotyp, inget tryck, inget kr\u00e5ngel.<\/p>\n<p>Deras uppdrag \u00e4r att g\u00f6ra ditt liv enklare, s\u00e5 en av huvudid\u00e9erna bakom v\u00e5r filosofi \u00e4r \u00d6VNING. Vi bryr oss ocks\u00e5 djupt om v\u00e5r planet och \u00f6nskar att alla skulle leva ett mer minimalistiskt liv och d\u00e4rf\u00f6r anv\u00e4nda mindre kl\u00e4der (# KONSUMEVIS).<\/p>\n<p>D\u00e4rf\u00f6r \u00e4r kvaliteten p\u00e5 dessa produkter h\u00f6gsta m\u00f6jliga. Du kan anv\u00e4nda dem i flera \u00e5r och ge dem vidare n\u00e4r du \u00e4r klar. Vi anv\u00e4nder topptyger med b\u00e5de GOTS Organic Cotton Certificate &amp; STANDARD 100 fr\u00e5n OEKO-TEX\u00ae. Alla produkter kan tv\u00e4ttas i maskin och torktumlas s\u00e5 ofta du vill. Du kommer att uppt\u00e4cka att v\u00e5r bomullsfleece inte ens beh\u00f6ver strykas f\u00f6r att se snygg ut.<\/p>\n<h5>Tv\u00e4ttr\u00e5d:<\/h5>\n<p>Vi rekommenderar att handtv\u00e4tta v\u00e5ra produkter i varmt vatten och anv\u00e4nda ett lanolintv\u00e4ttmedel.<\/p>","protected":false},"excerpt":{"rendered":"<p>Naturliga och mjuka material \u00e4r viktiga f\u00f6r den k\u00e4nsliga huden hos sp\u00e4dbarn och barn. Denna babyjacka i ylle fr\u00e5n <strong>Ett grundl\u00e4ggande varum\u00e4rke<\/strong> \u00e4r ett perfekt val f\u00f6r f\u00f6r\u00e4ldrar som letar efter en varm och bekv\u00e4m kappa f\u00f6r sin baby. Denna jacka \u00e4r gjord av 100% naturlig ull, som \u00e4r k\u00e4nd f\u00f6r sina isolerande egenskaper och fuktreglerande f\u00f6rm\u00e5ga. Jackan \u00e4r idealisk f\u00f6r v\u00e5r och h\u00f6st, eller som en varm cardigan p\u00e5 vintern.<\/p>\n<p>Jackan har en tidl\u00f6s design och finns i olika f\u00e4rger. \u00c4rmuppvikningen passar jackan bra och ser till att den kan b\u00e4ras l\u00e4nge. Jackan passar b\u00e5de killar och tjejer.<\/p>\n<p>Ull \u00e4r allergiv\u00e4nligt och fri fr\u00e5n skadliga \u00e4mnen, vilket g\u00f6r den mycket l\u00e4mplig f\u00f6r sp\u00e4dbarn med allergier eller k\u00e4nslig hud. Dessutom \u00e4r ull slitstarkt och t\u00e5l ett slag, vilket g\u00f6r att jackan h\u00e5ller l\u00e4nge.<\/p>\n<p><strong>M\u00e4rke: Ett Basic Brand<\/strong><br \/>\n<strong>Produktion: Polen<\/strong><\/p>","protected":false},"featured_media":17282,"comment_status":"open","ping_status":"closed","template":"","meta":{"_acf_changed":false},"product_brand":[],"product_cat":[360,335,364,200,337,413],"product_tag":[],"class_list":{"0":"post-17292","1":"product","2":"type-product","3":"status-publish","4":"has-post-thumbnail","6":"product_cat-cadeautips","7":"product_cat-a_baby_brand","8":"product_cat-cadeaus-vanaf-e50","9":"product_cat-wollen-babykleding","10":"product_cat-vestjes","11":"product_cat-alwero-bodywarmer","13":"first","14":"instock","15":"taxable","16":"shipping-taxable","17":"purchasable","18":"product-type-variable"},"acf":[],"_links":{"self":[{"href":"https:\/\/woolskins.eu\/sv\/wp-json\/wp\/v2\/product\/17292","targetHints":{"allow":["GET"]}}],"collection":[{"href":"https:\/\/woolskins.eu\/sv\/wp-json\/wp\/v2\/product"}],"about":[{"href":"https:\/\/woolskins.eu\/sv\/wp-json\/wp\/v2\/types\/product"}],"replies":[{"embeddable":true,"href":"https:\/\/woolskins.eu\/sv\/wp-json\/wp\/v2\/comments?post=17292"}],"wp:featuredmedia":[{"embeddable":true,"href":"https:\/\/woolskins.eu\/sv\/wp-json\/wp\/v2\/media\/17282"}],"wp:attachment":[{"href":"https:\/\/woolskins.eu\/sv\/wp-json\/wp\/v2\/media?parent=17292"}],"wp:term":[{"taxonomy":"product_brand","embeddable":true,"href":"https:\/\/woolskins.eu\/sv\/wp-json\/wp\/v2\/product_brand?post=17292"},{"taxonomy":"product_cat","embeddable":true,"href":"https:\/\/woolskins.eu\/sv\/wp-json\/wp\/v2\/product_cat?post=17292"},{"taxonomy":"product_tag","embeddable":true,"href":"https:\/\/woolskins.eu\/sv\/wp-json\/wp\/v2\/product_tag?post=17292"}],"curies":[{"name":"wp","href":"https:\/\/api.w.org\/{rel}","templated":true}]}}