{"id":16803,"date":"2023-10-09T11:59:51","date_gmt":"2023-10-09T11:59:51","guid":{"rendered":"https:\/\/woolskins.eu\/?post_type=product&#038;p=16803"},"modified":"2026-02-24T13:34:16","modified_gmt":"2026-02-24T13:34:16","slug":"ett-basmarke-strumpor-for-baby","status":"publish","type":"product","link":"https:\/\/woolskins.eu\/sv\/a-basic-brand-sokken-voor-baby\/","title":{"rendered":"A Basic Brand \u2013 Babystrumpor"},"content":{"rendered":"<p>Dessa klassiska ankell\u00e5nga strumpor gjorda av ekologisk bomull \u00e4r s\u00e4kra f\u00f6r ditt barns k\u00e4nsliga hud. Strumpan har en mjuk och bekv\u00e4m tryckfri mudd. Kan anv\u00e4ndas \u00e5ret runt.<\/p>\n<p>\u2013 3 stycken (vit\/ljusgr\u00e5\/svart)<br \/>\n\u2013 80% bomull 18% polyamid 2% elastan<\/p>\n<div class=\"item-bottom__link dif_color\">Storleksguide:<\/div>\n<div class=\"item-bottom__text _active\">\n<p>Skostorlek \u2013 fotl\u00e4ngd<\/p>\n<p>14\/16 \u2013 7\/9 cm<br \/>\n17\/19 \u2013 10\/12 cm<\/p>\n<h5>Ett babym\u00e4rke<\/h5>\n<p>Uppt\u00e4ck en verkligt minimalistisk garderob full av praktiska v\u00e4sentligheter. Mixa och matcha v\u00e5ra unisex-modeller och f\u00e4rger. Ingen logotyp, inget tryck, inget kr\u00e5ngel.<\/p>\n<p>V\u00e5rt uppdrag \u00e4r att g\u00f6ra ditt liv enklare, s\u00e5 en av huvudid\u00e9erna bakom v\u00e5r filosofi \u00e4r \u00d6VNING. Vi bryr oss ocks\u00e5 djupt om v\u00e5r planet och \u00f6nskar att alla skulle leva ett mer minimalistiskt liv och d\u00e4rf\u00f6r anv\u00e4nda mindre kl\u00e4der (#KOSUMEVIS).<\/p>\n<p>Det \u00e4r d\u00e4rf\u00f6r kvaliteten p\u00e5 v\u00e5ra produkter \u00e4r h\u00f6gsta m\u00f6jliga. Du kan anv\u00e4nda dem i flera \u00e5r och ge dem vidare n\u00e4r du \u00e4r klar. Vi anv\u00e4nder topptyger med b\u00e5de GOTS Organic Cotton Certificate &amp; STANDARD 100 fr\u00e5n OEKO-TEX\u00ae. Alla v\u00e5ra produkter kan tv\u00e4ttas i maskin och torktumlas s\u00e5 ofta du vill. Du kommer att uppt\u00e4cka att v\u00e5r bomullsfleece inte ens beh\u00f6ver strykas f\u00f6r att se snygg ut.<\/p>\n<\/div>","protected":false},"excerpt":{"rendered":"<h6><strong>Ett babym\u00e4rke<\/strong><\/h6>\n<p>Dessa klassiska ankell\u00e5nga strumpor gjorda av ekologisk bomull. Strumpan har en mjuk och sk\u00f6n tryckfri mudd och kan anv\u00e4ndas \u00e5ret runt.<\/p>\n<p>3 delar (vit\/ljusgr\u00e5\/svart)<\/p>","protected":false},"featured_media":16804,"comment_status":"open","ping_status":"closed","template":"","meta":{"_acf_changed":false},"product_brand":[],"product_cat":[360,335,362,529,536],"product_tag":[],"class_list":{"0":"post-16803","1":"product","2":"type-product","3":"status-publish","4":"has-post-thumbnail","6":"product_cat-cadeautips","7":"product_cat-a_baby_brand","8":"product_cat-cadeaus-tot-e-25","9":"product_cat-katoenen-babykleertjes","10":"product_cat-katoenen-babyslofjes","12":"first","13":"instock","14":"taxable","15":"shipping-taxable","16":"purchasable","17":"product-type-variable"},"acf":[],"_links":{"self":[{"href":"https:\/\/woolskins.eu\/sv\/wp-json\/wp\/v2\/product\/16803","targetHints":{"allow":["GET"]}}],"collection":[{"href":"https:\/\/woolskins.eu\/sv\/wp-json\/wp\/v2\/product"}],"about":[{"href":"https:\/\/woolskins.eu\/sv\/wp-json\/wp\/v2\/types\/product"}],"replies":[{"embeddable":true,"href":"https:\/\/woolskins.eu\/sv\/wp-json\/wp\/v2\/comments?post=16803"}],"wp:featuredmedia":[{"embeddable":true,"href":"https:\/\/woolskins.eu\/sv\/wp-json\/wp\/v2\/media\/16804"}],"wp:attachment":[{"href":"https:\/\/woolskins.eu\/sv\/wp-json\/wp\/v2\/media?parent=16803"}],"wp:term":[{"taxonomy":"product_brand","embeddable":true,"href":"https:\/\/woolskins.eu\/sv\/wp-json\/wp\/v2\/product_brand?post=16803"},{"taxonomy":"product_cat","embeddable":true,"href":"https:\/\/woolskins.eu\/sv\/wp-json\/wp\/v2\/product_cat?post=16803"},{"taxonomy":"product_tag","embeddable":true,"href":"https:\/\/woolskins.eu\/sv\/wp-json\/wp\/v2\/product_tag?post=16803"}],"curies":[{"name":"wp","href":"https:\/\/api.w.org\/{rel}","templated":true}]}}