{"id":16318,"date":"2023-09-14T14:59:04","date_gmt":"2023-09-14T14:59:04","guid":{"rendered":"https:\/\/woolskins.eu\/?post_type=product&#038;p=16318"},"modified":"2026-04-27T18:40:52","modified_gmt":"2026-04-27T18:40:52","slug":"fotmuff-i-ull-barnvagn-bakigo-beige-piping","status":"publish","type":"product","link":"https:\/\/woolskins.eu\/sv\/wollen-voetenzak-kinderwagen-buggy-bakigo-beige-beige-bies\/","title":{"rendered":"Wool Footmuff - Sovs\u00e4ck f\u00f6r vagn och barnvagn | Bakigo beige\/beige kant"},"content":{"rendered":"<p>V\u00e5ra Eco Wool fotp\u00e5sar f\u00f6r buggy och Maxi-Cosi \u00e4r mycket l\u00e4mpliga f\u00f6r de minsta tack vare ullfibrernas naturliga egenskaper. Dessa andas och har egenskapen att fungera som en naturlig termostat som reglerar kroppstemperaturen? Detta hj\u00e4lper ditt barn att h\u00e5lla en stabil temperatur och h\u00e5ller ditt barn torrt och bekv\u00e4mt. Denna produkt har kvalitetsm\u00e4rket Safe for Children och Woolmark.<\/p>\n<p>\u2013 5 cm l\u00e4ngre, vilket g\u00f6r den anv\u00e4ndbar l\u00e4ngre.<br \/>\n\u2013 100% nyull, Woolmark kvalitetsm\u00e4rke.<br \/>\n\u2013 F\u00f6r hemma och p\u00e5 v\u00e4gen.<br \/>\n\u2013 \u00d6ppningar f\u00f6r s\u00e4kerhetsremmarna (5-punkts).<br \/>\n\u2013 l\u00e4ngd 90cm x bredd 45cm.<br \/>\n\u2013 kan tv\u00e4ttas i 30\u00b0C ulltv\u00e4ttprogram.<\/p>\n<h5>Ullskinnsetikett<\/h5>\n<p>Efter \u00e5r av framg\u00e5ngsrikt samarbete med Alwero kan vi stolt meddela att vi nu b\u00e4r v\u00e5ra produkter under v\u00e5r egen Woolskins-etikett.<\/p>\n<p>P\u00e5 s\u00e5 s\u00e4tt f\u00e5r du fortfarande den b\u00e4sta kvaliteten, men kombinerat med de snyggaste och unika produkterna och designerna.<\/p>\n<p>Kvaliteten p\u00e5 tygerna och f\u00e4rgerna f\u00f6rblir som de alltid har varit, men det finns nu ett st\u00f6rre urval som Woolskins tror kan utm\u00e4rka sig.<\/p>\n<p>V\u00e5r breda kollektion \u00e4r sammansatt p\u00e5 ett s\u00e5dant s\u00e4tt att de \u00e4r ett bra komplement till alla babyset, gjorda av 100% europeisk ull som andas och passar f\u00f6r varje s\u00e4song.<\/p>\n<p>Vi g\u00e5r entusiastiskt samman f\u00f6r att skapa en h\u00e5llbar, naturlig och mest bekv\u00e4m produkt f\u00f6r ditt barn.<\/p>","protected":false},"excerpt":{"rendered":"<p>Njut av att g\u00e5 ut med ditt barn i denna varma yllefotp\u00e5se fr\u00e5n Woolskins f\u00f6r vagnen och vagnen. Woolskins har l\u00e5tit g\u00f6ra denna v\u00e4ska 5 cm l\u00e4ngre s\u00e5 att den kan anv\u00e4ndas l\u00e4ngre och har \u00e4ven en extra stor \u00f6ppning f\u00f6r s\u00e4kerhetsbygeln. Perfekt f\u00f6r barnvagnen och h\u00f6r hemma i varje babyset. Ull tar omedelbart ditt barns temperatur och bibeh\u00e5ller den utan att ditt barn svettas. Tack vare ullens goda egenskaper kommer ditt barn att ha det underbart varmt och sk\u00f6nt. Woolskins Bakigo fotp\u00e5sen kan anv\u00e4ndas \u00e5ret runt, men \u00e4r mest anv\u00e4ndbar p\u00e5 v\u00e5r, vinter och h\u00f6st. Du kan r\u00e4kna med att ditt barn har det sk\u00f6nt och varmt i yllefotp\u00e5sen fr\u00e5n Woolskins<\/p>\n<p><strong>M\u00e4rke: Woolskins<\/strong><br \/>\n<strong>Produktion: Polen<\/strong><\/p>","protected":false},"featured_media":17502,"comment_status":"closed","ping_status":"closed","template":"","meta":{"_acf_changed":false},"product_brand":[],"product_cat":[361,360,364,196,336,194],"product_tag":[],"class_list":{"0":"post-16318","1":"product","2":"type-product","3":"status-publish","4":"has-post-thumbnail","6":"product_cat-babyshower","7":"product_cat-cadeautips","8":"product_cat-cadeaus-vanaf-e50","9":"product_cat-slaapkleding-baby","10":"product_cat-voetenzakken","11":"product_cat-wollen-babyproducten","13":"first","14":"instock","15":"taxable","16":"shipping-taxable","17":"purchasable","18":"product-type-simple"},"acf":[],"_links":{"self":[{"href":"https:\/\/woolskins.eu\/sv\/wp-json\/wp\/v2\/product\/16318","targetHints":{"allow":["GET"]}}],"collection":[{"href":"https:\/\/woolskins.eu\/sv\/wp-json\/wp\/v2\/product"}],"about":[{"href":"https:\/\/woolskins.eu\/sv\/wp-json\/wp\/v2\/types\/product"}],"replies":[{"embeddable":true,"href":"https:\/\/woolskins.eu\/sv\/wp-json\/wp\/v2\/comments?post=16318"}],"wp:featuredmedia":[{"embeddable":true,"href":"https:\/\/woolskins.eu\/sv\/wp-json\/wp\/v2\/media\/17502"}],"wp:attachment":[{"href":"https:\/\/woolskins.eu\/sv\/wp-json\/wp\/v2\/media?parent=16318"}],"wp:term":[{"taxonomy":"product_brand","embeddable":true,"href":"https:\/\/woolskins.eu\/sv\/wp-json\/wp\/v2\/product_brand?post=16318"},{"taxonomy":"product_cat","embeddable":true,"href":"https:\/\/woolskins.eu\/sv\/wp-json\/wp\/v2\/product_cat?post=16318"},{"taxonomy":"product_tag","embeddable":true,"href":"https:\/\/woolskins.eu\/sv\/wp-json\/wp\/v2\/product_tag?post=16318"}],"curies":[{"name":"wp","href":"https:\/\/api.w.org\/{rel}","templated":true}]}}