{"id":14398,"date":"2023-02-22T09:24:44","date_gmt":"2023-02-22T09:24:44","guid":{"rendered":"https:\/\/woolskins.eu\/?post_type=product&#038;p=14398"},"modified":"2025-07-15T07:35:51","modified_gmt":"2025-07-15T07:35:51","slug":"mammaledig-morgonrock-nyfodd-naturlig","status":"publish","type":"product","link":"https:\/\/woolskins.eu\/sv\/zwangerschapsjas-ochtendjas-newborn-natural\/","title":{"rendered":"Gravidrock \u2013 Woolblend Newborn morgonrock | Naturlig"},"content":{"rendered":"<p>Denna h\u00e4rliga gravidkappa i ylle \u00e4r perfekt n\u00e4r du \u00e4r gravid eller ska f\u00f6da. Oavsett om du f\u00f6der hemma eller p\u00e5 sjukhuset kommer du att se b\u00e4st ut n\u00e4r det kommer bes\u00f6kare med denna bekv\u00e4ma gravidkappa. De breda kanterna ger helheten en lyxig look. Denna mammamorgonrock \u00e4r sk\u00f6n att ha p\u00e5 sig efter en dusch eller n\u00e4r du vill tillbringa en dag i soffan. Ull andas och \u00e4r extremt mjuk och sk\u00f6n.<\/p>\n<p>\u2013 Finns exklusivt hos Woolskins, producerat av Alwero<br \/>\n\u2013 Woolblend 56% ren obearbetad ny ull (Woolmark kvalitetsm\u00e4rke) 44% syntetfiber.<br \/>\n\u2013 F\u00f6r hemma och p\u00e5 v\u00e4gen.<br \/>\n\u2013 Europeisk produktion.<br \/>\n\u2013 kan tv\u00e4ttas i 30\u00b0C ulltv\u00e4ttprogram.<\/p>\n<h5>Woolskins private label tillverkat av Alwero<\/h5>\n<p>Efter \u00e5r av framg\u00e5ngsrikt samarbete med Alwero kan vi stolt meddela att vi kan b\u00e4ra Alwero under v\u00e5r egen Woolskins-etikett.<\/p>\n<p>P\u00e5 s\u00e5 s\u00e4tt f\u00e5r du fortfarande den b\u00e4sta kvaliteten fr\u00e5n Alwero kombinerat med de snyggaste och unika produkterna\/designerna fr\u00e5n Woolskins.<\/p>\n<p>Vad f\u00f6r\u00e4ndras d\u00e5? Inte s\u00e5 mycket! Kvaliteten, tygerna och f\u00e4rgerna \u00e4r desamma, men det finns ett st\u00f6rre utbud av unika produkter som Woolskins menar kan utm\u00e4rka sig och som \u00e4r ett bra komplement till babysetet.<\/p>\n<p>Du kan k\u00e4nna igen v\u00e5ra produkter p\u00e5 v\u00e5r Woolskins-etikett och tv\u00e4ttetiketten visar att de \u00e4r tillverkade av Alwero.<\/p>\n<p>Vi g\u00e5r entusiastiskt samman f\u00f6r att skapa en h\u00e5llbar, naturlig och mest bekv\u00e4m produkt f\u00f6r ditt barn.<\/p>\n<h5>Alwero<\/h5>\n<p>Familjef\u00f6retaget Alwero grundades i slutet av 1990-talet utifr\u00e5n behovet av att skapa n\u00e5got. Mitt i naturen d\u00e4r f\u00e5ren betar i fj\u00e4llen hittar Alwerode den unika r\u00e5varan som det handlar om: r\u00e5ull.<\/p>\n<p>Genom att kombinera gamla traditioner och teknisk innovation skapar Alwero en v\u00e4rld av komfort. Kunskap, hantverk och k\u00e4rlek till ull har s\u00e4kerst\u00e4llt att Alweros produkter uppskattas \u00f6ver hela v\u00e4rlden.<\/p>","protected":false},"excerpt":{"rendered":"<p>Denna h\u00e4rliga gravidkappa i ylle \u00e4r perfekt n\u00e4r du \u00e4r gravid eller ska f\u00f6da. Oavsett om du f\u00f6der hemma eller p\u00e5 sjukhuset kommer du att se b\u00e4st ut n\u00e4r det kommer bes\u00f6kare med denna bekv\u00e4ma gravidkappa. De breda kanterna ger helheten en lyxig look. Denna mammamorgonrock \u00e4r sk\u00f6n att ha p\u00e5 sig efter en dusch eller n\u00e4r du vill tillbringa en dag i soffan. Ull andas och \u00e4r extremt mjuk och sk\u00f6n.<\/p>\n<p><strong>M\u00e4rke: Woolskins<\/strong><br \/>\n<strong>Producent: Woolskins Private Lable produceras av Alwero<\/strong><\/p>","protected":false},"featured_media":14400,"comment_status":"open","ping_status":"closed","template":"","meta":{"_acf_changed":false},"product_brand":[],"product_cat":[360,349,364,350,31,194],"product_tag":[],"class_list":{"0":"post-14398","1":"product","2":"type-product","3":"status-publish","4":"has-post-thumbnail","6":"product_cat-cadeautips","7":"product_cat-borstvoedingenvoedingskussens","8":"product_cat-cadeaus-vanaf-e50","9":"product_cat-fashion","10":"product_cat-yogamat-wol","11":"product_cat-wollen-babyproducten","12":"pa_maat-s-m","13":"pa_maat-xxs-xs","15":"first","16":"instock","17":"taxable","18":"shipping-taxable","19":"purchasable","20":"product-type-variable"},"acf":[],"_links":{"self":[{"href":"https:\/\/woolskins.eu\/sv\/wp-json\/wp\/v2\/product\/14398","targetHints":{"allow":["GET"]}}],"collection":[{"href":"https:\/\/woolskins.eu\/sv\/wp-json\/wp\/v2\/product"}],"about":[{"href":"https:\/\/woolskins.eu\/sv\/wp-json\/wp\/v2\/types\/product"}],"replies":[{"embeddable":true,"href":"https:\/\/woolskins.eu\/sv\/wp-json\/wp\/v2\/comments?post=14398"}],"wp:featuredmedia":[{"embeddable":true,"href":"https:\/\/woolskins.eu\/sv\/wp-json\/wp\/v2\/media\/14400"}],"wp:attachment":[{"href":"https:\/\/woolskins.eu\/sv\/wp-json\/wp\/v2\/media?parent=14398"}],"wp:term":[{"taxonomy":"product_brand","embeddable":true,"href":"https:\/\/woolskins.eu\/sv\/wp-json\/wp\/v2\/product_brand?post=14398"},{"taxonomy":"product_cat","embeddable":true,"href":"https:\/\/woolskins.eu\/sv\/wp-json\/wp\/v2\/product_cat?post=14398"},{"taxonomy":"product_tag","embeddable":true,"href":"https:\/\/woolskins.eu\/sv\/wp-json\/wp\/v2\/product_tag?post=14398"}],"curies":[{"name":"wp","href":"https:\/\/api.w.org\/{rel}","templated":true}]}}