{"id":14150,"date":"2023-01-25T10:53:36","date_gmt":"2023-01-25T10:53:36","guid":{"rendered":"https:\/\/woolskins.eu\/?post_type=product&#038;p=14150"},"modified":"2023-11-25T12:31:09","modified_gmt":"2023-11-25T12:31:09","slug":"alwero-vast","status":"publish","type":"product","link":"https:\/\/woolskins.eu\/sv\/alwero-vest\/","title":{"rendered":"Alwero kofta"},"content":{"rendered":"<p>Denna Alwero cardigan \u00e4r gjord av ull. Den faller smidigt och n\u00e4r du v\u00e4l tar p\u00e5 den k\u00e4nner du komforten som ull har att erbjuda. H\u00e5ll dig varm och sk\u00f6n med denna ullkofta fr\u00e5n Alwero under de kallare dagarna.<\/p>\n<p>\u2013 100% Ullboucle<br \/>\n\u2013 Denna v\u00e4st ger extra v\u00e4rme f\u00f6r de kallare dagarna.<br \/>\n\u2013 Ull isolerar bra och andas.<\/p>\n<p>Denna produkt har Woolmark kvalitetsm\u00e4rket.<\/p>\n<h5>Alwero<\/h5>\n<p>Familjef\u00f6retaget Alwero grundades i slutet av 1990-talet utifr\u00e5n behovet av att skapa n\u00e5got. Mitt i naturen d\u00e4r f\u00e5ren betar i fj\u00e4llen hittar Alwerode den unika r\u00e5varan som det handlar om: r\u00e5ull.<\/p>\n<p>Genom att kombinera gamla traditioner och teknisk innovation skapar Alwero en v\u00e4rld av komfort. Kunskap, hantverk och k\u00e4rlek till ull har s\u00e4kerst\u00e4llt att Alweros produkter uppskattas \u00f6ver hela v\u00e4rlden.<\/p>","protected":false},"excerpt":{"rendered":"<p>Denna Alwero cardigan \u00e4r gjord av ull. Den faller smidigt och n\u00e4r du v\u00e4l tar p\u00e5 den k\u00e4nner du komforten som ull har att erbjuda. H\u00e5ll dig varm och sk\u00f6n med denna ullkofta fr\u00e5n Alwero under de kallare dagarna.<\/p>","protected":false},"featured_media":14155,"comment_status":"open","ping_status":"closed","template":"","meta":{"_acf_changed":false},"product_brand":[],"product_cat":[31,350,459],"product_tag":[],"class_list":{"0":"post-14150","1":"product","2":"type-product","3":"status-publish","4":"has-post-thumbnail","6":"product_cat-yogamat-wol","7":"product_cat-fashion","8":"product_cat-sale","9":"pa_maat-l-xl","10":"pa_maat-s-m","12":"first","13":"outofstock","14":"sale","15":"taxable","16":"shipping-taxable","17":"purchasable","18":"product-type-variable"},"acf":[],"_links":{"self":[{"href":"https:\/\/woolskins.eu\/sv\/wp-json\/wp\/v2\/product\/14150","targetHints":{"allow":["GET"]}}],"collection":[{"href":"https:\/\/woolskins.eu\/sv\/wp-json\/wp\/v2\/product"}],"about":[{"href":"https:\/\/woolskins.eu\/sv\/wp-json\/wp\/v2\/types\/product"}],"replies":[{"embeddable":true,"href":"https:\/\/woolskins.eu\/sv\/wp-json\/wp\/v2\/comments?post=14150"}],"wp:featuredmedia":[{"embeddable":true,"href":"https:\/\/woolskins.eu\/sv\/wp-json\/wp\/v2\/media\/14155"}],"wp:attachment":[{"href":"https:\/\/woolskins.eu\/sv\/wp-json\/wp\/v2\/media?parent=14150"}],"wp:term":[{"taxonomy":"product_brand","embeddable":true,"href":"https:\/\/woolskins.eu\/sv\/wp-json\/wp\/v2\/product_brand?post=14150"},{"taxonomy":"product_cat","embeddable":true,"href":"https:\/\/woolskins.eu\/sv\/wp-json\/wp\/v2\/product_cat?post=14150"},{"taxonomy":"product_tag","embeddable":true,"href":"https:\/\/woolskins.eu\/sv\/wp-json\/wp\/v2\/product_tag?post=14150"}],"curies":[{"name":"wp","href":"https:\/\/api.w.org\/{rel}","templated":true}]}}