{"id":14047,"date":"2023-01-17T16:21:56","date_gmt":"2023-01-17T16:21:56","guid":{"rendered":"https:\/\/woolskins.eu\/?post_type=product&#038;p=14047"},"modified":"2026-03-20T12:41:01","modified_gmt":"2026-03-20T12:41:01","slug":"alwero-amningskudde-essential-beige-2","status":"publish","type":"product","link":"https:\/\/woolskins.eu\/sv\/alwero-voedingskussen-essential-beige-2\/","title":{"rendered":"Ull amningskudde Filted-S | Beige"},"content":{"rendered":"<p>Eftersom kudden och fyllningen \u00e4r gjorda av ull andas kudden, l\u00e5ter inte, \u00e4r l\u00e4tt och tar direkt p\u00e5 kroppstemperaturen.<\/p>\n<p>\u2013 \u00d6verdraget \u00e4r 100% nyull &#039;Felted&#039; med Woolmark kvalitetsm\u00e4rke.<br \/>\n\u2013 Sl\u00e4t, mjuk och kompakt struktur<br \/>\n\u2013 Goda termiska egenskaper<br \/>\n\u2013 Fyllning av ullbollar (100% ekologisk ull).<br \/>\n\u2013 Innerkudde (ekobomull) med dragkedja.<br \/>\n\u2013 Tyst naturlig fyllning!<br \/>\n\u2013 L\u00e4tt vikt (900 gram).<br \/>\n\u2013 Amningskudde och den hj\u00e4lper ditt barn att sitta uppr\u00e4tt och &quot;Tummy time&quot;.<br \/>\n\u2013 M\u00e5tt 55 x 50 cm (mittomkrets 60 cm).<br \/>\n\u2013 \u00d6verdrag och innerkudde \u00e4r tv\u00e4ttbara i 30\u00b0C ulltv\u00e4ttprogram.<\/p>\n<h5>Ullskinnsetikett<\/h5>\n<p>Efter \u00e5r av framg\u00e5ngsrikt samarbete med Alwero kan vi stolt meddela att vi nu b\u00e4r v\u00e5ra produkter under v\u00e5r egen Woolskins-etikett.<\/p>\n<p>P\u00e5 s\u00e5 s\u00e4tt f\u00e5r du fortfarande den b\u00e4sta kvaliteten, men kombinerat med de snyggaste och unika produkterna och designerna.<\/p>\n<p>Kvaliteten p\u00e5 tygerna och f\u00e4rgerna f\u00f6rblir som de alltid har varit, men det finns nu ett st\u00f6rre urval som Woolskins tror kan utm\u00e4rka sig.<\/p>\n<p>V\u00e5r breda kollektion \u00e4r sammansatt p\u00e5 ett s\u00e5dant s\u00e4tt att de \u00e4r ett bra komplement till alla babyset, gjorda av 100% europeisk ull som andas och passar f\u00f6r varje s\u00e4song.<\/p>\n<p>Vi g\u00e5r entusiastiskt samman f\u00f6r att skapa en h\u00e5llbar, naturlig och mest bekv\u00e4m produkt f\u00f6r ditt barn.<\/p>","protected":false},"excerpt":{"rendered":"<p>Denna amningskudde i ylle \u00e4r extremt bekv\u00e4m och lugnande f\u00f6r ditt barn under matning eftersom den \u00e4r viskande tyst och omedelbart tar p\u00e5 ditt barns kroppstemperatur. Det hj\u00e4lper ocks\u00e5 ditt barn att sitta uppr\u00e4tt eller anv\u00e4nda den under &quot;Tummy time&quot;.<\/p>\n<p>Eftersom kudden och fyllningen \u00e4r gjorda av ull \u00e4r kudden andningsbar och allergiv\u00e4nlig. Ullfibrer har egenskapen att fungera som en naturlig termostat som reglerar kroppstemperaturen? Detta s\u00e4kerst\u00e4ller en stabil temperatur och h\u00e5ller dig och ditt barn torra och bekv\u00e4ma.<\/p>\n<p>Den unika ekologiska ullbollsfyllningen ger ett bra st\u00f6d f\u00f6r din kropp och ditt barn och eftersom fyllningen inte l\u00e5ter (till skillnad fr\u00e5n till exempel k\u00e4rnfyllning) kan du mata ditt barn ost\u00f6rt och p\u00e5 s\u00e5 s\u00e4tt njuta av varandra i det o\u00e4ndliga. Ullen har rengjorts och tv\u00e4ttats med biologiskt nedbrytbara tv\u00e4ttmedel och det naturligt f\u00f6rekommande lanolinet g\u00f6r ullen dammfri och d\u00e4rf\u00f6r antiallergen.<\/p>\n<p><strong>M\u00e4rke: Woolskins<\/strong><br \/>\n<strong>Produktion: Polen<\/strong><\/p>","protected":false},"featured_media":14052,"comment_status":"open","ping_status":"closed","template":"","meta":{"_acf_changed":false},"product_brand":[],"product_cat":[360,349,364,210],"product_tag":[],"class_list":{"0":"post-14047","1":"product","2":"type-product","3":"status-publish","4":"has-post-thumbnail","6":"product_cat-cadeautips","7":"product_cat-borstvoedingenvoedingskussens","8":"product_cat-cadeaus-vanaf-e50","9":"product_cat-wollen-voedingskussen","11":"first","12":"outofstock","13":"taxable","14":"shipping-taxable","15":"purchasable","16":"product-type-variable","17":"has-default-attributes"},"acf":[],"_links":{"self":[{"href":"https:\/\/woolskins.eu\/sv\/wp-json\/wp\/v2\/product\/14047","targetHints":{"allow":["GET"]}}],"collection":[{"href":"https:\/\/woolskins.eu\/sv\/wp-json\/wp\/v2\/product"}],"about":[{"href":"https:\/\/woolskins.eu\/sv\/wp-json\/wp\/v2\/types\/product"}],"replies":[{"embeddable":true,"href":"https:\/\/woolskins.eu\/sv\/wp-json\/wp\/v2\/comments?post=14047"}],"wp:featuredmedia":[{"embeddable":true,"href":"https:\/\/woolskins.eu\/sv\/wp-json\/wp\/v2\/media\/14052"}],"wp:attachment":[{"href":"https:\/\/woolskins.eu\/sv\/wp-json\/wp\/v2\/media?parent=14047"}],"wp:term":[{"taxonomy":"product_brand","embeddable":true,"href":"https:\/\/woolskins.eu\/sv\/wp-json\/wp\/v2\/product_brand?post=14047"},{"taxonomy":"product_cat","embeddable":true,"href":"https:\/\/woolskins.eu\/sv\/wp-json\/wp\/v2\/product_cat?post=14047"},{"taxonomy":"product_tag","embeddable":true,"href":"https:\/\/woolskins.eu\/sv\/wp-json\/wp\/v2\/product_tag?post=14047"}],"curies":[{"name":"wp","href":"https:\/\/api.w.org\/{rel}","templated":true}]}}