{"id":14019,"date":"2023-01-17T09:13:53","date_gmt":"2023-01-17T09:13:53","guid":{"rendered":"https:\/\/woolskins.eu\/?post_type=product&#038;p=14019"},"modified":"2026-02-18T13:41:08","modified_gmt":"2026-02-18T13:41:08","slug":"alwero-lindningsfilt-nyfodd-natur","status":"publish","type":"product","link":"https:\/\/woolskins.eu\/sv\/alwero-wikkeldeken-newborn-natural\/","title":{"rendered":"Woolen Wrap Filt \/ Hooded Blanket Newborn | Naturlig"},"content":{"rendered":"<p>Ditt barn kommer att sova underbart och dr\u00f6mma sig bort i denna bekv\u00e4ma yllefilt fr\u00e5n v\u00e5r &#039;Newborn&#039;-kollektion. Denna omlott-\/huvafilt \u00e4r sl\u00e4t och luftig och \u00e4r idealisk f\u00f6r varmare v\u00e4der. De har ett vackert och lyxigt utseende och \u00e4r extremt bekv\u00e4ma. Insidan av filten \u00e4r helt gjord av ull. Du kan ocks\u00e5 linda din bebis med denna eller mata den bekv\u00e4mt. Du kan enkelt ta den med dig n\u00e4r du \u00e4r p\u00e5 spr\u00e5ng f\u00f6r att h\u00e5lla din bebis varm.<\/p>\n<p>\u2013 Finns exklusivt hos Woolskins.<br \/>\n\u2013 Tv\u00e5sidig, en sida (insida) helt ull.<br \/>\n\u2013 Woolblend 56% ren obearbetad ny ull (Woolmark kvalitetsm\u00e4rke) 44% syntetfiber.<br \/>\n\u2013 F\u00f6r hemma och p\u00e5 resande fot.<br \/>\n\u2013 M\u00e5tt: 80 x 80 cm.<br \/>\n\u2013 Europeisk produktion.<br \/>\n\u2013 kan tv\u00e4ttas i 30\u00b0C ulltv\u00e4ttprogram.<\/p>\n<p>Ullfibrer andas och har egenskapen att fungera som en naturlig termostat som reglerar kroppstemperaturen? Detta hj\u00e4lper ditt barn att h\u00e5lla en stabil temperatur och h\u00e5ller ditt barn torrt och bekv\u00e4mt. Den g\u00f6r detta &quot;dynamiskt&quot;, vilket betyder att det h\u00e4nder n\u00e4r det beh\u00f6vs och inte n\u00e4r det inte beh\u00f6vs. Varmt p\u00e5 vintern och svalt p\u00e5 sommaren.<\/p>\n<p>Denna produkt har kvalitetsm\u00e4rket Safe for Children och Woolmark.<\/p>\n<h5>Ullskinnsetikett<\/h5>\n<p>Efter \u00e5r av framg\u00e5ngsrikt samarbete med Alwero kan vi stolt meddela att vi nu b\u00e4r v\u00e5ra produkter under v\u00e5r egen Woolskins-etikett.<\/p>\n<p>P\u00e5 s\u00e5 s\u00e4tt f\u00e5r du fortfarande den b\u00e4sta kvaliteten, men kombinerat med de snyggaste och unika produkterna och designerna.<\/p>\n<p>Kvaliteten p\u00e5 tygerna och f\u00e4rgerna f\u00f6rblir som de alltid har varit, men det finns nu ett st\u00f6rre urval som Woolskins tror kan utm\u00e4rka sig.<\/p>\n<p>V\u00e5r breda kollektion \u00e4r sammansatt p\u00e5 ett s\u00e5dant s\u00e4tt att de \u00e4r ett bra komplement till alla babyset, gjorda av 100% europeisk ull som andas och passar f\u00f6r varje s\u00e4song.<\/p>\n<p>Vi g\u00e5r entusiastiskt samman f\u00f6r att skapa en h\u00e5llbar, naturlig och mest bekv\u00e4m produkt f\u00f6r ditt barn.<\/p>","protected":false},"excerpt":{"rendered":"<p>Ditt barn kommer att sova underbart och dr\u00f6mma sig bort under denna bekv\u00e4ma spj\u00e4ls\u00e4ngsfilt i ylle. Spj\u00e4ls\u00e4ngsfilten i ull \u00e4r smidig och mycket mjuk och \u00e4r avslutad med en passpoal. De har ett vackert och lyxigt utseende och h\u00f6r hemma i varje babyset. Ullfiltarna andas och tar genast ditt barns temperatur. De har den perfekta storleken och vikten f\u00f6r att sova eller leka p\u00e5. Anv\u00e4nd den hemma eller p\u00e5 spr\u00e5ng f\u00f6r att h\u00e5lla ditt barn varmt. Filten passar alla \u00e5rstider och en perfekt present till en babyshower eller mammabes\u00f6k<\/p>\n<p><strong>M\u00e4rke: Woolskins<\/strong><br \/>\n<strong>Produktion: Polen<\/strong><\/p>","protected":false},"featured_media":17487,"comment_status":"open","ping_status":"closed","template":"","meta":{"_acf_changed":false},"product_brand":[],"product_cat":[360,363,196,321,194],"product_tag":[],"class_list":{"0":"post-14019","1":"product","2":"type-product","3":"status-publish","4":"has-post-thumbnail","6":"product_cat-cadeautips","7":"product_cat-cadeaus-e25-e50","8":"product_cat-slaapkleding-baby","9":"product_cat-wikkeldekens","10":"product_cat-wollen-babyproducten","12":"first","13":"instock","14":"taxable","15":"shipping-taxable","16":"purchasable","17":"product-type-simple"},"acf":[],"_links":{"self":[{"href":"https:\/\/woolskins.eu\/sv\/wp-json\/wp\/v2\/product\/14019","targetHints":{"allow":["GET"]}}],"collection":[{"href":"https:\/\/woolskins.eu\/sv\/wp-json\/wp\/v2\/product"}],"about":[{"href":"https:\/\/woolskins.eu\/sv\/wp-json\/wp\/v2\/types\/product"}],"replies":[{"embeddable":true,"href":"https:\/\/woolskins.eu\/sv\/wp-json\/wp\/v2\/comments?post=14019"}],"wp:featuredmedia":[{"embeddable":true,"href":"https:\/\/woolskins.eu\/sv\/wp-json\/wp\/v2\/media\/17487"}],"wp:attachment":[{"href":"https:\/\/woolskins.eu\/sv\/wp-json\/wp\/v2\/media?parent=14019"}],"wp:term":[{"taxonomy":"product_brand","embeddable":true,"href":"https:\/\/woolskins.eu\/sv\/wp-json\/wp\/v2\/product_brand?post=14019"},{"taxonomy":"product_cat","embeddable":true,"href":"https:\/\/woolskins.eu\/sv\/wp-json\/wp\/v2\/product_cat?post=14019"},{"taxonomy":"product_tag","embeddable":true,"href":"https:\/\/woolskins.eu\/sv\/wp-json\/wp\/v2\/product_tag?post=14019"}],"curies":[{"name":"wp","href":"https:\/\/api.w.org\/{rel}","templated":true}]}}