{"id":13549,"date":"2022-12-12T11:25:35","date_gmt":"2022-12-12T11:25:35","guid":{"rendered":"https:\/\/woolskins.eu\/?post_type=product&#038;p=13549"},"modified":"2024-09-25T11:37:24","modified_gmt":"2024-09-25T11:37:24","slug":"mammavaska-lammy-aventyrlig-mamma","status":"publish","type":"product","link":"https:\/\/woolskins.eu\/sv\/moms-bag-lammy-adventurous-mom\/","title":{"rendered":"Mom Bag Wool - Tumlad | Zebra"},"content":{"rendered":"<p>V\u00e4skan \u00e4r fodrad med ett vattent\u00e4tt tyg och har gott om f\u00f6rvaringsutrymme. Finns i ett antal snygga f\u00e4rger och kan enkelt kombineras med alla andra produkter fr\u00e5n v\u00e5r Thumbled-serie.<\/p>\n<p>\u2013 M\u00e5tt: 58 x 42 cm<br \/>\n\u2013 Praktiska handtag<br \/>\n\u2013 100% ull (vattent\u00e4tt innerfoder)<\/p>\n<h5>Ullskinnsetikett<\/h5>\n<p>Efter \u00e5r av framg\u00e5ngsrikt samarbete med Alwero kan vi stolt meddela att vi nu b\u00e4r v\u00e5ra produkter under v\u00e5r egen Woolskins-etikett.<\/p>\n<p>P\u00e5 s\u00e5 s\u00e4tt f\u00e5r du fortfarande den b\u00e4sta kvaliteten, men kombinerat med de snyggaste och unika produkterna och designerna.<\/p>\n<p>Kvaliteten p\u00e5 tygerna och f\u00e4rgerna f\u00f6rblir som de alltid har varit, men det finns nu ett st\u00f6rre urval som Woolskins tror kan utm\u00e4rka sig.<\/p>\n<p>V\u00e5r breda kollektion \u00e4r sammansatt p\u00e5 ett s\u00e5dant s\u00e4tt att de \u00e4r ett bra komplement till alla babyset, gjorda av 100% europeisk ull som andas och passar f\u00f6r varje s\u00e4song.<\/p>\n<p>Vi g\u00e5r entusiastiskt samman f\u00f6r att skapa en h\u00e5llbar, naturlig och mest bekv\u00e4m produkt f\u00f6r ditt barn.<\/p>","protected":false},"excerpt":{"rendered":"<p>Denna beh\u00e4ndiga mammav\u00e4ska i ull fr\u00e5n Woolskins \u00e4r perfekt f\u00f6r din barnvagn eller som shoppare. Ett riktigt &quot;m\u00e5ste&quot; n\u00e4r du \u00e4r mycket p\u00e5 resande fot. V\u00e4skan \u00e4r fodrad med ett vattent\u00e4tt tyg s\u00e5 du kan \u00e4ven anv\u00e4nda v\u00e4skan ut och in n\u00e4r det regnar. V\u00e5r mammav\u00e4ska \u00e4r ett m\u00e5ngsidigt och praktiskt tillbeh\u00f6r som g\u00f6r varje mammas liv enklare. Mom Bag kan lagra alla n\u00f6dv\u00e4ndigheter f\u00f6r ditt barn, s\u00e5som bl\u00f6jor, st\u00e4ddukar, flaskor, leksaker och kl\u00e4der, men det finns ocks\u00e5 tillr\u00e4ckligt med plats f\u00f6r dina personliga f\u00f6rem\u00e5l som telefon, nycklar och kosmetika. V\u00e5r Mom Bag finns i ett antal snygga f\u00e4rger och kan enkelt kombineras med alla andra produkter fr\u00e5n v\u00e5r Thumbled-serie.<\/p>\n<p><strong>M\u00e4rke: Woolskins<\/strong><br \/>\n<strong>Produktion: Polen<\/strong><\/p>\n<h5><span style=\"font-size: 16px;\">)<\/span><\/h5>","protected":false},"featured_media":13552,"comment_status":"closed","ping_status":"closed","template":"","meta":{"_acf_changed":false},"product_brand":[],"product_cat":[351,364,350,31,196,194],"product_tag":[],"class_list":{"0":"post-13549","1":"product","2":"type-product","3":"status-publish","4":"has-post-thumbnail","6":"product_cat-accessoiresvoormama","7":"product_cat-cadeaus-vanaf-e50","8":"product_cat-fashion","9":"product_cat-yogamat-wol","10":"product_cat-slaapkleding-baby","11":"product_cat-wollen-babyproducten","13":"first","14":"instock","15":"taxable","16":"shipping-taxable","17":"purchasable","18":"product-type-simple"},"acf":[],"_links":{"self":[{"href":"https:\/\/woolskins.eu\/sv\/wp-json\/wp\/v2\/product\/13549","targetHints":{"allow":["GET"]}}],"collection":[{"href":"https:\/\/woolskins.eu\/sv\/wp-json\/wp\/v2\/product"}],"about":[{"href":"https:\/\/woolskins.eu\/sv\/wp-json\/wp\/v2\/types\/product"}],"replies":[{"embeddable":true,"href":"https:\/\/woolskins.eu\/sv\/wp-json\/wp\/v2\/comments?post=13549"}],"wp:featuredmedia":[{"embeddable":true,"href":"https:\/\/woolskins.eu\/sv\/wp-json\/wp\/v2\/media\/13552"}],"wp:attachment":[{"href":"https:\/\/woolskins.eu\/sv\/wp-json\/wp\/v2\/media?parent=13549"}],"wp:term":[{"taxonomy":"product_brand","embeddable":true,"href":"https:\/\/woolskins.eu\/sv\/wp-json\/wp\/v2\/product_brand?post=13549"},{"taxonomy":"product_cat","embeddable":true,"href":"https:\/\/woolskins.eu\/sv\/wp-json\/wp\/v2\/product_cat?post=13549"},{"taxonomy":"product_tag","embeddable":true,"href":"https:\/\/woolskins.eu\/sv\/wp-json\/wp\/v2\/product_tag?post=13549"}],"curies":[{"name":"wp","href":"https:\/\/api.w.org\/{rel}","templated":true}]}}