{"id":13414,"date":"2022-12-06T15:56:51","date_gmt":"2022-12-06T15:56:51","guid":{"rendered":"https:\/\/woolskins.eu\/?post_type=product&#038;p=13414"},"modified":"2025-11-21T09:49:46","modified_gmt":"2025-11-21T09:49:46","slug":"babyjacka-bomber-essential-beige","status":"publish","type":"product","link":"https:\/\/woolskins.eu\/sv\/baby-jasje-bomber-essential-beige\/","title":{"rendered":"Ull Babyjacka Bomber Filtad | Ljusgr\u00e5"},"content":{"rendered":"<p>Denna produkt har kvalitetsm\u00e4rket Safe for Children och Woolmark. Denna v\u00e4st b\u00e4rs ofta som ytterplagg, s\u00e5 t\u00e4nk p\u00e5 detta n\u00e4r du v\u00e4ljer r\u00e4tt storlek.<\/p>\n<p>\u2013 100% nyull, Woolmark kvalitetsm\u00e4rke.<br \/>\n\u2013 Mycket varmt f\u00f6r hemma eller p\u00e5 resan.<br \/>\n\u2013 Olika f\u00e4rger tillg\u00e4ngliga.<br \/>\n\u2013 Praktiska tryckknappar, st\u00e4nger enkelt.<br \/>\n\u2013 Muddarna sitter bra p\u00e5 kroppen och h\u00e5ller kylan ute.<\/p>\n<h5>Ullskinnsetikett<\/h5>\n<p>Efter \u00e5r av framg\u00e5ngsrikt samarbete med Alwero kan vi stolt meddela att vi nu b\u00e4r v\u00e5ra produkter under v\u00e5r egen Woolskins-etikett.<\/p>\n<p>P\u00e5 s\u00e5 s\u00e4tt f\u00e5r du fortfarande den b\u00e4sta kvaliteten, men kombinerat med de snyggaste och unika produkterna och designerna.<\/p>\n<p>Kvaliteten p\u00e5 tygerna och f\u00e4rgerna f\u00f6rblir som de alltid har varit, men det finns nu ett st\u00f6rre urval som Woolskins tror kan utm\u00e4rka sig.<\/p>\n<p>V\u00e5r breda kollektion \u00e4r sammansatt p\u00e5 ett s\u00e5dant s\u00e4tt att de \u00e4r ett bra komplement till alla babyset, gjorda av 100% europeisk ull som andas och passar f\u00f6r varje s\u00e4song.<\/p>\n<p>Vi g\u00e5r entusiastiskt samman f\u00f6r att skapa en h\u00e5llbar, naturlig och mest bekv\u00e4m produkt f\u00f6r ditt barn.<\/p>","protected":false},"excerpt":{"rendered":"<p>Den h\u00e4r jackan \u00e4r ett riktigt &quot;Must Have&quot; f\u00f6r varje babyoutfit. Den \u00e4r extremt bekv\u00e4m och \u00e4r gjord av 100% ull. Det s\u00e4kerst\u00e4ller att ditt barn \u00e4r helt redo att g\u00e5 ut. Den v\u00e4lsittande \u00e4rmmanschetten ser till att vinden inte kan bl\u00e5sa in. Jackan har tryckknappar och har broderade bokst\u00e4ver &quot;A True Lovestory Never Ends&quot; p\u00e5 baksidan. Det \u00e4r b\u00e4ttre att best\u00e4lla ingen text p\u00e5 baksidan \u00e4n att helt enkelt best\u00e4lla utan. Tillverkad av 100% filtad ull, s\u00e5 underbart varm. Denna jacka \u00e4r l\u00e4mplig f\u00f6r v\u00e5r, vinter och h\u00f6st.<\/p>\n<p><strong>M\u00e4rke: Woolskins<\/strong><br \/>\n<strong>Produktion: Polen<\/strong><\/p>","protected":false},"featured_media":13431,"comment_status":"open","ping_status":"closed","template":"","meta":{"_acf_changed":false},"product_brand":[],"product_cat":[360,364,200,196,337,344,194],"product_tag":[],"class_list":{"0":"post-13414","1":"product","2":"type-product","3":"status-publish","4":"has-post-thumbnail","6":"product_cat-cadeautips","7":"product_cat-cadeaus-vanaf-e50","8":"product_cat-wollen-babykleding","9":"product_cat-slaapkleding-baby","10":"product_cat-vestjes","11":"product_cat-kleertjes","12":"product_cat-wollen-babyproducten","13":"pa_maat-3-6-maanden","14":"pa_maat-6-12-maanden","16":"first","17":"instock","18":"taxable","19":"shipping-taxable","20":"purchasable","21":"product-type-variable","22":"has-default-attributes"},"acf":[],"_links":{"self":[{"href":"https:\/\/woolskins.eu\/sv\/wp-json\/wp\/v2\/product\/13414","targetHints":{"allow":["GET"]}}],"collection":[{"href":"https:\/\/woolskins.eu\/sv\/wp-json\/wp\/v2\/product"}],"about":[{"href":"https:\/\/woolskins.eu\/sv\/wp-json\/wp\/v2\/types\/product"}],"replies":[{"embeddable":true,"href":"https:\/\/woolskins.eu\/sv\/wp-json\/wp\/v2\/comments?post=13414"}],"wp:featuredmedia":[{"embeddable":true,"href":"https:\/\/woolskins.eu\/sv\/wp-json\/wp\/v2\/media\/13431"}],"wp:attachment":[{"href":"https:\/\/woolskins.eu\/sv\/wp-json\/wp\/v2\/media?parent=13414"}],"wp:term":[{"taxonomy":"product_brand","embeddable":true,"href":"https:\/\/woolskins.eu\/sv\/wp-json\/wp\/v2\/product_brand?post=13414"},{"taxonomy":"product_cat","embeddable":true,"href":"https:\/\/woolskins.eu\/sv\/wp-json\/wp\/v2\/product_cat?post=13414"},{"taxonomy":"product_tag","embeddable":true,"href":"https:\/\/woolskins.eu\/sv\/wp-json\/wp\/v2\/product_tag?post=13414"}],"curies":[{"name":"wp","href":"https:\/\/api.w.org\/{rel}","templated":true}]}}