{"id":12858,"date":"2022-11-08T11:18:43","date_gmt":"2022-11-08T11:18:43","guid":{"rendered":"https:\/\/woolskins.eu\/?post_type=product&#038;p=12858"},"modified":"2025-11-25T11:34:40","modified_gmt":"2025-11-25T11:34:40","slug":"alwero-handvarmare-vantar-ecru","status":"publish","type":"product","link":"https:\/\/woolskins.eu\/sv\/alwero-handwarmers-wanten-ecru\/","title":{"rendered":"Ulle damvantar \u2013 tumlade | ecru"},"content":{"rendered":"<p>\u2013 100% nyull, Woolmark kvalitetsm\u00e4rke.<br \/>\n\u2013 Med praktisk omkopplare till fingerl\u00f6s vante.<br \/>\n\u2013 Olika f\u00e4rger tillg\u00e4ngliga.<\/p>\n<p>Storlekar i centimeter:<\/p>\n<p>Storlek S: 10 cm Bredd vid handleden x 24 cm l\u00e4ngd<br \/>\nStorlek M: 11 cm Bredd vid handleden x 25 cm l\u00e4ngd<br \/>\nStorlek L: 12 cm Bredd vid handleden x 26 cm l\u00e4ngd<\/p>\n<h5>Ullskinnsetikett<\/h5>\n<p>Efter \u00e5r av framg\u00e5ngsrikt samarbete med Alwero kan vi stolt meddela att vi nu b\u00e4r v\u00e5ra produkter under v\u00e5r egen Woolskins-etikett.<\/p>\n<p>P\u00e5 s\u00e5 s\u00e4tt f\u00e5r du fortfarande den b\u00e4sta kvaliteten, men kombinerat med de snyggaste och unika produkterna och designerna.<\/p>\n<p>Kvaliteten p\u00e5 tygerna och f\u00e4rgerna f\u00f6rblir som de alltid har varit, men det finns nu ett st\u00f6rre urval som Woolskins tror kan utm\u00e4rka sig.<\/p>\n<p>V\u00e5r breda kollektion \u00e4r sammansatt p\u00e5 ett s\u00e5dant s\u00e4tt att de \u00e4r ett bra komplement till alla babyset, gjorda av 100% europeisk ull som andas och passar f\u00f6r varje s\u00e4song.<\/p>\n<p>Vi g\u00e5r entusiastiskt samman f\u00f6r att skapa en h\u00e5llbar, naturlig och mest bekv\u00e4m produkt f\u00f6r ditt barn.<\/p>","protected":false},"excerpt":{"rendered":"<p>Om du letar efter ett par yllevantar att unna dig sj\u00e4lv eller n\u00e5gon n\u00e4rst\u00e5ende kan vi varmt rekommendera dessa vantar fr\u00e5n Woolskins. Tack vare de praktiska \u00f6ppningarna kan du f\u00e5 fingerl\u00f6sa vantar p\u00e5 nolltid, vilket g\u00f6r det enkelt att f\u00e5 din bebis i och ur vagnen eller att till exempel ge honom en flaska. V\u00e5ra ullvantar \u00e4r ett bra s\u00e4tt att h\u00e5lla h\u00e4nderna varma och bekv\u00e4ma under de kalla vinterm\u00e5naderna. De \u00e4r mjuka och andas, vilket g\u00f6r dem l\u00e4mpliga f\u00f6r personer med k\u00e4nslig hud. V\u00e5ra ullvantar finns i olika f\u00e4rger och storlekar.<\/p>\n<p><strong>M\u00e4rke: Woolskins<\/strong><br \/>\n<strong>Produktion: Polen<\/strong><\/p>","protected":false},"featured_media":12860,"comment_status":"open","ping_status":"closed","template":"","meta":{"_acf_changed":false},"product_brand":[],"product_cat":[360,351,362,350,31,194],"product_tag":[],"class_list":{"0":"post-12858","1":"product","2":"type-product","3":"status-publish","4":"has-post-thumbnail","6":"product_cat-cadeautips","7":"product_cat-accessoiresvoormama","8":"product_cat-cadeaus-tot-e-25","9":"product_cat-fashion","10":"product_cat-yogamat-wol","11":"product_cat-wollen-babyproducten","12":"pa_maat-l","13":"pa_maat-m","14":"pa_maat-s","16":"first","17":"outofstock","18":"taxable","19":"shipping-taxable","20":"purchasable","21":"product-type-variable"},"acf":[],"_links":{"self":[{"href":"https:\/\/woolskins.eu\/sv\/wp-json\/wp\/v2\/product\/12858","targetHints":{"allow":["GET"]}}],"collection":[{"href":"https:\/\/woolskins.eu\/sv\/wp-json\/wp\/v2\/product"}],"about":[{"href":"https:\/\/woolskins.eu\/sv\/wp-json\/wp\/v2\/types\/product"}],"replies":[{"embeddable":true,"href":"https:\/\/woolskins.eu\/sv\/wp-json\/wp\/v2\/comments?post=12858"}],"wp:featuredmedia":[{"embeddable":true,"href":"https:\/\/woolskins.eu\/sv\/wp-json\/wp\/v2\/media\/12860"}],"wp:attachment":[{"href":"https:\/\/woolskins.eu\/sv\/wp-json\/wp\/v2\/media?parent=12858"}],"wp:term":[{"taxonomy":"product_brand","embeddable":true,"href":"https:\/\/woolskins.eu\/sv\/wp-json\/wp\/v2\/product_brand?post=12858"},{"taxonomy":"product_cat","embeddable":true,"href":"https:\/\/woolskins.eu\/sv\/wp-json\/wp\/v2\/product_cat?post=12858"},{"taxonomy":"product_tag","embeddable":true,"href":"https:\/\/woolskins.eu\/sv\/wp-json\/wp\/v2\/product_tag?post=12858"}],"curies":[{"name":"wp","href":"https:\/\/api.w.org\/{rel}","templated":true}]}}