{"id":12021,"date":"2022-09-15T12:35:04","date_gmt":"2022-09-15T12:35:04","guid":{"rendered":"https:\/\/woolskins.eu\/?post_type=product&#038;p=12021"},"modified":"2026-03-03T13:14:01","modified_gmt":"2026-03-03T13:14:01","slug":"alwero-skotbordsmatta-gra","status":"publish","type":"product","link":"https:\/\/woolskins.eu\/sv\/alwero-verschoningsmat-grijs\/","title":{"rendered":"Sk\u00f6tunderl\u00e4gg i ylle Baby \u2013 Filtad | Ljusgr\u00e5"},"content":{"rendered":"<p>Sk\u00f6tunderl\u00e4gg av ullskinn, genomt\u00e4nkt och mycket praktiskt p\u00e5 resan eller hemma om du vill byta bebis. V\u00e5r sk\u00f6tb\u00e4dd \u00e4r gjord av 100% ull och har ett vattent\u00e4tt moltoninl\u00e4gg f\u00f6r mindre olyckor. Det betyder att du inte beh\u00f6ver tv\u00e4tta hela sk\u00f6tb\u00e4dden varje g\u00e5ng. Sk\u00f6tunderlaget \u00e4r l\u00e4tt att vika ihop och har tv\u00e5 fickor p\u00e5 sidan d\u00e4r du kan f\u00f6rvara bl\u00f6jor och sk\u00f6tdukar. Sk\u00f6tunderlaget kan \u00e4ven anv\u00e4ndas hemma p\u00e5 sk\u00f6tunderlaget.<\/p>\n<p>Sladden h\u00e5ller inte bara ihop mattan n\u00e4r den \u00e4r hopf\u00e4lld, utan fungerar ocks\u00e5 som en liten distraktion med p\u00e4rlor f\u00f6r ditt barn s\u00e5 att du kan byta den tyst.<\/p>\n<p>M\u00e5tt: 50 x 70 cm, vikt 24 x 22 cm.<\/p>\n<p>En sk\u00f6tb\u00e4dd i ull \u00e4r:<\/p>\n<p>\u2013 100% nyull Filtad med Woolmark kvalitetsm\u00e4rke.<br \/>\n\u2013 Sl\u00e4t, mjuk och kompakt struktur<br \/>\n\u2013 Goda termiska egenskaper<br \/>\n\u2013 F\u00f6r hemma och p\u00e5 v\u00e4gen.<br \/>\n\u2013 Vattenavvisande, bekv\u00e4m och hygienisk<br \/>\n\u2013 Europeisk produktion.<br \/>\n\u2013 kan tv\u00e4ttas i 30\u00b0C ulltv\u00e4ttprogram.<\/p>\n<p>Denna produkt har kvalitetsm\u00e4rket Safe for Children och Woolmark.<\/p>","protected":false},"excerpt":{"rendered":"<p>Denna yllebyteduk \u00e4r en mjuk och varm produkt som \u00e4r idealisk f\u00f6r att byta din bebis. Denna sk\u00f6tb\u00e4dd \u00e4r genomt\u00e4nkt och mycket anv\u00e4ndbar f\u00f6r p\u00e5 resan eller hemma om du vill byta om din bebis. V\u00e5r sk\u00f6tb\u00e4dd \u00e4r gjord av 100% ull och har ett vattent\u00e4tt moltoninl\u00e4gg f\u00f6r mindre olyckor, s\u00e5 du beh\u00f6ver inte tv\u00e4tta hela sk\u00f6tunderlaget varje g\u00e5ng. Sk\u00f6tunderlaget \u00e4r l\u00e4tt att vika ihop och har tv\u00e5 fickor p\u00e5 sidan d\u00e4r du kan f\u00f6rvara bl\u00f6jor och sk\u00f6tdukar. Sk\u00f6tunderlaget kan \u00e4ven anv\u00e4ndas hemma p\u00e5 sk\u00f6tunderlaget. Det \u00e4r ett m\u00e5ste f\u00f6r varje f\u00f6r\u00e4lder som vill ta hand om sitt barn bekv\u00e4mt och hygieniskt.<\/p>\n<p><strong>M\u00e4rke: Woolskins<\/strong><br \/>\n<strong>Produktion: Polen<\/strong><\/p>","protected":false},"featured_media":12011,"comment_status":"open","ping_status":"closed","template":"","meta":{"_acf_changed":false},"product_brand":[],"product_cat":[360,363,196,318,194],"product_tag":[],"class_list":{"0":"post-12021","1":"product","2":"type-product","3":"status-publish","4":"has-post-thumbnail","6":"product_cat-cadeautips","7":"product_cat-cadeaus-e25-e50","8":"product_cat-slaapkleding-baby","9":"product_cat-wollen-wiegdeken-ledikantdeken","10":"product_cat-wollen-babyproducten","12":"first","13":"instock","14":"taxable","15":"shipping-taxable","16":"purchasable","17":"product-type-simple"},"acf":[],"_links":{"self":[{"href":"https:\/\/woolskins.eu\/sv\/wp-json\/wp\/v2\/product\/12021","targetHints":{"allow":["GET"]}}],"collection":[{"href":"https:\/\/woolskins.eu\/sv\/wp-json\/wp\/v2\/product"}],"about":[{"href":"https:\/\/woolskins.eu\/sv\/wp-json\/wp\/v2\/types\/product"}],"replies":[{"embeddable":true,"href":"https:\/\/woolskins.eu\/sv\/wp-json\/wp\/v2\/comments?post=12021"}],"wp:featuredmedia":[{"embeddable":true,"href":"https:\/\/woolskins.eu\/sv\/wp-json\/wp\/v2\/media\/12011"}],"wp:attachment":[{"href":"https:\/\/woolskins.eu\/sv\/wp-json\/wp\/v2\/media?parent=12021"}],"wp:term":[{"taxonomy":"product_brand","embeddable":true,"href":"https:\/\/woolskins.eu\/sv\/wp-json\/wp\/v2\/product_brand?post=12021"},{"taxonomy":"product_cat","embeddable":true,"href":"https:\/\/woolskins.eu\/sv\/wp-json\/wp\/v2\/product_cat?post=12021"},{"taxonomy":"product_tag","embeddable":true,"href":"https:\/\/woolskins.eu\/sv\/wp-json\/wp\/v2\/product_tag?post=12021"}],"curies":[{"name":"wp","href":"https:\/\/api.w.org\/{rel}","templated":true}]}}