{"id":12005,"date":"2022-09-15T12:00:16","date_gmt":"2022-09-15T12:00:16","guid":{"rendered":"https:\/\/woolskins.eu\/?post_type=product&#038;p=12005"},"modified":"2026-03-08T13:17:42","modified_gmt":"2026-03-08T13:17:42","slug":"alwero-skotbordsmatta-beige","status":"publish","type":"product","link":"https:\/\/woolskins.eu\/sv\/alwero-verschoningsmat-beige\/","title":{"rendered":"Sk\u00f6tunderl\u00e4gg i ylle Baby \u2013 Filtad | Beige"},"content":{"rendered":"<p>Sk\u00f6tunderl\u00e4gg av ullskinn, genomt\u00e4nkt och mycket praktiskt p\u00e5 resan eller hemma om du vill byta bebis. V\u00e5r sk\u00f6tb\u00e4dd \u00e4r gjord av 100% ull och har ett vattent\u00e4tt moltoninl\u00e4gg f\u00f6r mindre olyckor. Det betyder att du inte beh\u00f6ver tv\u00e4tta hela sk\u00f6tb\u00e4dden varje g\u00e5ng. Sk\u00f6tunderlaget \u00e4r l\u00e4tt att vika ihop och har tv\u00e5 fickor p\u00e5 sidan d\u00e4r du kan f\u00f6rvara bl\u00f6jor och sk\u00f6tdukar. Sk\u00f6tunderlaget kan \u00e4ven anv\u00e4ndas hemma p\u00e5 sk\u00f6tunderlaget.<\/p>\n<p>Sladden h\u00e5ller inte bara ihop mattan n\u00e4r den \u00e4r hopf\u00e4lld, utan fungerar ocks\u00e5 som en liten distraktion med p\u00e4rlor f\u00f6r ditt barn s\u00e5 att du kan byta den tyst.<\/p>\n<p>M\u00e5tt: 50 x 70 cm, vikt 24 x 22 cm.<\/p>\n<p>En sk\u00f6tb\u00e4dd i ull \u00e4r:<\/p>\n<p>\u2013 100% nyull Filtad med Woolmark kvalitetsm\u00e4rke.<br \/>\n\u2013 Sl\u00e4t, mjuk och kompakt struktur<br \/>\n\u2013 Goda termiska egenskaper<br \/>\n\u2013 F\u00f6r hemma och p\u00e5 v\u00e4gen.<br \/>\n\u2013 Vattenavvisande, bekv\u00e4m och hygienisk<br \/>\n\u2013 Europeisk produktion.<br \/>\n\u2013 kan tv\u00e4ttas i 30\u00b0C ulltv\u00e4ttprogram.<\/p>\n<p>Denna produkt har kvalitetsm\u00e4rket Safe for Children och Woolmark.<\/p>\n<h5>Ullskinnsetikett<\/h5>\n<p>Efter \u00e5r av framg\u00e5ngsrikt samarbete med Alwero kan vi stolt meddela att vi nu b\u00e4r v\u00e5ra produkter under v\u00e5r egen Woolskins-etikett.<\/p>\n<p>P\u00e5 s\u00e5 s\u00e4tt f\u00e5r du fortfarande den b\u00e4sta kvaliteten, men kombinerat med de snyggaste och unika produkterna och designerna.<\/p>\n<p>Kvaliteten p\u00e5 tygerna och f\u00e4rgerna f\u00f6rblir som de alltid har varit, men det finns nu ett st\u00f6rre urval som Woolskins tror kan utm\u00e4rka sig.<\/p>\n<p>V\u00e5r breda kollektion \u00e4r sammansatt p\u00e5 ett s\u00e5dant s\u00e4tt att de \u00e4r ett bra komplement till alla babyset, gjorda av 100% europeisk ull som andas och passar f\u00f6r varje s\u00e4song.<\/p>\n<p>Vi g\u00e5r entusiastiskt samman f\u00f6r att skapa en h\u00e5llbar, naturlig och mest bekv\u00e4m produkt f\u00f6r ditt barn<span style=\"font-size: 16px;\">.<\/span><\/p>","protected":false},"excerpt":{"rendered":"<p>Denna yllebyteduk \u00e4r en mjuk och varm produkt som \u00e4r idealisk f\u00f6r att byta din bebis. Denna sk\u00f6tb\u00e4dd \u00e4r genomt\u00e4nkt och mycket anv\u00e4ndbar f\u00f6r p\u00e5 resan eller hemma om du vill byta om din bebis. V\u00e5r sk\u00f6tb\u00e4dd \u00e4r gjord av 100% ull och har ett vattent\u00e4tt moltoninl\u00e4gg f\u00f6r mindre olyckor. Det betyder att du inte beh\u00f6ver tv\u00e4tta hela sk\u00f6tb\u00e4dden varje g\u00e5ng. Sk\u00f6tunderlaget \u00e4r l\u00e4tt att vika ihop och har tv\u00e5 sidfickor d\u00e4r du kan f\u00f6rvara bl\u00f6jor och sk\u00f6tdukar. Sk\u00f6tunderlaget kan \u00e4ven anv\u00e4ndas hemma p\u00e5 sk\u00f6tunderlaget. Det \u00e4r ett m\u00e5ste f\u00f6r varje f\u00f6r\u00e4lder som vill ta hand om sitt barn bekv\u00e4mt och hygieniskt.<\/p>\n<p><strong>M\u00e4rke: Woolskins<\/strong><br \/>\n<strong>Produktion: Polen<\/strong><\/p>","protected":false},"featured_media":12009,"comment_status":"open","ping_status":"closed","template":"","meta":{"_acf_changed":false},"product_brand":[],"product_cat":[360,363,196,318,194],"product_tag":[],"class_list":{"0":"post-12005","1":"product","2":"type-product","3":"status-publish","4":"has-post-thumbnail","6":"product_cat-cadeautips","7":"product_cat-cadeaus-e25-e50","8":"product_cat-slaapkleding-baby","9":"product_cat-wollen-wiegdeken-ledikantdeken","10":"product_cat-wollen-babyproducten","12":"first","13":"instock","14":"taxable","15":"shipping-taxable","16":"purchasable","17":"product-type-simple"},"acf":[],"_links":{"self":[{"href":"https:\/\/woolskins.eu\/sv\/wp-json\/wp\/v2\/product\/12005","targetHints":{"allow":["GET"]}}],"collection":[{"href":"https:\/\/woolskins.eu\/sv\/wp-json\/wp\/v2\/product"}],"about":[{"href":"https:\/\/woolskins.eu\/sv\/wp-json\/wp\/v2\/types\/product"}],"replies":[{"embeddable":true,"href":"https:\/\/woolskins.eu\/sv\/wp-json\/wp\/v2\/comments?post=12005"}],"wp:featuredmedia":[{"embeddable":true,"href":"https:\/\/woolskins.eu\/sv\/wp-json\/wp\/v2\/media\/12009"}],"wp:attachment":[{"href":"https:\/\/woolskins.eu\/sv\/wp-json\/wp\/v2\/media?parent=12005"}],"wp:term":[{"taxonomy":"product_brand","embeddable":true,"href":"https:\/\/woolskins.eu\/sv\/wp-json\/wp\/v2\/product_brand?post=12005"},{"taxonomy":"product_cat","embeddable":true,"href":"https:\/\/woolskins.eu\/sv\/wp-json\/wp\/v2\/product_cat?post=12005"},{"taxonomy":"product_tag","embeddable":true,"href":"https:\/\/woolskins.eu\/sv\/wp-json\/wp\/v2\/product_tag?post=12005"}],"curies":[{"name":"wp","href":"https:\/\/api.w.org\/{rel}","templated":true}]}}