{"id":11528,"date":"2022-06-30T12:36:29","date_gmt":"2022-06-30T12:36:29","guid":{"rendered":"https:\/\/woolskins.eu\/?post_type=product&#038;p=11528"},"modified":"2025-12-12T15:02:40","modified_gmt":"2025-12-12T15:02:40","slug":"en-kroppssten-av-market-baby","status":"publish","type":"product","link":"https:\/\/woolskins.eu\/sv\/a-baby-brand-body-stone\/","title":{"rendered":"A Basic Brand \u2013 Babybyxa | Sten"},"content":{"rendered":"<h6>Ett babym\u00e4rke<\/h6>\n<p>Romper gjord av superl\u00e4tt ekologisk bomull. Den tunnaste och mjukaste kvaliteten du kan t\u00e4nka dig. Dr\u00e4kten sitter fint p\u00e5 l\u00e5ren tack vare de mjuka elastiska \u00f6ppningarna.<\/p>\n<p>100% GOTS-certifierad ekologisk bomull.<\/p>\n<p>Storlekar:<\/p>\n<p>l\u00e4ngd cm \/ \u00e4rml\u00e4ngd cm \/ bredd cm<\/p>\n<p>0m \u2013 32\/9\/21<br \/>\n3m \u2013 35\/9\/22<br \/>\n6m \u2013 38\/10\/25<br \/>\n1\u00e5r \u2013 42\/10\/27<\/p>\n<h5>Ett babym\u00e4rke<\/h5>\n<p>Uppt\u00e4ck en verkligt minimalistisk garderob full av praktiska v\u00e4sentligheter. Mixa och matcha v\u00e5ra unisex-modeller och f\u00e4rger. Ingen logotyp, inget tryck, inget kr\u00e5ngel.<\/p>\n<p>V\u00e5rt uppdrag \u00e4r att g\u00f6ra ditt liv enklare, s\u00e5 en av huvudid\u00e9erna bakom v\u00e5r filosofi \u00e4r \u00d6VNING. Vi bryr oss ocks\u00e5 djupt om v\u00e5r planet och \u00f6nskar att alla skulle leva ett mer minimalistiskt liv och d\u00e4rf\u00f6r anv\u00e4nda mindre kl\u00e4der (#KOSUMEVIS).<\/p>\n<p>Det \u00e4r d\u00e4rf\u00f6r kvaliteten p\u00e5 v\u00e5ra produkter \u00e4r h\u00f6gsta m\u00f6jliga. Du kan anv\u00e4nda dem i flera \u00e5r och ge dem vidare n\u00e4r du \u00e4r klar. Vi anv\u00e4nder topptyger med b\u00e5de GOTS Organic Cotton Certificate &amp; STANDARD 100 fr\u00e5n OEKO-TEX\u00ae. Alla v\u00e5ra produkter kan tv\u00e4ttas i maskin och torktumlas s\u00e5 ofta du vill. Du kommer att uppt\u00e4cka att v\u00e5r bomullsfleece inte ens beh\u00f6ver strykas f\u00f6r att se snygg ut.<\/p>","protected":false},"excerpt":{"rendered":"<h6>Ett babym\u00e4rke<\/h6>\n<p>Romper gjord av superl\u00e4tt ekologisk bomull. Den tunnaste och mjukaste kvaliteten du kan t\u00e4nka dig. Dr\u00e4kten sitter fint p\u00e5 l\u00e5ren tack vare de mjuka elastiska \u00f6ppningarna.<\/p>","protected":false},"featured_media":11503,"comment_status":"closed","ping_status":"closed","template":"","meta":{"_acf_changed":false},"product_brand":[],"product_cat":[335,361,360,363,529,533],"product_tag":[],"class_list":{"0":"post-11528","1":"product","2":"type-product","3":"status-publish","4":"has-post-thumbnail","6":"product_cat-a_baby_brand","7":"product_cat-babyshower","8":"product_cat-cadeautips","9":"product_cat-cadeaus-e25-e50","10":"product_cat-katoenen-babykleertjes","11":"product_cat-katoenen-babyrompertjes","12":"pa_maat-0-maanden","13":"pa_maat-1-jaar","14":"pa_maat-3-maanden","15":"pa_maat-6-maanden","17":"first","18":"instock","19":"taxable","20":"shipping-taxable","21":"purchasable","22":"product-type-variable"},"acf":[],"_links":{"self":[{"href":"https:\/\/woolskins.eu\/sv\/wp-json\/wp\/v2\/product\/11528","targetHints":{"allow":["GET"]}}],"collection":[{"href":"https:\/\/woolskins.eu\/sv\/wp-json\/wp\/v2\/product"}],"about":[{"href":"https:\/\/woolskins.eu\/sv\/wp-json\/wp\/v2\/types\/product"}],"replies":[{"embeddable":true,"href":"https:\/\/woolskins.eu\/sv\/wp-json\/wp\/v2\/comments?post=11528"}],"wp:featuredmedia":[{"embeddable":true,"href":"https:\/\/woolskins.eu\/sv\/wp-json\/wp\/v2\/media\/11503"}],"wp:attachment":[{"href":"https:\/\/woolskins.eu\/sv\/wp-json\/wp\/v2\/media?parent=11528"}],"wp:term":[{"taxonomy":"product_brand","embeddable":true,"href":"https:\/\/woolskins.eu\/sv\/wp-json\/wp\/v2\/product_brand?post=11528"},{"taxonomy":"product_cat","embeddable":true,"href":"https:\/\/woolskins.eu\/sv\/wp-json\/wp\/v2\/product_cat?post=11528"},{"taxonomy":"product_tag","embeddable":true,"href":"https:\/\/woolskins.eu\/sv\/wp-json\/wp\/v2\/product_tag?post=11528"}],"curies":[{"name":"wp","href":"https:\/\/api.w.org\/{rel}","templated":true}]}}