{"id":11111,"date":"2022-06-09T09:58:24","date_gmt":"2022-06-09T09:58:24","guid":{"rendered":"https:\/\/woolskins.eu\/?post_type=product&#038;p=11111"},"modified":"2026-05-06T11:47:57","modified_gmt":"2026-05-06T11:47:57","slug":"bodywarmer-ull-beige-a-baby-varumarke","status":"publish","type":"product","link":"https:\/\/woolskins.eu\/sv\/bodywarmer-wol-beige-a-baby-brand\/","title":{"rendered":"A Basic Brand \u2013 Woolen Children&#039;s Bodywarmer | beige"},"content":{"rendered":"<h6><strong>Ett babym\u00e4rke<\/strong><\/h6>\n<p>Kroppsv\u00e4rmare 100% ull. Underbart varm och sk\u00f6n, helt naturlig, andas och superh\u00f6ft. Koftan har sm\u00e5 fickor och st\u00e4ngs med dragkedja. B\u00e4r den p\u00e5 en sweatshirt en bl\u00e5sig dag eller under en jacka under riktigt kallt v\u00e4der. Denna kofta \u00e4r \u00e4ven tillg\u00e4nglig f\u00f6r mammor.<\/p>\n<p>F\u00f6rening<br \/>\n100% ull.<\/p>\n<p>Storlekar:<\/p>\n<p>6m \u2013 70cm<br \/>\n1 \u00e5r \u2013 86 cm<br \/>\n2 \u00e5r \u2013 92 cm<br \/>\n4 \u00e5r \u2013 104 cm<br \/>\n6 \u00e5r \u2013 116 cm<\/p>\n<p>Tv\u00e4ttr\u00e5d:<\/p>\n<p>Vi rekommenderar att handtv\u00e4tta v\u00e5ra produkter i varmt vatten och anv\u00e4nda ett lanolintv\u00e4ttmedel.<\/p>","protected":false},"excerpt":{"rendered":"<h6><strong>Ett babym\u00e4rke<\/strong><\/h6>\n<p>Underbart varm och sk\u00f6n kroppsv\u00e4rmare i ylle. Denna kofta har dragkedja och fickor och kan enkelt kombineras med alla v\u00e5ra andra produkter. Finns \u00e4ven i st\u00f6rre storlekar f\u00f6r mammor i 100% ull.<\/p>","protected":false},"featured_media":11114,"comment_status":"open","ping_status":"closed","template":"","meta":{"_acf_changed":false},"product_brand":[],"product_cat":[335,360,363,200,337,413,344],"product_tag":[423,424,420,421,422,425],"class_list":{"0":"post-11111","1":"product","2":"type-product","3":"status-publish","4":"has-post-thumbnail","6":"product_cat-a_baby_brand","7":"product_cat-cadeautips","8":"product_cat-cadeaus-e25-e50","9":"product_cat-wollen-babykleding","10":"product_cat-vestjes","11":"product_cat-alwero-bodywarmer","12":"product_cat-kleertjes","13":"product_tag-a-baby-brand","14":"product_tag-alwero-bodywarmer","15":"product_tag-bodywarmer-wol","16":"product_tag-wollen-bodywarmer","17":"product_tag-wool-vest","18":"product_tag-woolskins","19":"pa_maat-1-jaar","20":"pa_maat-2-jaar","21":"pa_maat-4-jaar","22":"pa_maat-6-jaar","23":"pa_maat-6-maanden","24":"pa_maat-8-jaar","26":"first","27":"instock","28":"taxable","29":"shipping-taxable","30":"purchasable","31":"product-type-variable"},"acf":[],"_links":{"self":[{"href":"https:\/\/woolskins.eu\/sv\/wp-json\/wp\/v2\/product\/11111","targetHints":{"allow":["GET"]}}],"collection":[{"href":"https:\/\/woolskins.eu\/sv\/wp-json\/wp\/v2\/product"}],"about":[{"href":"https:\/\/woolskins.eu\/sv\/wp-json\/wp\/v2\/types\/product"}],"replies":[{"embeddable":true,"href":"https:\/\/woolskins.eu\/sv\/wp-json\/wp\/v2\/comments?post=11111"}],"wp:featuredmedia":[{"embeddable":true,"href":"https:\/\/woolskins.eu\/sv\/wp-json\/wp\/v2\/media\/11114"}],"wp:attachment":[{"href":"https:\/\/woolskins.eu\/sv\/wp-json\/wp\/v2\/media?parent=11111"}],"wp:term":[{"taxonomy":"product_brand","embeddable":true,"href":"https:\/\/woolskins.eu\/sv\/wp-json\/wp\/v2\/product_brand?post=11111"},{"taxonomy":"product_cat","embeddable":true,"href":"https:\/\/woolskins.eu\/sv\/wp-json\/wp\/v2\/product_cat?post=11111"},{"taxonomy":"product_tag","embeddable":true,"href":"https:\/\/woolskins.eu\/sv\/wp-json\/wp\/v2\/product_tag?post=11111"}],"curies":[{"name":"wp","href":"https:\/\/api.w.org\/{rel}","templated":true}]}}