{"id":11038,"date":"2022-05-31T13:47:03","date_gmt":"2022-05-31T13:47:03","guid":{"rendered":"https:\/\/woolskins.eu\/?post_type=product&#038;p=11038"},"modified":"2026-04-16T13:40:18","modified_gmt":"2026-04-16T13:40:18","slug":"lanacare-amningsinlagg-ull","status":"publish","type":"product","link":"https:\/\/woolskins.eu\/sv\/lanacare-zoogcompressen-wol\/","title":{"rendered":"LanaCare Amningsskydd Ull"},"content":{"rendered":"<p>LanaCare amningsskydd i ull \u00e4r speciellt designade f\u00f6r ammande mammor. De ger de b\u00e4sta f\u00f6ruts\u00e4ttningarna f\u00f6r framg\u00e5ngsrik l\u00e5ngtidsamning utan problem.<\/p>\n<p>Dessa ylle amningsskydd \u00e4r underbart mjuka och h\u00e5ller br\u00f6sten varma och skyddade. Ullens naturliga v\u00e4rme stimulerar blodcirkulationen och ger lugnande lindring under amning.<\/p>\n<p>Ull absorberar fukt utan att k\u00e4nnas bl\u00f6t och h\u00e5ller br\u00f6stet varmt och sk\u00f6nt. LanaCare amningsskydd inneh\u00e5ller naturligt lanolin och har en lugnande effekt p\u00e5 \u00f6mma br\u00f6stv\u00e5rtor och spruckna br\u00f6stv\u00e5rtor.<\/p>\n<p>Det rekommenderas av LanaCare att anv\u00e4nda en storlek som t\u00e4cker hela br\u00f6stet. LanaCare amningsskydd levereras i par.<\/p>\n<h5 class=\"font_4\">LANACare amningsskydd<\/h5>\n<p class=\"font_8\">LANACare amningsskydd i ull \u00e4r designade av LANACare, speciellt f\u00f6r ammande mammor. De erbjuder de b\u00e4sta f\u00f6ruts\u00e4ttningarna f\u00f6r en framg\u00e5ngsrik och l\u00e5ngvarig amningsperiod.<\/p>\n<p class=\"font_8\">Yllekompresserna \u00e4r extremt mjuka och bekv\u00e4ma och h\u00e5ller br\u00f6sten varma och bekv\u00e4ma. Ullens naturliga v\u00e4rme stimulerar blodcirkulationen och ger lugnande lindring under amning. Merinoullen absorberar fukt utan att k\u00e4nnas bl\u00f6t och kall.<\/p>\n<p class=\"font_8\">LanaCare amningsskydd inneh\u00e5ller naturligt lanolin, som lugnar \u00f6mma br\u00f6stv\u00e5rtor och har en antibakteriell effekt. Det rekommenderas att anv\u00e4nda en storlek som t\u00e4cker hela br\u00f6stet. Kompresserna kan anv\u00e4ndas \u00e5ret runt. \u00c4ven p\u00e5 sommaren!<\/p>\n<div id=\"comp-knyogau5\" class=\"_1Q9if\" data-testid=\"richTextElement\">\n<h5 class=\"font_4\">F\u00f6rdelar med amningsskydd i ull:<\/h5>\n<ul class=\"font_8\">\n<li>\n<p class=\"font_8\">De flesta kvinnor beh\u00f6ver bara 2-3 par under hela amningsperioden. Detta \u00e4r ekonomiskt, h\u00e5llbart och milj\u00f6v\u00e4nligt!<\/p>\n<\/li>\n<li>\n<p class=\"font_8\">Ull absorberar fukt och h\u00e5ller huden torr och behaglig, \u00e4ven i varma klimat. N\u00e4r amningsskydden \u00e4r fuktiga k\u00e4nns de torra och blir inte kalla som amningsskydd av bomull eller papper.<\/p>\n<\/li>\n<li>\n<p class=\"font_8\">Huden h\u00e5lls torr och kan andas, vilket g\u00f6r att \u00f6mma br\u00f6stv\u00e5rtor l\u00e4ker.<\/p>\n<\/li>\n<li>\n<p class=\"font_8\">Eftersom LANACare amningsskydd inneh\u00e5ller lanolin \u00e4r LanaCares br\u00f6stv\u00e5rtsalva en perfekt kombination f\u00f6r behandling av \u00f6mma br\u00f6stv\u00e5rtor.<\/p>\n<\/li>\n<li>\n<p class=\"font_8\">Skandinaviska barnmorskor och barnmorskor har i \u00e5rhundraden r\u00e5dt m\u00f6drar att h\u00e5lla sina br\u00f6st varma f\u00f6r att f\u00f6rhindra igensatta mj\u00f6lkg\u00e5ngar och mastit.<\/p>\n<\/li>\n<li>\n<p class=\"font_8\">De st\u00f6rre storlekarna ger skyddande t\u00e4ckning av hela br\u00f6stet. Kanten p\u00e5 denna storlek br\u00f6stkudde faller l\u00e4ngre \u00f6ver br\u00f6stet s\u00e5 att kuddarna blir osynliga under dina kl\u00e4der.<\/p>\n<\/li>\n<\/ul>\n<\/div>\n<div id=\"comp-knyoktft\" class=\"_1Q9if\" data-testid=\"richTextElement\">\n<h5 class=\"font_2\">Kvalitet<\/h5>\n<p class=\"font_8\">Den ull som valts ut f\u00f6r LanaCare-produkter behandlas med s\u00e4rskild omsorg. Vi anv\u00e4nder endast ull som uppfyller de h\u00f6gsta europeiska milj\u00f6kraven. Regelbundna tester visar att v\u00e5r ull \u00e4r fri fr\u00e5n skadliga \u00e4mnen. Betesmarkerna d\u00e4r f\u00e5ren betar \u00e4r fria fr\u00e5n konstg\u00f6dsel och bek\u00e4mpningsmedel och inga starka kemikalier anv\u00e4nds f\u00f6r att tv\u00e4tta ullen. Endast den mjukaste merinoullen anv\u00e4nds f\u00f6r LANACare-produkterna.<\/p>\n<h5><strong>Sk\u00f6tsel av amningsskydden<\/strong><\/h5>\n<h5><strong>Att tv\u00e4tta<\/strong><\/h5>\n<p>Handtv\u00e4tt i ljummet vatten med LANACare Lanolin Soap f\u00f6r att fylla p\u00e5 lanolininneh\u00e5llet i ullen. B\u00e5de kallt och varmt vatten kan chocka ullfibrerna, vilket g\u00f6r att de k\u00e4nns och\/eller krymper. Varmvatten sk\u00f6ljer ocks\u00e5 lanolin fr\u00e5n ullen. Anv\u00e4nd precis tillr\u00e4ckligt med lanolintv\u00e5l f\u00f6r att h\u00e5lla vattnet lite skummande. Flytta f\u00f6rsiktigt dynorna i vattnet och l\u00e5t dem sedan dra i vattnet i 5-10 minuter.<\/p>\n<h5><strong>Att sk\u00f6lja<\/strong><\/h5>\n<p>Sk\u00f6lj med ljummet vatten. Anv\u00e4nd alltid ljummet vatten n\u00e4r du tv\u00e4ttar och sk\u00f6ljer ull. Kallt vatten kan chocka ullfibrerna, vilket g\u00f6r att ullen krymper och\/eller k\u00e4nns.<\/p>\n<h5><strong>Att torka<\/strong><\/h5>\n<p>L\u00e4gg eller rulla amningsskydden i en handduk och krama ur \u00f6verfl\u00f6digt vatten. Skaka dynorna snabbt och kraftigt f\u00f6r att \u00e5terf\u00e5 sin form och elasticitet. Placera kuddarna f\u00f6r att torka, helst \u00f6ver en mild v\u00e4rmek\u00e4lla.<\/p>\n<h5 class=\"font_8\"><span class=\"wixGuard\">.<\/span>Certifikat<\/h5>\n<p class=\"font_8\">LanaCare anv\u00e4nder endast certifierad, kemiskt obehandlad ekologisk ull.<\/p>\n<p class=\"font_8\">LanaCare-ull har det internationella Oeko-Tex-certifikatet utf\u00e4rdat av den schweiziska baserade International Association for Research and Testing in the field of Textile Ecology (Oeko-Tex), och nyligen \u00e4ven KbT-certifikatet. Detta certifikat delas ut om betesmarkerna d\u00e4r f\u00e5ren betar \u00e4r fria fr\u00e5n g\u00f6dningsmedel och bek\u00e4mpningsmedel och inga aggressiva kemikalier anv\u00e4nds f\u00f6r att tv\u00e4tta ullen. Ullen \u00e4r lika ren p\u00e5 v\u00e5ra f\u00e5r som den senare blir i kl\u00e4derna till din bebis.<\/p>\n<h5 class=\"font_8\"><span class=\"wixGuard\">.<\/span>LANACare-produkter har f\u00f6ljande internationella certifikat:<\/h5>\n<p class=\"font_8\">\u2013 GOTS \u2013 Global Organic Textile Standard Global Organic Textile Standard (GOTS) \u00e4r erk\u00e4nd som den ledande bearbetningsstandarden f\u00f6r textilier gjorda av organiska fibrer \u00f6ver hela v\u00e4rlden. Den definierar milj\u00f6kriterier p\u00e5 h\u00f6g niv\u00e5 l\u00e4ngs hela leveranskedjan f\u00f6r ekologisk textil och kr\u00e4ver ocks\u00e5 \u00f6verensst\u00e4mmelse med sociala kriterier.<\/p>\n<p class=\"font_8\">\u2013 IVN BEST och KBT \u2013 Naturtextil IVN certifierad BEST Denna kvalitetsst\u00e4mpel, k\u00e4nd i hela Europa, s\u00e4tter f\u00f6r n\u00e4rvarande den str\u00e4ngaste ekologiska standarden f\u00f6r textilproduktion p\u00e5 h\u00f6gsta tekniska niv\u00e5 som f\u00f6r n\u00e4rvarande kan uppn\u00e5s.<br \/>\nBEST speglar de standarder f\u00f6r milj\u00f6v\u00e4nliga textilier som utvecklats av International Association of Natural Textile Industry (IVN) sedan 1990 och bed\u00f6mer hela textilproduktionskedjan vad g\u00e4ller b\u00e5de ekologiska standarder och socialt ansvar.<\/p>\n<p class=\"font_8\">\u2013 IVN Best \u00f6vertr\u00e4ffar GOTS-standarden, som till\u00e5ter upp till 30% icke-organiska fibrer. Produktion under IVN f\u00f6ljer GOTS-standarden. Anv\u00e4ndning av IVN-st\u00e4mpeln kr\u00e4ver medlemskap och certifiering enligt IVN-standarder.<\/p>\n<p class=\"font_8\">\u2013 Ull i IVNs leveranskedjeprogram kommer fr\u00e5n certifierade ekologiska djurg\u00e5rdar (\u00e4ven k\u00e4nd som kbT).<\/p>\n<p class=\"font_8\">\u2013 Ingen mulesing har till\u00e4mpats p\u00e5 f\u00e5ren \u2013 en mycket kritiserad metod f\u00f6r att &quot;vaccinera&quot; f\u00e5ren i Australien.<\/p>\n<p class=\"font_8\">\u2013 LANAcare Br\u00f6stkr\u00e4m har tilldelats &#039;A&#039;-m\u00e4rkningen av den danska konsumentf\u00f6reningen eftersom inga problematiska kemikalier hittades i kr\u00e4men.<\/p>\n<\/div>\n<div id=\"comp-knyoha3p\" class=\"_1Q9if\" data-testid=\"richTextElement\">\n<h5 class=\"font_2\">LANACares historia<\/h5>\n<p class=\"font_8\">LANACare grundades 1990 av den danska sjuksk\u00f6terskan Jeannette Almstr\u00f8m i Danmark. Som 3-barnsmamma har Jeannette Almstr\u00f8m utvecklat en rad produkter f\u00f6r mammor och bebisar i ekologisk, ren merinoull. Hennes bakgrund som sjuksk\u00f6terska och yrkesutbildning inom textil &amp; design visade sig vara en perfekt kombination av kompetens. Varje f\u00f6rem\u00e5l fr\u00e5n LANACare \u00e4r designat f\u00f6r att fr\u00e4mja h\u00e4lsan och v\u00e4lbefinnandet hos mamma och barn, vilket ger den lugnande komfort och andningsv\u00e4rme som bara ren ull kan ge.<\/p>\n<p class=\"font_8\"><span class=\"wixGuard\">.<\/span>Idag sk\u00f6ts alla LANACare-aktiviteter av Jeannette Almtr\u00f8m sj\u00e4lv, som brinner f\u00f6r att hitta nya och h\u00e5llbara material f\u00f6r anv\u00e4ndning i nya produkter som fr\u00e4mjar inte bara en individs h\u00e4lsa utan \u00e4ven v\u00e5r Moder Jords h\u00e4lsa.<\/p>\n<p class=\"font_8\"><span class=\"wixGuard\">.<\/span>Under \u00e5ren har LANACares produktions- och distributionskvantiteter utvecklats enormt. Produkterna s\u00e4ljs nu i 28 l\u00e4nder runt om i v\u00e4rlden.<\/p>\n<\/div>","protected":false},"excerpt":{"rendered":"<p>Amning \u00e4r den b\u00e4sta maten f\u00f6r ditt barn. Det skyddar ditt barn fr\u00e5n sjukdomar och \u00e4r ocks\u00e5 bra f\u00f6r din h\u00e4lsa. Det hj\u00e4lper dig till exempel att snabbt g\u00e5 upp i vikt. De ultramjuka LanaCare amningsskydden \u00e4r ett bra val.<\/p>","protected":false},"featured_media":5511,"comment_status":"closed","ping_status":"closed","template":"","meta":{"_acf_changed":false},"product_brand":[],"product_cat":[349,353,225],"product_tag":[],"class_list":{"0":"post-11038","1":"product","2":"type-product","3":"status-publish","4":"has-post-thumbnail","6":"product_cat-borstvoedingenvoedingskussens","7":"product_cat-lanacare","8":"product_cat-tepelzalf-zoogcompressen","9":"pa_maat-zoogcompres-l-22cm","10":"pa_maat-zoogcompres-m-18cm","11":"pa_maat-zoogcompres-mini-10cm","12":"pa_maat-zoogcompres-s-15cm","13":"pa_maat-zoogcompres-xs-12cm","15":"first","16":"instock","17":"taxable","18":"shipping-taxable","19":"purchasable","20":"product-type-variable"},"acf":[],"_links":{"self":[{"href":"https:\/\/woolskins.eu\/sv\/wp-json\/wp\/v2\/product\/11038","targetHints":{"allow":["GET"]}}],"collection":[{"href":"https:\/\/woolskins.eu\/sv\/wp-json\/wp\/v2\/product"}],"about":[{"href":"https:\/\/woolskins.eu\/sv\/wp-json\/wp\/v2\/types\/product"}],"replies":[{"embeddable":true,"href":"https:\/\/woolskins.eu\/sv\/wp-json\/wp\/v2\/comments?post=11038"}],"wp:featuredmedia":[{"embeddable":true,"href":"https:\/\/woolskins.eu\/sv\/wp-json\/wp\/v2\/media\/5511"}],"wp:attachment":[{"href":"https:\/\/woolskins.eu\/sv\/wp-json\/wp\/v2\/media?parent=11038"}],"wp:term":[{"taxonomy":"product_brand","embeddable":true,"href":"https:\/\/woolskins.eu\/sv\/wp-json\/wp\/v2\/product_brand?post=11038"},{"taxonomy":"product_cat","embeddable":true,"href":"https:\/\/woolskins.eu\/sv\/wp-json\/wp\/v2\/product_cat?post=11038"},{"taxonomy":"product_tag","embeddable":true,"href":"https:\/\/woolskins.eu\/sv\/wp-json\/wp\/v2\/product_tag?post=11038"}],"curies":[{"name":"wp","href":"https:\/\/api.w.org\/{rel}","templated":true}]}}