{"id":10585,"date":"2022-05-18T18:29:15","date_gmt":"2022-05-18T18:29:15","guid":{"rendered":"https:\/\/woolskins.eu\/?post_type=product&#038;p=10585"},"modified":"2026-05-06T12:33:35","modified_gmt":"2026-05-06T12:33:35","slug":"alwero-baby-sovsack-essential-woolskins-label-beige","status":"publish","type":"product","link":"https:\/\/woolskins.eu\/sv\/alwero-baby-slaapzak-essential-woolskins-label-beige\/","title":{"rendered":"Sovs\u00e4ck i ull f\u00f6r baby \u2013 Filtad | Beige"},"content":{"rendered":"<p>Halsstorleken \u00e4r justerbar tack vare de dubbla tryckknapparna och den har en l\u00e5ng dragkedja s\u00e5 att hela sovs\u00e4cken l\u00e4tt kan \u00f6ppnas.<\/p>\n<p>\u2013 100% nyull Filtad med Woolmark kvalitetsm\u00e4rke.<br \/>\n\u2013 Sl\u00e4t, mjuk och kompakt struktur<br \/>\n\u2013 Goda termiska egenskaper<br \/>\n\u2013 F\u00f6r hemma och p\u00e5 v\u00e4gen.<br \/>\n\u2013 Storlek: 0\/6 m\u00e5nader 67 cm, 6\/12 m\u00e5nader 82 cm<br \/>\n\u2013 Europeisk produktion.<br \/>\n\u2013 kan tv\u00e4ttas i 30\u00b0C ulltv\u00e4ttprogram.<\/p>\n<p>V\u00e5ra Eco Wool Sovs\u00e4ckar \u00e4r mycket l\u00e4mpliga f\u00f6r de minsta tack vare ullfibrernas naturliga egenskaper. Dessa andas och har egenskapen att fungera som en naturlig termostat som reglerar kroppstemperaturen? Detta hj\u00e4lper ditt barn att h\u00e5lla en stabil temperatur och h\u00e5ller ditt barn torrt och bekv\u00e4mt. Den g\u00f6r detta &quot;dynamiskt&quot;, vilket betyder att det h\u00e4nder n\u00e4r det beh\u00f6vs och inte n\u00e4r det inte beh\u00f6vs.<\/p>\n<p>Denna produkt har kvalitetsm\u00e4rket Safe for Children och Woolmark.<\/p>\n<h5>Ullskinnsetikett<\/h5>\n<p>Efter \u00e5r av framg\u00e5ngsrikt samarbete med Alwero kan vi stolt meddela att vi nu b\u00e4r v\u00e5ra produkter under v\u00e5r egen Woolskins-etikett.<\/p>\n<p>P\u00e5 s\u00e5 s\u00e4tt f\u00e5r du fortfarande den b\u00e4sta kvaliteten, men kombinerat med de snyggaste och unika produkterna och designerna.<\/p>\n<p>Kvaliteten p\u00e5 tygerna och f\u00e4rgerna f\u00f6rblir som de alltid har varit, men det finns nu ett st\u00f6rre urval som Woolskins tror kan utm\u00e4rka sig.<\/p>\n<p>V\u00e5r breda kollektion \u00e4r sammansatt p\u00e5 ett s\u00e5dant s\u00e4tt att de \u00e4r ett bra komplement till alla babyset, gjorda av 100% europeisk ull som andas och passar f\u00f6r varje s\u00e4song.<\/p>\n<p>Vi g\u00e5r entusiastiskt samman f\u00f6r att skapa en h\u00e5llbar, naturlig och mest bekv\u00e4m produkt f\u00f6r ditt barn.<\/p>","protected":false},"excerpt":{"rendered":"<p>Om du letar efter en bekv\u00e4m och varm sovs\u00e4ck till din bebis \u00e4r ull ett utm\u00e4rkt val. Ull har m\u00e5nga f\u00f6rdelar som hj\u00e4lper ditt barn att sova gott, varje \u00e5rstid.<\/p>\n<p>V\u00e5r l\u00e4tta babysovs\u00e4ck i ekologisk ull andas och fungerar som en naturlig termostat som reglerar kroppstemperaturen och hj\u00e4lper ditt barn att vila och sova gott. Den h\u00e4r sovs\u00e4cken \u00e4r mycket l\u00e4mplig f\u00f6r sm\u00e5barn tack vare de dubbla tryckknapparna som g\u00f6r att du kan g\u00f6ra hals\u00f6ppningen st\u00f6rre och mindre. Den l\u00e5nga dragkedjan \u00f6ppnar hela sovs\u00e4cken f\u00f6r enkelt byte. Sovs\u00e4cken i ull hj\u00e4lper ditt barn att h\u00e5lla en stabil temperatur och h\u00e5ller barnet torrt och bekv\u00e4mt. Den g\u00f6r detta \u2018dynamiskt\u2019, vilket inneb\u00e4r att det sker n\u00e4r det beh\u00f6vs och inte n\u00e4r det inte beh\u00f6vs. Dessa ullsovs\u00e4ckar \u00e4r d\u00e4rf\u00f6r varma p\u00e5 vintern och svala p\u00e5 sommaren.<\/p>\n<p><strong>M\u00e4rke: Woolskins<\/strong><br \/>\n<strong>Produktion: Polen<\/strong><\/p>","protected":false},"featured_media":10593,"comment_status":"closed","ping_status":"closed","template":"","meta":{"_acf_changed":false},"product_brand":[],"product_cat":[361,360,364,196,370,194],"product_tag":[],"class_list":{"0":"post-10585","1":"product","2":"type-product","3":"status-publish","4":"has-post-thumbnail","6":"product_cat-babyshower","7":"product_cat-cadeautips","8":"product_cat-cadeaus-vanaf-e50","9":"product_cat-slaapkleding-baby","10":"product_cat-slaapzakken","11":"product_cat-wollen-babyproducten","12":"pa_maat-0-6-maanden","13":"pa_maat-6-12-maanden","15":"first","16":"instock","17":"taxable","18":"shipping-taxable","19":"purchasable","20":"product-type-variable"},"acf":[],"_links":{"self":[{"href":"https:\/\/woolskins.eu\/sv\/wp-json\/wp\/v2\/product\/10585","targetHints":{"allow":["GET"]}}],"collection":[{"href":"https:\/\/woolskins.eu\/sv\/wp-json\/wp\/v2\/product"}],"about":[{"href":"https:\/\/woolskins.eu\/sv\/wp-json\/wp\/v2\/types\/product"}],"replies":[{"embeddable":true,"href":"https:\/\/woolskins.eu\/sv\/wp-json\/wp\/v2\/comments?post=10585"}],"wp:featuredmedia":[{"embeddable":true,"href":"https:\/\/woolskins.eu\/sv\/wp-json\/wp\/v2\/media\/10593"}],"wp:attachment":[{"href":"https:\/\/woolskins.eu\/sv\/wp-json\/wp\/v2\/media?parent=10585"}],"wp:term":[{"taxonomy":"product_brand","embeddable":true,"href":"https:\/\/woolskins.eu\/sv\/wp-json\/wp\/v2\/product_brand?post=10585"},{"taxonomy":"product_cat","embeddable":true,"href":"https:\/\/woolskins.eu\/sv\/wp-json\/wp\/v2\/product_cat?post=10585"},{"taxonomy":"product_tag","embeddable":true,"href":"https:\/\/woolskins.eu\/sv\/wp-json\/wp\/v2\/product_tag?post=10585"}],"curies":[{"name":"wp","href":"https:\/\/api.w.org\/{rel}","templated":true}]}}