{"id":10516,"date":"2022-05-16T14:53:34","date_gmt":"2022-05-16T14:53:34","guid":{"rendered":"https:\/\/woolskins.eu\/?page_id=10516"},"modified":"2026-04-08T06:23:09","modified_gmt":"2026-04-08T06:23:09","slug":"klagomal","status":"publish","type":"page","link":"https:\/\/woolskins.eu\/sv\/klachten\/","title":{"rendered":"Klagom\u00e5l"},"content":{"rendered":"<div class=\"brz-root__container brz-reset-all brz\">\n<section id=\"_uqyezbblekggzppvjfazpdrxyojfwogrwpss\" class=\"brz-section brz-css-tXGUP brz-css-jAMXj\">\n<div class=\"brz-section__content brz-section--boxed brz-css-ywhlF brz-css-xQArJ\" data-brz-custom-id=\"fvumfxdwcoczpyimrcdrwlinnxhfpmxynsvz\">\n<div class=\"brz-bg\">\n<div class=\"brz-bg-color\"><\/div>\n<\/div>\n<div class=\"brz-container brz-css-hsnUp\">\n<div class=\"brz-row__container brz-css-pMwqX\" data-brz-custom-id=\"pvodxuvholthzgklkuabahporgwbzgdrhfbp\">\n<div class=\"brz-bg\"><\/div>\n<div class=\"brz-row brz-css-rmOd4 brz-css-uBkRN\">\n<div class=\"brz-columns brz-css-xsSWf brz-css-lyH2o\" data-brz-custom-id=\"oggpamnymzwuahzwdkvvrhcwkidoianfwgct\">\n<div class=\"brz-bg\"><\/div>\n<div class=\"brz-column__items brz-css-mB_Pw brz-css-fHoLd\">\n<div class=\"brz-row__container brz-css-pMwqX\" data-brz-custom-id=\"soknwckocurnhcukbwcfuabgwelezobfafjy\">\n<div class=\"brz-bg\"><\/div>\n<div class=\"brz-row brz-row--inner brz-css-rmOd4 brz-css-uBkRN\">\n<div class=\"brz-columns brz-css-xsSWf brz-css-ycucV\" data-brz-custom-id=\"tcxxsyeqaiatgxfoigvztqtifxbnbpzjrduh\">\n<div class=\"brz-bg\">\n<div class=\"brz-bg-image\"><\/div>\n<\/div>\n<div class=\"brz-column__items brz-css-mB_Pw brz-css-hjKUO\">\n<div id=\"\" class=\"brz-css-if728 brz-wrapper\">\n<div class=\"brz-rich-text brz-rich-text__custom brz-css-rXNcp\" data-brz-custom-id=\"ldzflvfnbsotuplucvjbtugbhosdpsujblpq\">\n<div data-brz-translate-text=\"1\">\n<p class=\"brz-mt-xs-57 brz-tp-lg-heading1 brz-text-lg-center brz-css-ncF8X\" data-generated-css=\"brz-css-gfbnl\" data-uniq-id=\"osjpf\"><span class=\"brz-cp-color8\">Klagom\u00e5l<\/span><\/p>\n<\/div>\n<\/div>\n<\/div>\n<\/div>\n<\/div>\n<\/div>\n<\/div>\n<div id=\"\" class=\"brz-css-if728 brz-css-wvQHn brz-wrapper\">\n<div class=\"brz-spacer brz-css-muuf3 brz-css-p5pEK\"><\/div>\n<\/div>\n<div id=\"\" class=\"brz-css-if728 brz-css-zBBTs brz-wrapper\">\n<div class=\"brz-rich-text brz-rich-text__custom brz-css-rXNcp\" data-brz-custom-id=\"fabbhekuqprvpbgttdelfxqpgkfhtwihymfn\">\n<div data-brz-translate-text=\"1\">\n<p class=\"brz-tp-lg-paragraph brz-css-qphy9\" data-uniq-id=\"ciedp\" data-generated-css=\"brz-css-jcbmz\"><span class=\"brz-cp-color7\">Det kan alltid h\u00e4nda att n\u00e5got inte blir riktigt som planerat.<\/span><\/p>\n<p class=\"brz-tp-lg-paragraph brz-css-meacT\" data-uniq-id=\"ciedp\" data-generated-css=\"brz-css-jcbmz\"><span class=\"brz-cp-color7\"> <\/span><\/p>\n<p class=\"brz-tp-lg-paragraph brz-css-fgvyz\" data-uniq-id=\"qcfgu\" data-generated-css=\"brz-css-hjpyw\"><span class=\"brz-cp-color7\">Vi rekommenderar att du f\u00f6rst anm\u00e4ler eventuella klagom\u00e5l till oss genom att skicka ett e-postmeddelande till <\/span><a class=\"link--external brz-cp-color7\" href=\"mailto:info@woolskins.eu\" data-brz-link-type=\"external\">info@woolskins.eu<\/a><span class=\"brz-cp-color7\">.<\/span><\/p>\n<p class=\"brz-tp-lg-paragraph brz-css-pt7J1\" data-uniq-id=\"qcfgu\" data-generated-css=\"brz-css-hjpyw\"><span class=\"brz-cp-color7\"> <\/span><\/p>\n<p data-uniq-id=\"gpoao\" data-generated-css=\"brz-css-aedvn\" class=\"brz-tp-lg-paragraph brz-css-lEbma\"><span class=\"brz-cp-color7\">Om detta inte leder till en l\u00f6sning \u00e4r det m\u00f6jligt att registrera din tvist f\u00f6r medling via Stichting WebwinkelKeur&nbsp;<\/span><a class=\"link--external brz-cp-color7\" href=\"https:\/\/www.webwinkelkeur.nl\/kennisbank\/consumenten\/geschil\" data-brz-link-type=\"external\" target=\"_blank\" rel=\"noopener\">https:\/\/www.webwinkelkeur.nl\/kennisbank\/consumenten\/geschil<\/a><span class=\"brz-cp-color7\">. <\/span><\/p>\n<p data-uniq-id=\"hnlqc\" data-generated-css=\"brz-css-dgwox\" class=\"brz-tp-lg-paragraph brz-css-blKmk\"><span class=\"brz-cp-color7\">Fr\u00e5n och med den 15 februari 2016 kommer konsumenter i EU \u00e4ven att kunna registrera klagom\u00e5l via EU-kommissionens ODR-plattform. Denna ODR-plattform finns p\u00e5&nbsp;<\/span><a class=\"link--external brz-cp-color7\" href=\"http:\/\/ec.europa.eu\/odr\" data-brz-link-type=\"external\" target=\"_blank\" rel=\"noopener\">http:\/\/ec.europa.eu\/odr<\/a><span class=\"brz-cp-color7\">.<\/span><\/p>\n<p class=\"brz-tp-lg-paragraph brz-css-b8cIv\" data-uniq-id=\"hnlqc\" data-generated-css=\"brz-css-dgwox\"><\/p>\n<h1 class=\"brz-tp-lg-paragraph brz-css-jSaVZ\" data-generated-css=\"brz-css-eiaiv\" data-uniq-id=\"vwalm\"><span class=\"brz-cp-color7\">Om ditt klagom\u00e5l \u00e4nnu inte behandlas n\u00e5gon annanstans, \u00e4r du fri att l\u00e4mna in ditt klagom\u00e5l via EU-plattformen.<\/span><\/h1>\n<\/div>\n<\/div>\n<\/div>\n<\/div>\n<\/div>\n<\/div>\n<\/div>\n<\/div>\n<\/div>\n<\/section>\n<\/div>\n<p>    <!-- version:1731934083 --><\/p>","protected":false},"excerpt":{"rendered":"<p>Klachten Het kan altijd voorkomen dat er iets niet helemaal gaat zoals gepland. We raden u aan om klachten eerst bij ons kenbaar te maken door te mailen naar info@woolskins.eu. Leidt dit niet tot een oplossing, dan is het mogelijk om uw geschil aan te melden voor bemiddeling via Stichting WebwinkelKeur via&nbsp;https:\/\/www.webwinkelkeur.nl\/kennisbank\/consumenten\/geschil. Vanaf 15 februari [&hellip;]<\/p>\n","protected":false},"author":1,"featured_media":0,"parent":0,"menu_order":0,"comment_status":"closed","ping_status":"closed","template":"","meta":{"_acf_changed":false,"footnotes":""},"class_list":["post-10516","page","type-page","status-publish","hentry"],"blocksy_meta":{"styles_descriptor":{"styles":{"desktop":"","tablet":"","mobile":""},"google_fonts":[],"version":6}},"acf":[],"brizy_media":[{"id":3506,"url":"https:\/\/woolskins.eu\/wp-content\/uploads\/brizy\/779\/assets\/images\/8ea1d313879b777245777e356daaca4e5b5e7e64.jpeg","name":"8ea1d313879b777245777e356daaca4e5b5e7e64.jpeg","meta":{"brizy_attachment_uid":"8ea1d313879b777245777e356daaca4e5b5e7e64.jpeg","brizy_post_uid":["3353f910f6845cbd773363ce63e02cf3"]}},{"id":3515,"url":"https:\/\/woolskins.eu\/wp-content\/uploads\/brizy\/779\/assets\/images\/69a40164399ac8caaab77e0d9cfb8712.svg","name":"69a40164399ac8caaab77e0d9cfb8712.svg","meta":{"brizy_attachment_uid":"69a40164399ac8caaab77e0d9cfb8712.svg","brizy_post_uid":["3353f910f6845cbd773363ce63e02cf3"]}},{"id":3516,"url":"https:\/\/woolskins.eu\/wp-content\/uploads\/brizy\/779\/assets\/images\/000883977060dc06eab09adfe33d78f9.jpg","name":"000883977060dc06eab09adfe33d78f9.jpg","meta":{"brizy_attachment_uid":"000883977060dc06eab09adfe33d78f9.jpg","brizy_post_uid":["3353f910f6845cbd773363ce63e02cf3"]}},{"id":3517,"url":"https:\/\/woolskins.eu\/wp-content\/uploads\/brizy\/779\/assets\/images\/242b06a56e451b4f54d80c184c30e733.jpg","name":"242b06a56e451b4f54d80c184c30e733.jpg","meta":{"brizy_attachment_uid":"242b06a56e451b4f54d80c184c30e733.jpg","brizy_post_uid":["3353f910f6845cbd773363ce63e02cf3"]}},{"id":3519,"url":"https:\/\/woolskins.eu\/wp-content\/uploads\/brizy\/779\/assets\/images\/a47ac916fcffb4e52f4e247e8fb3ebb5.jpg","name":"a47ac916fcffb4e52f4e247e8fb3ebb5.jpg","meta":{"brizy_attachment_uid":"a47ac916fcffb4e52f4e247e8fb3ebb5.jpg","brizy_post_uid":["3353f910f6845cbd773363ce63e02cf3"]}},{"id":3520,"url":"https:\/\/woolskins.eu\/wp-content\/uploads\/brizy\/779\/assets\/images\/a2f469b32768a5e77b139d74c0e4a011.png","name":"a2f469b32768a5e77b139d74c0e4a011.png","meta":{"brizy_attachment_uid":"a2f469b32768a5e77b139d74c0e4a011.png","brizy_post_uid":["3353f910f6845cbd773363ce63e02cf3"]}},{"id":3521,"url":"https:\/\/woolskins.eu\/wp-content\/uploads\/brizy\/779\/assets\/images\/ae84d5dec601517fb27bf46390e23c0c.png","name":"ae84d5dec601517fb27bf46390e23c0c.png","meta":{"brizy_attachment_uid":"ae84d5dec601517fb27bf46390e23c0c.png","brizy_post_uid":["3353f910f6845cbd773363ce63e02cf3"]}},{"id":3518,"url":"https:\/\/woolskins.eu\/wp-content\/uploads\/brizy\/779\/assets\/images\/f6b2983e9922495ef2506bb0c183eff9.jpg","name":"f6b2983e9922495ef2506bb0c183eff9.jpg","meta":{"brizy_attachment_uid":"f6b2983e9922495ef2506bb0c183eff9.jpg","brizy_post_uid":["3353f910f6845cbd773363ce63e02cf3"]}},{"id":3522,"url":"https:\/\/woolskins.eu\/wp-content\/uploads\/brizy\/779\/assets\/images\/8eb9a57cf755f5de75e790355485d582.png","name":"8eb9a57cf755f5de75e790355485d582.png","meta":{"brizy_attachment_uid":"8eb9a57cf755f5de75e790355485d582.png","brizy_post_uid":["3353f910f6845cbd773363ce63e02cf3"]}},{"id":3524,"url":"https:\/\/woolskins.eu\/wp-content\/uploads\/brizy\/779\/assets\/images\/b20eb7c52a8f69fda3c9e460707d14d7.png","name":"b20eb7c52a8f69fda3c9e460707d14d7.png","meta":{"brizy_attachment_uid":"b20eb7c52a8f69fda3c9e460707d14d7.png","brizy_post_uid":["3353f910f6845cbd773363ce63e02cf3"]}},{"id":3523,"url":"https:\/\/woolskins.eu\/wp-content\/uploads\/brizy\/779\/assets\/images\/8ac0d4f9b1d26f29dfd574b70f30b1f5.jpg","name":"8ac0d4f9b1d26f29dfd574b70f30b1f5.jpg","meta":{"brizy_attachment_uid":"8ac0d4f9b1d26f29dfd574b70f30b1f5.jpg","brizy_post_uid":["3353f910f6845cbd773363ce63e02cf3"]}},{"id":3525,"url":"https:\/\/woolskins.eu\/wp-content\/uploads\/brizy\/779\/assets\/images\/61f70e64c8812d78cbe8c4d7131405b7.jpg","name":"61f70e64c8812d78cbe8c4d7131405b7.jpg","meta":{"brizy_attachment_uid":"61f70e64c8812d78cbe8c4d7131405b7.jpg","brizy_post_uid":["3353f910f6845cbd773363ce63e02cf3"]}},{"id":3566,"url":"https:\/\/woolskins.eu\/wp-content\/uploads\/brizy\/3560\/assets\/images\/182cc2a68ca0ad9af321ab68f5186f91.jpg","name":"182cc2a68ca0ad9af321ab68f5186f91.jpg","meta":{"brizy_attachment_uid":"182cc2a68ca0ad9af321ab68f5186f91.jpg","brizy_post_uid":["3353f910f6845cbd773363ce63e02cf3"]}},{"id":3568,"url":"https:\/\/woolskins.eu\/wp-content\/uploads\/brizy\/3560\/assets\/images\/9e2aad3f7a51cfb699ad5936a33c8d11.jpg","name":"9e2aad3f7a51cfb699ad5936a33c8d11.jpg","meta":{"brizy_attachment_uid":"9e2aad3f7a51cfb699ad5936a33c8d11.jpg","brizy_post_uid":["3353f910f6845cbd773363ce63e02cf3"]}},{"id":3567,"url":"https:\/\/woolskins.eu\/wp-content\/uploads\/brizy\/3560\/assets\/images\/7767d8e8e4030dc59a8dfa01ef8f7975.jpg","name":"7767d8e8e4030dc59a8dfa01ef8f7975.jpg","meta":{"brizy_attachment_uid":"7767d8e8e4030dc59a8dfa01ef8f7975.jpg","brizy_post_uid":["3353f910f6845cbd773363ce63e02cf3"]}},{"id":3570,"url":"https:\/\/woolskins.eu\/wp-content\/uploads\/brizy\/3560\/assets\/images\/347c726c643b2a625888edf4158c8ac2.jpg","name":"347c726c643b2a625888edf4158c8ac2.jpg","meta":{"brizy_attachment_uid":"347c726c643b2a625888edf4158c8ac2.jpg","brizy_post_uid":["3353f910f6845cbd773363ce63e02cf3"]}},{"id":3569,"url":"https:\/\/woolskins.eu\/wp-content\/uploads\/brizy\/3560\/assets\/images\/76e4ca85dd0d474c651a74b37982d6e3.jpg","name":"76e4ca85dd0d474c651a74b37982d6e3.jpg","meta":{"brizy_attachment_uid":"76e4ca85dd0d474c651a74b37982d6e3.jpg","brizy_post_uid":["3353f910f6845cbd773363ce63e02cf3"]}},{"id":3571,"url":"https:\/\/woolskins.eu\/wp-content\/uploads\/brizy\/3560\/assets\/images\/33d3b8b9f65883c0c9ff93c5a22dce33.jpg","name":"33d3b8b9f65883c0c9ff93c5a22dce33.jpg","meta":{"brizy_attachment_uid":"33d3b8b9f65883c0c9ff93c5a22dce33.jpg","brizy_post_uid":["3353f910f6845cbd773363ce63e02cf3"]}},{"id":3572,"url":"https:\/\/woolskins.eu\/wp-content\/uploads\/brizy\/3560\/assets\/images\/fe005c87840325275a3b4daefef63f10.jpg","name":"fe005c87840325275a3b4daefef63f10.jpg","meta":{"brizy_attachment_uid":"fe005c87840325275a3b4daefef63f10.jpg","brizy_post_uid":["3353f910f6845cbd773363ce63e02cf3"]}},{"id":3573,"url":"https:\/\/woolskins.eu\/wp-content\/uploads\/brizy\/3560\/assets\/images\/3ff8d868452bef5e83d625fae52c7e27.jpg","name":"3ff8d868452bef5e83d625fae52c7e27.jpg","meta":{"brizy_attachment_uid":"3ff8d868452bef5e83d625fae52c7e27.jpg","brizy_post_uid":["3353f910f6845cbd773363ce63e02cf3"]}},{"id":3574,"url":"https:\/\/woolskins.eu\/wp-content\/uploads\/brizy\/3560\/assets\/images\/8bc611d351e59e2dd15571e38589d7d1.jpg","name":"8bc611d351e59e2dd15571e38589d7d1.jpg","meta":{"brizy_attachment_uid":"8bc611d351e59e2dd15571e38589d7d1.jpg","brizy_post_uid":["3353f910f6845cbd773363ce63e02cf3"]}},{"id":3575,"url":"https:\/\/woolskins.eu\/wp-content\/uploads\/brizy\/3560\/assets\/images\/ec177618890f9674b6e045f47caae578.jpg","name":"ec177618890f9674b6e045f47caae578.jpg","meta":{"brizy_attachment_uid":"ec177618890f9674b6e045f47caae578.jpg","brizy_post_uid":["3353f910f6845cbd773363ce63e02cf3"]}},{"id":3193,"url":"https:\/\/woolskins.eu\/wp-content\/uploads\/2021\/06\/JBP2197.jpg","name":"JBP2197.jpg","meta":{"brizy_attachment_uid":"wp-cbe44fb6d99b04701da1a383f0cfcd1c.jpg","brizy_post_uid":["88ca2d0fab08d2c257849f2685a092e8","3353f910f6845cbd773363ce63e02cf3"]}},{"id":3214,"url":"https:\/\/woolskins.eu\/wp-content\/uploads\/2021\/06\/JBP0304.jpg","name":"JBP0304.jpg","meta":{"brizy_attachment_uid":"wp-c4f3c65963228b35d1324e9a4a48de56.jpg","brizy_post_uid":["88ca2d0fab08d2c257849f2685a092e8","3353f910f6845cbd773363ce63e02cf3"]}},{"id":3207,"url":"https:\/\/woolskins.eu\/wp-content\/uploads\/2021\/06\/JBP2142.jpg","name":"JBP2142.jpg","meta":{"brizy_attachment_uid":"wp-a3bc83513474cf9e90e8c979f1fe56e1.jpg","brizy_post_uid":["88ca2d0fab08d2c257849f2685a092e8","3353f910f6845cbd773363ce63e02cf3"]}},{"id":7985,"url":"https:\/\/woolskins.eu\/wp-content\/uploads\/2022\/03\/Publicatie1-Medium.jpg","name":"Publicatie1-Medium.jpg","meta":{"brizy_attachment_uid":"wp-1fba8a8830710902549a7889bd7c65e5.jpg","brizy_post_uid":["3353f910f6845cbd773363ce63e02cf3"]}},{"id":6923,"url":"https:\/\/woolskins.eu\/wp-content\/uploads\/2022\/01\/e31b9d_2e0684e159f640819106c7a2ff2ae0a5_mv2.jpg","name":"e31b9d_2e0684e159f640819106c7a2ff2ae0a5_mv2.jpg","meta":{"brizy_attachment_uid":"wp-63d3c11bf1a679c31f7716fd8d779046.jpg","brizy_post_uid":["3353f910f6845cbd773363ce63e02cf3"]}},{"id":8061,"url":"https:\/\/woolskins.eu\/wp-content\/uploads\/2022\/03\/1493212436373.jpg","name":"1493212436373.jpg","meta":{"brizy_attachment_uid":"wp-eaa5c423ec6a2ed25b51444933fb555b.jpg","brizy_post_uid":["3353f910f6845cbd773363ce63e02cf3"]}},{"id":8116,"url":"https:\/\/woolskins.eu\/wp-content\/uploads\/2022\/03\/Pluspunten-Vacht-Eng_.png","name":"Pluspunten-Vacht-Eng_.png","meta":{"brizy_attachment_uid":"wp-1a30fd6b0610ac629cc30793bb54ad9e.png","brizy_post_uid":["3353f910f6845cbd773363ce63e02cf3"]}},{"id":8136,"url":"https:\/\/woolskins.eu\/wp-content\/uploads\/2022\/03\/Knipsel_PNG.png","name":"Knipsel_PNG.png","meta":{"brizy_attachment_uid":"wp-d2111ea616553caa9ea65046f55f992f.png","brizy_post_uid":["3353f910f6845cbd773363ce63e02cf3"]}},{"id":8137,"url":"https:\/\/woolskins.eu\/wp-content\/uploads\/2022\/03\/Woolskins-Alwero-Babykleding_JPG.jpg","name":"Woolskins-Alwero-Babykleding_JPG.jpg","meta":{"brizy_attachment_uid":"wp-4e8b556a40c240441a4cc6714a73f077.jpg","brizy_post_uid":["3353f910f6845cbd773363ce63e02cf3"]}},{"id":8144,"url":"https:\/\/woolskins.eu\/wp-content\/uploads\/2022\/03\/Ouders-van-nu-Woolskins.jpg","name":"Ouders-van-nu-Woolskins.jpg","meta":{"brizy_attachment_uid":"wp-c4656a8689a269635b8e3f3f29c6ee29.jpg","brizy_post_uid":["3353f910f6845cbd773363ce63e02cf3"]}},{"id":8157,"url":"https:\/\/woolskins.eu\/wp-content\/uploads\/2022\/03\/4_JPG.jpg","name":"4_JPG.jpg","meta":{"brizy_attachment_uid":"wp-61542a5777a12dba0d4381fc7887f70f.jpg","brizy_post_uid":["3353f910f6845cbd773363ce63e02cf3"]}},{"id":8158,"url":"https:\/\/woolskins.eu\/wp-content\/uploads\/2022\/03\/2_JPG.jpg","name":"2_JPG.jpg","meta":{"brizy_attachment_uid":"wp-595be334f5a38c0a1792cac310af5254.jpg","brizy_post_uid":["3353f910f6845cbd773363ce63e02cf3"]}},{"id":8159,"url":"https:\/\/woolskins.eu\/wp-content\/uploads\/2022\/03\/Woolskins-schapenvacht-voor-Baby_JPG.jpg","name":"Woolskins-schapenvacht-voor-Baby_JPG.jpg","meta":{"brizy_attachment_uid":"wp-5d5a7267783b1bfb48e19437ba1a2084.jpg","brizy_post_uid":["3353f910f6845cbd773363ce63e02cf3"]}},{"id":8160,"url":"https:\/\/woolskins.eu\/wp-content\/uploads\/2022\/03\/Knipsel_JPG.jpg","name":"Knipsel_JPG.jpg","meta":{"brizy_attachment_uid":"wp-92e886d4a35744b53c9cefd90d89174b.jpg","brizy_post_uid":["3353f910f6845cbd773363ce63e02cf3"]}},{"id":8161,"url":"https:\/\/woolskins.eu\/wp-content\/uploads\/2022\/03\/6_JPG.jpg","name":"6_JPG.jpg","meta":{"brizy_attachment_uid":"wp-fd2e2942ad89592a6a423756d6b8042a.jpg","brizy_post_uid":["3353f910f6845cbd773363ce63e02cf3"]}},{"id":7052,"url":"https:\/\/woolskins.eu\/wp-content\/uploads\/2022\/01\/e31b9d_781a197e4cf9444cad39fb52f7474850_mv2.jpg","name":"e31b9d_781a197e4cf9444cad39fb52f7474850_mv2.jpg","meta":{"brizy_attachment_uid":"wp-58e724915a4442138f2858fba811bc50.jpg","brizy_post_uid":["3353f910f6845cbd773363ce63e02cf3"]}},{"id":9105,"url":"https:\/\/woolskins.eu\/wp-content\/uploads\/2021\/09\/JBP_73.jpg","name":"JBP_73.jpg","meta":{"brizy_attachment_uid":"wp-fa2ab9d472d3724ad3ebe748c606111c.jpg","brizy_post_uid":["3353f910f6845cbd773363ce63e02cf3","77f96b7d0ac45d74704c919a07f63bb0"]}},{"id":9128,"url":"https:\/\/woolskins.eu\/wp-content\/uploads\/2022\/04\/JBP_03-1-scaled.jpg","name":"JBP_03-1.jpg","meta":{"brizy_attachment_uid":"wp-ad83e3b1107e285b5d9f08e16aa2afd8.jpg","brizy_post_uid":["3353f910f6845cbd773363ce63e02cf3"]}},{"id":9127,"url":"https:\/\/woolskins.eu\/wp-content\/uploads\/2022\/04\/JBP_25.jpg","name":"JBP_25.jpg","meta":{"brizy_attachment_uid":"wp-1f6545ea155530919ff635300402487b.jpg","brizy_post_uid":["3353f910f6845cbd773363ce63e02cf3"]}},{"id":9733,"url":"https:\/\/woolskins.eu\/wp-content\/uploads\/2022\/04\/Screenshot_1.jpg","name":"Screenshot_1.jpg","meta":{"brizy_attachment_uid":"wp-24ef7c9791ff64ed681b526824a9518c.jpg","brizy_post_uid":["3353f910f6845cbd773363ce63e02cf3"]}},{"id":9617,"url":"https:\/\/woolskins.eu\/wp-content\/uploads\/2022\/01\/JBP_46-e1697553366677.jpg","name":"JBP_46.jpg","meta":{"brizy_attachment_uid":"wp-66f81c1a281746f054f27ccd6bb40aa3.jpg","brizy_post_uid":["3353f910f6845cbd773363ce63e02cf3","88ca2d0fab08d2c257849f2685a092e8"]}},{"id":7189,"url":"https:\/\/woolskins.eu\/wp-content\/uploads\/2021\/09\/e31b9d_0e284c1310bb471d8b6fa7c6d61c9225_mv2-1.jpg","name":"e31b9d_0e284c1310bb471d8b6fa7c6d61c9225_mv2-1.jpg","meta":{"brizy_attachment_uid":"wp-d6cefcb6db0fa65bb581aa7712db26f5.jpg","brizy_post_uid":["3353f910f6845cbd773363ce63e02cf3","88ca2d0fab08d2c257849f2685a092e8"]}},{"id":10682,"url":"https:\/\/woolskins.eu\/wp-content\/uploads\/2022\/05\/JBP-04.jpg","name":"JBP-04.jpg","meta":{"brizy_attachment_uid":"wp-9c88e400003ef5ceb713602d0442307b.jpg","brizy_post_uid":["3353f910f6845cbd773363ce63e02cf3","88ca2d0fab08d2c257849f2685a092e8"]}},{"id":10683,"url":"https:\/\/woolskins.eu\/wp-content\/uploads\/2022\/05\/JBP-09.jpg","name":"JBP-09.jpg","meta":{"brizy_attachment_uid":"wp-90ec9d49f81d2fb1d06b93f13f19a259.jpg","brizy_post_uid":["3353f910f6845cbd773363ce63e02cf3"]}},{"id":10685,"url":"https:\/\/woolskins.eu\/wp-content\/uploads\/2022\/05\/JBP-21.jpg","name":"JBP-21.jpg","meta":{"brizy_attachment_uid":"wp-53ad0bd169c4311590cd813704611beb.jpg","brizy_post_uid":["3353f910f6845cbd773363ce63e02cf3"]}},{"id":7208,"url":"https:\/\/woolskins.eu\/wp-content\/uploads\/2022\/02\/e31b9d_8ef0fc3638374dea8254dfc665a475a9_mv2.jpg","name":"e31b9d_8ef0fc3638374dea8254dfc665a475a9_mv2.jpg","meta":{"brizy_attachment_uid":"wp-ebb42658fd689c37ef2b0011ecaa5ea1.jpg","brizy_post_uid":["3353f910f6845cbd773363ce63e02cf3"]}},{"id":7191,"url":"https:\/\/woolskins.eu\/wp-content\/uploads\/2022\/02\/e31b9d_1dc4b4bdb10342e4a6e56cc1fc09e603_mv2.jpg","name":"e31b9d_1dc4b4bdb10342e4a6e56cc1fc09e603_mv2.jpg","meta":{"brizy_attachment_uid":"wp-b3675469e404d121a14f0d08de9e18e5.jpg","brizy_post_uid":["3353f910f6845cbd773363ce63e02cf3"]}},{"id":7211,"url":"https:\/\/woolskins.eu\/wp-content\/uploads\/2022\/02\/e31b9d_838e20988c164448866b5b12576dc983_mv2.jpg","name":"e31b9d_838e20988c164448866b5b12576dc983_mv2.jpg","meta":{"brizy_attachment_uid":"wp-e5b5c60c1e2ce85d6230a06240f18615.jpg","brizy_post_uid":["3353f910f6845cbd773363ce63e02cf3"]}},{"id":7183,"url":"https:\/\/woolskins.eu\/wp-content\/uploads\/2021\/09\/e31b9d_9c1c54ad04fa4f459dc1feaa1d179840_mv2.jpg","name":"e31b9d_9c1c54ad04fa4f459dc1feaa1d179840_mv2.jpg","meta":{"brizy_attachment_uid":"wp-6368ec3b52344b5ca2f0db0bd3946652.jpg","brizy_post_uid":["3353f910f6845cbd773363ce63e02cf3"]}},{"id":7184,"url":"https:\/\/woolskins.eu\/wp-content\/uploads\/2021\/09\/e31b9d_014cafdbf03b4bdeb7b7802d7a5e939a_mv2.jpg","name":"e31b9d_014cafdbf03b4bdeb7b7802d7a5e939a_mv2.jpg","meta":{"brizy_attachment_uid":"wp-3a9f47035449d3a107015c49915e52d4.jpg","brizy_post_uid":["3353f910f6845cbd773363ce63e02cf3"]}},{"id":10700,"url":"https:\/\/woolskins.eu\/wp-content\/uploads\/2022\/05\/IMG_20200913_140348-Klein.jpg","name":"IMG_20200913_140348-Klein.jpg","meta":{"brizy_attachment_uid":"wp-fb930ee4a00f9d3f19739205f140b026.jpg","brizy_post_uid":["3353f910f6845cbd773363ce63e02cf3"]}},{"id":10699,"url":"https:\/\/woolskins.eu\/wp-content\/uploads\/2022\/05\/IMG_20150509_115040-Klein.jpg","name":"IMG_20150509_115040-Klein.jpg","meta":{"brizy_attachment_uid":"wp-602512d9cccfad73497669d542a95cc6.jpg","brizy_post_uid":["3353f910f6845cbd773363ce63e02cf3","45a2c1fb9eea152ab6808a17ead72f3c"]}},{"id":10707,"url":"https:\/\/woolskins.eu\/wp-content\/uploads\/2022\/05\/IMG_20150509_115040-Groot.jpg","name":"IMG_20150509_115040-Groot.jpg","meta":{"brizy_attachment_uid":"wp-b1ae58cb2b9f5aa488b6b352b1b67b4b.jpg","brizy_post_uid":["3353f910f6845cbd773363ce63e02cf3"]}},{"id":9775,"url":"https:\/\/woolskins.eu\/wp-content\/uploads\/2022\/01\/JBP_85.jpg","name":"JBP_85.jpg","meta":{"brizy_attachment_uid":"wp-de534855db271e5bbdd89a80bfc61fcd.jpg","brizy_post_uid":["3353f910f6845cbd773363ce63e02cf3"]}},{"id":9564,"url":"https:\/\/woolskins.eu\/wp-content\/uploads\/2022\/04\/Sep21604-1-2021-LUXlife-Parent-and-Baby-Awards-Winners-Logo-1024x1017-1.gif","name":"Sep21604-1-2021-LUXlife-Parent-and-Baby-Awards-Winners-Logo-1024x1017-1.gif","meta":{"brizy_attachment_uid":"wp-0a4648d8337560046675a3e01c45d88f.gif","brizy_post_uid":["3353f910f6845cbd773363ce63e02cf3"]}},{"id":15518,"url":"https:\/\/woolskins.eu\/wp-content\/uploads\/2023\/06\/pasted-image-0.png","name":"pasted-image-0.png","meta":{"brizy_attachment_uid":"wp-1538d9458200e97313809618707996d8.png","brizy_post_uid":["3353f910f6845cbd773363ce63e02cf3"]}},{"id":16254,"url":"https:\/\/woolskins.eu\/wp-content\/uploads\/2023\/09\/IMG_20230911_164807-scaled.jpg","name":"IMG_20230911_164807.jpg","meta":{"brizy_attachment_uid":"wp-789b2480e0a789ef1f7b6e18cb1ea649.jpg","brizy_post_uid":["3353f910f6845cbd773363ce63e02cf3"]}},{"id":16261,"url":"https:\/\/woolskins.eu\/wp-content\/uploads\/2023\/09\/123-scaled.jpg","name":"123.jpg","meta":{"brizy_attachment_uid":"wp-3cb5cb9b4d31359f0fca559d86710750.jpg","brizy_post_uid":["3353f910f6845cbd773363ce63e02cf3"]}},{"id":16451,"url":"https:\/\/woolskins.eu\/wp-content\/uploads\/2023\/09\/1695386645537-Middel.jpg","name":"1695386645537-Middel.jpg","meta":{"brizy_attachment_uid":"wp-282560568b2bac96f734f32b5bf4902f.jpg","brizy_post_uid":["3353f910f6845cbd773363ce63e02cf3","88ca2d0fab08d2c257849f2685a092e8"]}},{"id":16423,"url":"https:\/\/woolskins.eu\/wp-content\/uploads\/2023\/09\/1695380168335-Middel.jpg","name":"1695380168335-Middel.jpg","meta":{"brizy_attachment_uid":"wp-38d192c44df2a185d48b64d3b80bc65c.jpg","brizy_post_uid":["88ca2d0fab08d2c257849f2685a092e8","0c12b0a37b13cc9ea285e2d0649af329","3353f910f6845cbd773363ce63e02cf3"]}},{"id":16455,"url":"https:\/\/woolskins.eu\/wp-content\/uploads\/2023\/09\/1695387702986-Middel.jpg","name":"1695387702986-Middel.jpg","meta":{"brizy_attachment_uid":"wp-7e9aec8d922ab104039f838d9838f240.jpg","brizy_post_uid":["3353f910f6845cbd773363ce63e02cf3","88ca2d0fab08d2c257849f2685a092e8"]}},{"id":16508,"url":"https:\/\/woolskins.eu\/wp-content\/uploads\/2023\/09\/1695453348403-scaled.jpg","name":"1695453348403.jpg","meta":{"brizy_attachment_uid":"wp-4d96f7cd4343b55c5743b685673488c5.jpg","brizy_post_uid":["3353f910f6845cbd773363ce63e02cf3"]}},{"id":16509,"url":"https:\/\/woolskins.eu\/wp-content\/uploads\/2023\/09\/IMG_20230801_131155-scaled.jpg","name":"IMG_20230801_131155.jpg","meta":{"brizy_attachment_uid":"wp-08554eb5e7d21df09b2b880e09295a8f.jpg","brizy_post_uid":["3353f910f6845cbd773363ce63e02cf3"]}},{"id":16776,"url":"https:\/\/woolskins.eu\/wp-content\/uploads\/2023\/10\/Schermafbeelding-2023-10-09-123116.png","name":"Schermafbeelding-2023-10-09-123116.png","meta":{"brizy_attachment_uid":"wp-f6b835ec59efad616749cfce0ec80120.png","brizy_post_uid":["3353f910f6845cbd773363ce63e02cf3"]}},{"id":17779,"url":"https:\/\/woolskins.eu\/wp-content\/uploads\/2023\/11\/1700140967822-scaled.jpg","name":"1700140967822.jpg","meta":{"brizy_attachment_uid":"wp-6ad9db09ddc1661c6be0eaf9462b8276.jpg","brizy_post_uid":["3353f910f6845cbd773363ce63e02cf3"]}}],"_links":{"self":[{"href":"https:\/\/woolskins.eu\/sv\/wp-json\/wp\/v2\/pages\/10516","targetHints":{"allow":["GET"]}}],"collection":[{"href":"https:\/\/woolskins.eu\/sv\/wp-json\/wp\/v2\/pages"}],"about":[{"href":"https:\/\/woolskins.eu\/sv\/wp-json\/wp\/v2\/types\/page"}],"author":[{"embeddable":true,"href":"https:\/\/woolskins.eu\/sv\/wp-json\/wp\/v2\/users\/1"}],"replies":[{"embeddable":true,"href":"https:\/\/woolskins.eu\/sv\/wp-json\/wp\/v2\/comments?post=10516"}],"version-history":[{"count":0,"href":"https:\/\/woolskins.eu\/sv\/wp-json\/wp\/v2\/pages\/10516\/revisions"}],"wp:attachment":[{"href":"https:\/\/woolskins.eu\/sv\/wp-json\/wp\/v2\/media?parent=10516"}],"curies":[{"name":"wp","href":"https:\/\/api.w.org\/{rel}","templated":true}]}}