{"id":7910,"date":"2022-03-03T15:16:22","date_gmt":"2022-03-03T15:16:22","guid":{"rendered":"https:\/\/woolskins.eu\/?post_type=product&#038;p=7910"},"modified":"2026-01-30T13:19:53","modified_gmt":"2026-01-30T13:19:53","slug":"escova-de-manutencao-2","status":"publish","type":"product","link":"https:\/\/woolskins.eu\/pt\/onderhoudsborstel-2\/","title":{"rendered":"Escova de manuten\u00e7\u00e3o"},"content":{"rendered":"<p>A melhor maneira de manter o seu pelo \u00e9 arej\u00e1-lo regularmente, dar-lhe palmadinhas e escov\u00e1-lo curto. Desta forma, manter\u00e1 o seu pelo bonito durante muito tempo sem que este se emaranhe.<\/p>\n<p>- Escova de manuten\u00e7\u00e3o 14cm.<\/p>\n<p>Se tiver uma pelagem lav\u00e1vel (grau m\u00e9dico, pelagem amarelo dourado), recomendamos que espere o m\u00e1ximo de tempo poss\u00edvel antes de a lavar. No caso de um pequeno acidente, \u00e9 geralmente suficiente limp\u00e1-lo com uma flanela h\u00famida, deix\u00e1-lo secar\/arejar e escov\u00e1-lo brevemente.<\/p>","protected":false},"excerpt":{"rendered":"<p>Este conjunto de cuidados \u00e9 especialmente indicado para a manuten\u00e7\u00e3o de peles de ovelha (lav\u00e1veis). O detergente ecol\u00f3gico, \u00e0 base de azeite, tem um efeito de reten\u00e7\u00e3o de gordura e cont\u00e9m lanolina para manter as propriedades saud\u00e1veis e a elasticidade do pelo. 250 ml = 5x lavagem.<\/p>","protected":false},"featured_media":7906,"comment_status":"closed","ping_status":"closed","template":"","meta":{"_acf_changed":false},"product_brand":[],"product_cat":[357,216,222,354],"product_tag":[],"class_list":{"0":"post-7910","1":"product","2":"type-product","3":"status-publish","4":"has-post-thumbnail","6":"product_cat-onderhoud","7":"product_cat-schapenvacht-voor-baby","8":"product_cat-buggy-schapenvachtjes","9":"product_cat-woolskins","11":"first","12":"instock","13":"taxable","14":"shipping-taxable","15":"purchasable","16":"product-type-simple"},"acf":[],"_links":{"self":[{"href":"https:\/\/woolskins.eu\/pt\/wp-json\/wp\/v2\/product\/7910","targetHints":{"allow":["GET"]}}],"collection":[{"href":"https:\/\/woolskins.eu\/pt\/wp-json\/wp\/v2\/product"}],"about":[{"href":"https:\/\/woolskins.eu\/pt\/wp-json\/wp\/v2\/types\/product"}],"replies":[{"embeddable":true,"href":"https:\/\/woolskins.eu\/pt\/wp-json\/wp\/v2\/comments?post=7910"}],"wp:featuredmedia":[{"embeddable":true,"href":"https:\/\/woolskins.eu\/pt\/wp-json\/wp\/v2\/media\/7906"}],"wp:attachment":[{"href":"https:\/\/woolskins.eu\/pt\/wp-json\/wp\/v2\/media?parent=7910"}],"wp:term":[{"taxonomy":"product_brand","embeddable":true,"href":"https:\/\/woolskins.eu\/pt\/wp-json\/wp\/v2\/product_brand?post=7910"},{"taxonomy":"product_cat","embeddable":true,"href":"https:\/\/woolskins.eu\/pt\/wp-json\/wp\/v2\/product_cat?post=7910"},{"taxonomy":"product_tag","embeddable":true,"href":"https:\/\/woolskins.eu\/pt\/wp-json\/wp\/v2\/product_tag?post=7910"}],"curies":[{"name":"wp","href":"https:\/\/api.w.org\/{rel}","templated":true}]}}