{"id":7909,"date":"2022-03-03T15:02:21","date_gmt":"2022-03-03T15:02:21","guid":{"rendered":"https:\/\/woolskins.eu\/?post_type=product&#038;p=7909"},"modified":"2024-12-05T11:12:27","modified_gmt":"2024-12-05T11:12:27","slug":"detergente-ecologico-para-la-com-lanolina","status":"publish","type":"product","link":"https:\/\/woolskins.eu\/pt\/ecologisch-wolwasmiddel-met-lanoline\/","title":{"rendered":"Detergente ecol\u00f3gico para l\u00e3 com lanolina"},"content":{"rendered":"<p>Este detergente para l\u00e3s limpa as roupas de l\u00e3 e os tecidos delicados de forma eficaz mas suave. Tanto para a lavagem \u00e0 m\u00e3o como para a lavagem delicada na m\u00e1quina de lavar. Foi adicionada lanolina extra, restaurando o seu produto de l\u00e3 e tornando-o maravilhosamente macio.<\/p>\n<p>- Sem branqueadores \u00f3pticos.<br \/>\n- 250 ml (suficiente para lavar 5x a sua pele de carneiro lav\u00e1vel).<br \/>\n- Para m\u00e1quina de lavar roupa e lavagem \u00e0 m\u00e3o at\u00e9 40 \u00b0C.<br \/>\n&#8211; <i class=\"sui sui-leaf\"><\/i>\u00c0 base de plantas, sem \u00f3leo de palma.<\/p>\n<p>Est\u00e1 \u00e0 procura de um bom detergente ecol\u00f3gico para l\u00e3 e seda? Ent\u00e3o experimente o nosso detergente para l\u00e3 e detergente fino \u00e0 base de sab\u00e3o de azeite. Lava eficazmente de forma natural e remove as n\u00f3doas mesmo a baixas temperaturas. Este detergente para l\u00e3 \u00e9 formulado para limpar eficazmente e n\u00e3o cont\u00e9m lix\u00edvia \u00f3tica.<\/p>\n<p>A gordura natural da l\u00e3 nas roupas de l\u00e3 n\u00e3o \u00e9 afetada, preservando a sua suavidade, textura e apar\u00eancia. Este detergente ecol\u00f3gico para l\u00e3 n\u00e3o cont\u00e9m \u00f3leo de palma, intensificadores de cor \u00f3pticos nem silicones.<\/p>\n<p>Se quiser lavar as suas batas lav\u00e1veis (batas de grau m\u00e9dico, amarelo dourado), tamb\u00e9m o pode fazer com este detergente.<\/p>","protected":false},"excerpt":{"rendered":"<p>Est\u00e1 \u00e0 procura de um bom detergente ecol\u00f3gico para l\u00e3 e seda? Ent\u00e3o experimente o nosso detergente para l\u00e3 e detergente fino \u00e0 base de sab\u00e3o de azeite. Lava eficazmente de forma natural e remove as n\u00f3doas, mesmo a baixas temperaturas. Conte\u00fado: 250 ml.<\/p>","protected":false},"featured_media":7908,"comment_status":"closed","ping_status":"closed","template":"","meta":{"_acf_changed":false},"product_brand":[],"product_cat":[357,216,354],"product_tag":[],"class_list":{"0":"post-7909","1":"product","2":"type-product","3":"status-publish","4":"has-post-thumbnail","6":"product_cat-onderhoud","7":"product_cat-schapenvacht-voor-baby","8":"product_cat-woolskins","10":"first","11":"instock","12":"taxable","13":"shipping-taxable","14":"purchasable","15":"product-type-simple"},"acf":[],"_links":{"self":[{"href":"https:\/\/woolskins.eu\/pt\/wp-json\/wp\/v2\/product\/7909","targetHints":{"allow":["GET"]}}],"collection":[{"href":"https:\/\/woolskins.eu\/pt\/wp-json\/wp\/v2\/product"}],"about":[{"href":"https:\/\/woolskins.eu\/pt\/wp-json\/wp\/v2\/types\/product"}],"replies":[{"embeddable":true,"href":"https:\/\/woolskins.eu\/pt\/wp-json\/wp\/v2\/comments?post=7909"}],"wp:featuredmedia":[{"embeddable":true,"href":"https:\/\/woolskins.eu\/pt\/wp-json\/wp\/v2\/media\/7908"}],"wp:attachment":[{"href":"https:\/\/woolskins.eu\/pt\/wp-json\/wp\/v2\/media?parent=7909"}],"wp:term":[{"taxonomy":"product_brand","embeddable":true,"href":"https:\/\/woolskins.eu\/pt\/wp-json\/wp\/v2\/product_brand?post=7909"},{"taxonomy":"product_cat","embeddable":true,"href":"https:\/\/woolskins.eu\/pt\/wp-json\/wp\/v2\/product_cat?post=7909"},{"taxonomy":"product_tag","embeddable":true,"href":"https:\/\/woolskins.eu\/pt\/wp-json\/wp\/v2\/product_tag?post=7909"}],"curies":[{"name":"wp","href":"https:\/\/api.w.org\/{rel}","templated":true}]}}