{"id":7854,"date":"2022-03-02T11:30:06","date_gmt":"2022-03-02T11:30:06","guid":{"rendered":"https:\/\/woolskins.eu\/?post_type=product&#038;p=7854"},"modified":"2025-09-30T14:01:45","modified_gmt":"2025-09-30T14:01:45","slug":"skiep-woolcare-lanolina-spray","status":"publish","type":"product","link":"https:\/\/woolskins.eu\/pt\/skiep-woolcare-lanoline-spray\/","title":{"rendered":"Skiep Woolcare | Lanolin Spray"},"content":{"rendered":"<p>Lanolina em spray naturalmente inodora da marca holandesa Skiep Woolcare. Fabricado com ingredientes org\u00e2nicos e naturais 100%.<\/p>\n<p>Ideal para a manuten\u00e7\u00e3o de peles de ovelha e de vestu\u00e1rio de l\u00e3. Nutre, condiciona e protege a sua pe\u00e7a de vestu\u00e1rio de l\u00e3 preferida de forma f\u00e1cil e r\u00e1pida.<\/p>\n<p>- Conte\u00fado: 100 ml<br \/>\n- Ingredientes: \u00e1gua, \u00f3leos org\u00e2nicos saponificados de azeitona, coco e girassol, lanolina.<\/p>\n<p>A lanolina \u00e9 conhecida pelas suas propriedades nutritivas e desinfectantes. Para peles sens\u00edveis e\/ou irritadas, pode ser calmante. <span style=\"font-style: var(--fontStyle, inherit); font-weight: var(--fontWeight); letter-spacing: var(--letterSpacing); text-transform: var(--textTransform);\">As garrafas s\u00e3o um pouco cinzentas\/cinzentas. Isto deve-se ao facto de serem feitas de pl\u00e1stico reciclado!<\/span><\/p>\n<p>Utiliza\u00e7\u00e3o:<\/p>\n<p>Agitar suavemente antes de utilizar. Pulverizar a sua pe\u00e7a de vestu\u00e1rio de l\u00e3 ou pele de carneiro preferida, recentemente lavada, com Skiep Lanolin Spray. Em seguida, massajar suavemente a solu\u00e7\u00e3o de lanolina nas fibras e pendurar a pe\u00e7a de vestu\u00e1rio durante algum tempo para permitir que a lanolina seja bem absorvida pela l\u00e3.<\/p>\n<p>Nota: A lanolina em spray n\u00e3o precisa de ser enxaguada.<\/p>\n<div id=\"jw-element-126665088\" class=\"jw-tree-node jw-element jw-text jw-node-is-first-child jw-image-text\" data-jw-element-id=\"126665088\">\n<div class=\"jw-element-imagetext-text\">\n<h5 class=\"jw-heading-100\">Skiep Woolcare<\/h5>\n<\/div>\n<\/div>\n<div id=\"jw-element-126755716\" class=\"jw-tree-node jw-element jw-text jw-node-is-last-child jw-image-text\" data-jw-element-id=\"126755716\">\n<div class=\"jw-element-imagetext-text\">\n<p>Fazer sab\u00e3o \u00e9 um hobby meu h\u00e1 anos, nascido da minha eterna procura de produtos naturais (de cuidado) aos quais a minha pele responde bem. Se a isso juntarmos o meu grande amor pela l\u00e3, a ideia para a Skiep Woolcare estava l\u00e1!<\/p>\n<p>Depois de muita pesquisa e testes, consegui finalmente formular uma boa receita para o meu sab\u00e3o biol\u00f3gico para lavagem de l\u00e3 com lanolina. O sab\u00e3o torna as suas l\u00e3s maravilhosamente frescas e macias de novo devido ao seu elevado teor de lanolina. Um pouco mais tarde, desenvolvi tamb\u00e9m um \u00f3timo spray de lanolina biol\u00f3gica. Escusado ser\u00e1 dizer que apenas utilizei ingredientes biol\u00f3gicos e naturalmente puros. Espero que estejas t\u00e3o entusiasmado como eu!<\/p>\n<h5>Sabia que:<\/h5>\n<p>- Os nossos sabonetes de lavagem de l\u00e3 de lanolina s\u00e3o feitos a partir de \u00f3leos vegetais org\u00e2nicos (e, claro, lanolina) e n\u00e3o cont\u00eam \u00f3leo de palma?<br \/>\n- Utiliz\u00e1mos a quantidade m\u00e1xima de \u00f3leo essencial permitida pelas normas da UE para todos os sabonetes? Como resultado, a fragr\u00e2ncia est\u00e1 bem presente, mas n\u00e3o \u00e9 extrema.<br \/>\n- Cada sab\u00e3o tem um aspeto diferente? Alguns t\u00eam um aspeto ligeiramente mais \u00e1spero do que outros. Isto deve-se ao facto de os nossos sabonetes serem feitos \u00e0 m\u00e3o e tamb\u00e9m cortados \u00e0 m\u00e3o.<br \/>\n- Por vezes, pode haver uma \u201cn\u00e9voa\u201d branca ou manchas brancas vis\u00edveis no sab\u00e3o? A isto chama-se cinza de sab\u00e3o e \u00e9 uma rea\u00e7\u00e3o natural entre todos os ingredientes e o oxig\u00e9nio. \u00c9, portanto, puramente cosm\u00e9tica e n\u00e3o afecta a qualidade do sab\u00e3o. Porque gostamos da natureza pura, opt\u00e1mos por n\u00e3o adicionar quaisquer outras subst\u00e2ncias para contrariar este fen\u00f3meno.<br \/>\n- Os nossos materiais de embalagem, etc., s\u00e3o feitos de materiais reciclados? Por exemplo, os pap\u00e9is castanhos que envolvem os sabonetes s\u00e3o 80% compost\u00e1veis, e os frascos dos sprays de lanolina s\u00e3o feitos de pl\u00e1stico reciclado 100%!<\/p>\n<p>&nbsp;<\/p>\n<\/div>\n<\/div>","protected":false},"excerpt":{"rendered":"<p>A lanolina em spray Skiep Woolcare \u00e9 ideal para a manuten\u00e7\u00e3o de peles de ovelha e vestu\u00e1rio de l\u00e3. Nutre, condiciona e protege a sua pe\u00e7a de vestu\u00e1rio de l\u00e3 favorita de forma f\u00e1cil e r\u00e1pida.<\/p>","protected":false},"featured_media":7853,"comment_status":"open","ping_status":"closed","template":"","meta":{"_acf_changed":false},"product_brand":[],"product_cat":[349,200,31,352,357,216,222,356,196,210],"product_tag":[],"class_list":{"0":"post-7854","1":"product","2":"type-product","3":"status-publish","4":"has-post-thumbnail","6":"product_cat-borstvoedingenvoedingskussens","7":"product_cat-wollen-babykleding","8":"product_cat-yogamat-wol","9":"product_cat-merken","10":"product_cat-onderhoud","11":"product_cat-schapenvacht-voor-baby","12":"product_cat-buggy-schapenvachtjes","13":"product_cat-skiep-woolcare","14":"product_cat-slaapkleding-baby","15":"product_cat-wollen-voedingskussen","17":"first","18":"outofstock","19":"taxable","20":"shipping-taxable","21":"purchasable","22":"product-type-simple"},"acf":[],"_links":{"self":[{"href":"https:\/\/woolskins.eu\/pt\/wp-json\/wp\/v2\/product\/7854","targetHints":{"allow":["GET"]}}],"collection":[{"href":"https:\/\/woolskins.eu\/pt\/wp-json\/wp\/v2\/product"}],"about":[{"href":"https:\/\/woolskins.eu\/pt\/wp-json\/wp\/v2\/types\/product"}],"replies":[{"embeddable":true,"href":"https:\/\/woolskins.eu\/pt\/wp-json\/wp\/v2\/comments?post=7854"}],"wp:featuredmedia":[{"embeddable":true,"href":"https:\/\/woolskins.eu\/pt\/wp-json\/wp\/v2\/media\/7853"}],"wp:attachment":[{"href":"https:\/\/woolskins.eu\/pt\/wp-json\/wp\/v2\/media?parent=7854"}],"wp:term":[{"taxonomy":"product_brand","embeddable":true,"href":"https:\/\/woolskins.eu\/pt\/wp-json\/wp\/v2\/product_brand?post=7854"},{"taxonomy":"product_cat","embeddable":true,"href":"https:\/\/woolskins.eu\/pt\/wp-json\/wp\/v2\/product_cat?post=7854"},{"taxonomy":"product_tag","embeddable":true,"href":"https:\/\/woolskins.eu\/pt\/wp-json\/wp\/v2\/product_tag?post=7854"}],"curies":[{"name":"wp","href":"https:\/\/api.w.org\/{rel}","templated":true}]}}