{"id":7735,"date":"2022-02-15T15:29:36","date_gmt":"2022-02-15T15:29:36","guid":{"rendered":"https:\/\/woolskins.eu\/?post_type=product&#038;p=7735"},"modified":"2024-04-02T16:57:11","modified_gmt":"2024-04-02T16:57:11","slug":"meias-de-la-de-alpaca-algodao-castanho-claro","status":"publish","type":"product","link":"https:\/\/woolskins.eu\/pt\/sokjes-alpaca-wol-katoen-licht-bruin\/","title":{"rendered":"Meias L\u00e3 de alpaca e algod\u00e3o | castanho claro"},"content":{"rendered":"<p>O seu precioso petit vai adorar a forma como estas meias de algod\u00e3o de alpaca mant\u00eam os seus dedinhos dos p\u00e9s quentes e frescos durante todo o ano.<\/p>\n<p>Estas meias bonitas s\u00e3o tricotadas com uma mistura de l\u00e3 fina de alpaca beb\u00e9 e algod\u00e3o org\u00e2nico do Peru. Dispon\u00edveis nas nossas cores naturais e n\u00e3o tingidas.<\/p>\n<p>- \u00c9 leve e muito suave<br \/>\n- \u00c9 t\u00e9rmico, por isso \u00e9 fresco no ver\u00e3o e agrad\u00e1vel e quente no inverno<br \/>\n- \u00c9 4 vezes menos \u201csens\u00edvel \u00e0 abras\u00e3o\u201d do que a l\u00e3 merino<br \/>\n- N\u00e3o encolhe ap\u00f3s a lavagem<br \/>\n- 35% l\u00e3 de alpaca fina - 65% algod\u00e3o org\u00e2nico<br \/>\n- 100% org\u00e2nico em conformidade com a Oeko-Tex\u00ae Standard 100<\/p>\n<h5 class=\"Text1893342656__root Text1893342656---typography-11-runningText Text1893342656---priority-7-primary s8gg2 _2UIKs InfoSectionTitle3095652555__root\" aria-hidden=\"false\" data-hook=\"info-section-title\">L\u00e3 de alpaca para beb\u00e9<\/h5>\n<div class=\"rah-static rah-static--height-auto\" aria-hidden=\"false\">\n<div>\n<div class=\"_1yvxJ fggS- cell\">\n<div class=\"WncCi\" data-hook=\"info-section-description\">\n<p>A estrutura das fibras da l\u00e3 de alpaca para beb\u00e9 \u00e9 muito fina e a sua suavidade pode ser comparada \u00e0 da l\u00e3 de caxemira, mas ainda mais suave. A l\u00e3 de alpaca \u00e9 conhecida pela sua qualidade superior, \u00e9 muito macia na pele e \u00e9 hipoalerg\u00e9nica. A l\u00e3 de alpaca beb\u00e9 \u00e9 a l\u00e3 de alpaca mais macia da primeira urdidura. A l\u00e3 de alpaca beb\u00e9 n\u00e3o significa que a l\u00e3 prov\u00e9m de alpacas beb\u00e9s, mas que apenas \u00e9 utilizada a l\u00e3 mais fina. Esta l\u00e3 tem um di\u00e2metro de cerca de 20 microns, o que \u00e9 incrivelmente fino, pois um micron \u00e9 0,001 mil\u00edmetros. Quanto mais fina for a l\u00e3, mais macio ser\u00e1 o produto.<\/p>\n<h5>Pequeno Kolibri<\/h5>\n<p class=\"\">PETIT KOLIBRI nasceu de um amor incondicional por produtos aut\u00eanticos, org\u00e2nicos e naturais. Nossos produtos nascem de um compromisso incans\u00e1vel em promover a sustentabilidade ambiental e neg\u00f3cios conscientes nas comunidades locais da Am\u00e9rica Latina.<\/p>\n<p class=\"\">Todas as nossas roupas de alpaca org\u00e2nica e de alpaca para beb\u00e9 s\u00e3o adquiridas com cuidado e aten\u00e7\u00e3o numa rela\u00e7\u00e3o mutuamente ben\u00e9fica e transparente com os nossos fornecedores. Os produtos acabados s\u00e3o criados em condi\u00e7\u00f5es justas por um coletivo de artes\u00e3os na Col\u00f4mbia e no Peru. O com\u00e9rcio justo tornou-se o nosso princ\u00edpio orientador.<\/p>\n<p class=\"\">As crian\u00e7as s\u00e3o a popula\u00e7\u00e3o de amanh\u00e3. O impacto que ter\u00e3o no nosso planeta \u00e9 influenciado pelos princ\u00edpios que lhes ensinamos hoje. As nossas malhas minimalistas com design org\u00e2nico s\u00e3o feitas para todas as pequenas aventuras!<\/p>\n<p>O nosso objetivo \u00e9 fornecer vestu\u00e1rio e acess\u00f3rios seguros para crian\u00e7as, porque acreditamos que os produtos que as crian\u00e7as tocam devem estar no seu estado mais puro e n\u00e3o tratados. Orgulhamo-nos de oferecer produtos biol\u00f3gicos sem subst\u00e2ncias nocivas, certificados pela norma 100 da OEKO-TEX\u00ae. A l\u00e3 que utilizamos na PETIT KOLIBRI \u00e9 proveniente do Peru, um dos principais pa\u00edses exportadores de l\u00e3 de alpaca.<\/p>\n<\/div>\n<\/div>\n<\/div>\n<\/div>","protected":false},"excerpt":{"rendered":"<p>O seu precioso petit vai adorar a forma como estas meias de algod\u00e3o de alpaca mant\u00eam os seus dedinhos dos p\u00e9s quentes e frescos durante todo o ano.<\/p>","protected":false},"featured_media":7738,"comment_status":"closed","ping_status":"closed","template":"","meta":{"_acf_changed":false},"product_brand":[],"product_cat":[345,361,360,362,200,232,323,344],"product_tag":[],"class_list":{"0":"post-7735","1":"product","2":"type-product","3":"status-publish","4":"has-post-thumbnail","6":"product_cat-accessoires","7":"product_cat-babyshower","8":"product_cat-cadeautips","9":"product_cat-cadeaus-tot-e-25","10":"product_cat-wollen-babykleding","11":"product_cat-petit-kolibri","12":"product_cat-slofjes","13":"product_cat-kleertjes","14":"pa_maat-0-3-maanden","15":"pa_maat-3-6-maanden","17":"first","18":"outofstock","19":"taxable","20":"shipping-taxable","21":"purchasable","22":"product-type-variable"},"acf":[],"_links":{"self":[{"href":"https:\/\/woolskins.eu\/pt\/wp-json\/wp\/v2\/product\/7735","targetHints":{"allow":["GET"]}}],"collection":[{"href":"https:\/\/woolskins.eu\/pt\/wp-json\/wp\/v2\/product"}],"about":[{"href":"https:\/\/woolskins.eu\/pt\/wp-json\/wp\/v2\/types\/product"}],"replies":[{"embeddable":true,"href":"https:\/\/woolskins.eu\/pt\/wp-json\/wp\/v2\/comments?post=7735"}],"wp:featuredmedia":[{"embeddable":true,"href":"https:\/\/woolskins.eu\/pt\/wp-json\/wp\/v2\/media\/7738"}],"wp:attachment":[{"href":"https:\/\/woolskins.eu\/pt\/wp-json\/wp\/v2\/media?parent=7735"}],"wp:term":[{"taxonomy":"product_brand","embeddable":true,"href":"https:\/\/woolskins.eu\/pt\/wp-json\/wp\/v2\/product_brand?post=7735"},{"taxonomy":"product_cat","embeddable":true,"href":"https:\/\/woolskins.eu\/pt\/wp-json\/wp\/v2\/product_cat?post=7735"},{"taxonomy":"product_tag","embeddable":true,"href":"https:\/\/woolskins.eu\/pt\/wp-json\/wp\/v2\/product_tag?post=7735"}],"curies":[{"name":"wp","href":"https:\/\/api.w.org\/{rel}","templated":true}]}}