{"id":7718,"date":"2022-02-15T15:16:34","date_gmt":"2022-02-15T15:16:34","guid":{"rendered":"https:\/\/woolskins.eu\/?post_type=product&#038;p=7718"},"modified":"2025-06-16T09:53:47","modified_gmt":"2025-06-16T09:53:47","slug":"calcoes-de-bebe-la-de-alpaca-algodao-cru","status":"publish","type":"product","link":"https:\/\/woolskins.eu\/pt\/baby-shorts-alpaca-wol-katoen-ecru\/","title":{"rendered":"Cal\u00e7\u00f5es para beb\u00e9 L\u00e3 de alpaca e algod\u00e3o | ecru"},"content":{"rendered":"<p>Os cal\u00e7\u00f5es perfeitos para o seu pequeno se sentir livre e correr nas suas aventuras. Combine estes cal\u00e7\u00f5es com as nossas meias altas de algod\u00e3o de alpaca para uma combina\u00e7\u00e3o perfeita.<\/p>\n<p>Feitos a partir de uma mistura de algod\u00e3o org\u00e2nico e alpaca fina para beb\u00e9 para deixar a pele respirar, mantendo o seu beb\u00e9 fresco e confort\u00e1vel durante todo o ano. Estes cal\u00e7\u00f5es t\u00eam um la\u00e7o para ajustar a cintura.<\/p>\n<p>- Tamanho \u00fanico 0-3 meses<br \/>\n- \u00c9 leve e muito suave<br \/>\n- \u00c9 t\u00e9rmico, por isso \u00e9 fresco no ver\u00e3o e agrad\u00e1vel e quente no inverno<br \/>\n- \u00c9 4 vezes menos \u201csens\u00edvel \u00e0 abras\u00e3o\u201d do que a l\u00e3 merino<br \/>\n- N\u00e3o encolhe ap\u00f3s a lavagem<br \/>\n- 35% l\u00e3 de alpaca fina - 65% algod\u00e3o org\u00e2nico<br \/>\n- 100% org\u00e2nico em conformidade com a Oeko-Tex\u00ae Standard 100<\/p>\n<p>A l\u00e3 de alpaca \u00e9 ainda mais macia do que a l\u00e3 merino e isola-se ligeiramente melhor do que a l\u00e3 normal. F\u00e1-lo de forma din\u00e2mica, tornando a l\u00e3 agrad\u00e1vel e quente no inverno e fresca no ver\u00e3o. Tem um brilho suave e, por isso, tem um aspeto muito luxuoso. A l\u00e3 de alpaca para beb\u00e9 refere-se aos p\u00ealos mais finos da alpaca adulta. \u00c9 leve e muito macia.<\/p>\n<h5 class=\"Text1893342656__root Text1893342656---typography-11-runningText Text1893342656---priority-7-primary s8gg2 _2UIKs InfoSectionTitle3095652555__root\" aria-hidden=\"false\" data-hook=\"info-section-title\">L\u00e3 de alpaca para beb\u00e9<\/h5>\n<div class=\"rah-static rah-static--height-auto\" aria-hidden=\"false\">\n<div>\n<div class=\"_1yvxJ fggS- cell\">\n<div class=\"WncCi\" data-hook=\"info-section-description\">\n<p>A estrutura das fibras da l\u00e3 de alpaca para beb\u00e9 \u00e9 muito fina e a sua suavidade pode ser comparada \u00e0 da l\u00e3 de caxemira, mas ainda mais suave. A l\u00e3 de alpaca \u00e9 conhecida pela sua qualidade superior, \u00e9 muito macia na pele e \u00e9 hipoalerg\u00e9nica. A l\u00e3 de alpaca beb\u00e9 \u00e9 a l\u00e3 de alpaca mais macia da primeira urdidura. A l\u00e3 de alpaca beb\u00e9 n\u00e3o significa que a l\u00e3 prov\u00e9m de alpacas beb\u00e9s, mas que apenas \u00e9 utilizada a l\u00e3 mais fina. Esta l\u00e3 tem um di\u00e2metro de cerca de 20 microns, o que \u00e9 incrivelmente fino, pois um micron \u00e9 0,001 mil\u00edmetros. Quanto mais fina for a l\u00e3, mais macio ser\u00e1 o produto.<\/p>\n<h5>Pequeno Kolibri<\/h5>\n<p class=\"\">PETIT KOLIBRI nasceu de um amor incondicional por produtos aut\u00eanticos, org\u00e2nicos e naturais. Nossos produtos nascem de um compromisso incans\u00e1vel em promover a sustentabilidade ambiental e neg\u00f3cios conscientes nas comunidades locais da Am\u00e9rica Latina.<\/p>\n<p class=\"\">Todas as nossas roupas de alpaca org\u00e2nica e de alpaca para beb\u00e9 s\u00e3o adquiridas com cuidado e aten\u00e7\u00e3o numa rela\u00e7\u00e3o mutuamente ben\u00e9fica e transparente com os nossos fornecedores. Os produtos acabados s\u00e3o criados em condi\u00e7\u00f5es justas por um coletivo de artes\u00e3os na Col\u00f4mbia e no Peru. O com\u00e9rcio justo tornou-se o nosso princ\u00edpio orientador.<\/p>\n<p class=\"\">As crian\u00e7as s\u00e3o a popula\u00e7\u00e3o de amanh\u00e3. O impacto que ter\u00e3o no nosso planeta \u00e9 influenciado pelos princ\u00edpios que lhes ensinamos hoje. As nossas malhas minimalistas com design org\u00e2nico s\u00e3o feitas para todas as pequenas aventuras!<\/p>\n<p>O nosso objetivo \u00e9 fornecer vestu\u00e1rio e acess\u00f3rios seguros para crian\u00e7as, porque acreditamos que os produtos que as crian\u00e7as tocam devem estar no seu estado mais puro e n\u00e3o tratados. Orgulhamo-nos de oferecer produtos biol\u00f3gicos sem subst\u00e2ncias nocivas, certificados pela norma 100 da OEKO-TEX\u00ae. A l\u00e3 que utilizamos na PETIT KOLIBRI \u00e9 proveniente do Peru, um dos principais pa\u00edses exportadores de l\u00e3 de alpaca.<\/p>\n<\/div>\n<\/div>\n<\/div>\n<\/div>","protected":false},"excerpt":{"rendered":"<p>Os cal\u00e7\u00f5es perfeitos para o seu pequeno se sentir livre e correr nas suas aventuras.<\/p>","protected":false},"featured_media":7728,"comment_status":"closed","ping_status":"closed","template":"","meta":{"_acf_changed":false},"product_brand":[],"product_cat":[361,360,363,200,232,322,344],"product_tag":[],"class_list":{"0":"post-7718","1":"product","2":"type-product","3":"status-publish","4":"has-post-thumbnail","6":"product_cat-babyshower","7":"product_cat-cadeautips","8":"product_cat-cadeaus-e25-e50","9":"product_cat-wollen-babykleding","10":"product_cat-petit-kolibri","11":"product_cat-broekjes","12":"product_cat-kleertjes","13":"pa_maat-0-3-maanden","14":"pa_maat-3-6-maanden","16":"first","17":"instock","18":"taxable","19":"shipping-taxable","20":"purchasable","21":"product-type-variable"},"acf":[],"_links":{"self":[{"href":"https:\/\/woolskins.eu\/pt\/wp-json\/wp\/v2\/product\/7718","targetHints":{"allow":["GET"]}}],"collection":[{"href":"https:\/\/woolskins.eu\/pt\/wp-json\/wp\/v2\/product"}],"about":[{"href":"https:\/\/woolskins.eu\/pt\/wp-json\/wp\/v2\/types\/product"}],"replies":[{"embeddable":true,"href":"https:\/\/woolskins.eu\/pt\/wp-json\/wp\/v2\/comments?post=7718"}],"wp:featuredmedia":[{"embeddable":true,"href":"https:\/\/woolskins.eu\/pt\/wp-json\/wp\/v2\/media\/7728"}],"wp:attachment":[{"href":"https:\/\/woolskins.eu\/pt\/wp-json\/wp\/v2\/media?parent=7718"}],"wp:term":[{"taxonomy":"product_brand","embeddable":true,"href":"https:\/\/woolskins.eu\/pt\/wp-json\/wp\/v2\/product_brand?post=7718"},{"taxonomy":"product_cat","embeddable":true,"href":"https:\/\/woolskins.eu\/pt\/wp-json\/wp\/v2\/product_cat?post=7718"},{"taxonomy":"product_tag","embeddable":true,"href":"https:\/\/woolskins.eu\/pt\/wp-json\/wp\/v2\/product_tag?post=7718"}],"curies":[{"name":"wp","href":"https:\/\/api.w.org\/{rel}","templated":true}]}}