{"id":7606,"date":"2022-02-14T11:45:41","date_gmt":"2022-02-14T11:45:41","guid":{"rendered":"https:\/\/woolskins.eu\/?post_type=product&#038;p=7606"},"modified":"2026-03-29T12:57:09","modified_gmt":"2026-03-29T12:57:09","slug":"calcado-de-la-branco-natural","status":"publish","type":"product","link":"https:\/\/woolskins.eu\/pt\/wool-shoes-naturel-white\/","title":{"rendered":"A Basic Brand - Pantufas de l\u00e3 para beb\u00e9 | branco natural"},"content":{"rendered":"<p>Estes sapatinhos de l\u00e3 s\u00e3o fofos e macios. Feitos de l\u00e3 100%, os sapatos mant\u00eam os p\u00e9s do seu beb\u00e9 maravilhosamente quentes e confort\u00e1veis. T\u00eam atacadores de algod\u00e3o para os manter nos p\u00e9s do beb\u00e9.<\/p>\n<p>Estes sapatos de l\u00e3 respir\u00e1vel est\u00e3o dispon\u00edveis em dois tamanhos: rec\u00e9m-nascido e beb\u00e9.<\/p>\n<p>Tamanhos:<\/p>\n<p>S - 0\/12m - 10 cm<br \/>\nL - 12\/24m - 12 cm<\/p>\n<p>Nota: n\u00e3o se destina a desloca\u00e7\u00f5es a p\u00e9<\/p>\n<h5>Uma marca para beb\u00e9s<\/h5>\n<p>Descubra um guarda-roupa verdadeiramente minimalista, cheio de objectos essenciais pr\u00e1ticos. Misture e combine os nossos modelos e cores unissexo.  Sem log\u00f3tipo, sem estampado, sem confus\u00e3o.<\/p>\n<p>A nossa miss\u00e3o \u00e9 tornar a sua vida mais f\u00e1cil, pelo que uma das ideias principais por detr\u00e1s da nossa filosofia \u00e9 a PR\u00c1TICA. Tamb\u00e9m nos preocupamos muito com o nosso planeta e desejamos que toda a gente viva uma vida mais minimalista e, por conseguinte, use menos roupa (#CONSUMEWISELY).<\/p>\n<p>Por conseguinte, a qualidade dos nossos produtos \u00e9 a mais elevada poss\u00edvel. Pode us\u00e1-los durante anos e pass\u00e1-los adiante quando terminar. Utilizamos tecidos de alta qualidade com certificado de algod\u00e3o org\u00e2nico GOTS e STANDARD 100 da OEKO-TEX\u00ae. Todos os nossos produtos podem ser lavados na m\u00e1quina e secados na m\u00e1quina quantas vezes quiser. Ir\u00e1 descobrir que a nossa l\u00e3 de algod\u00e3o nem precisa de ser passada a ferro para ficar com bom aspeto.<\/p>","protected":false},"excerpt":{"rendered":"<p>Fabricado em l\u00e3 100%, este cal\u00e7ado manter\u00e1 os p\u00e9s do seu filho maravilhosamente quentes e confort\u00e1veis.<\/p>","protected":false},"featured_media":7611,"comment_status":"closed","ping_status":"closed","template":"","meta":{"_acf_changed":false},"product_brand":[],"product_cat":[335,345,361,360,363,200,323,459],"product_tag":[],"class_list":{"0":"post-7606","1":"product","2":"type-product","3":"status-publish","4":"has-post-thumbnail","6":"product_cat-a_baby_brand","7":"product_cat-accessoires","8":"product_cat-babyshower","9":"product_cat-cadeautips","10":"product_cat-cadeaus-e25-e50","11":"product_cat-wollen-babykleding","12":"product_cat-slofjes","13":"product_cat-sale","14":"pa_maat-l","15":"pa_maat-s","17":"first","18":"instock","19":"taxable","20":"shipping-taxable","21":"purchasable","22":"product-type-variable"},"acf":[],"_links":{"self":[{"href":"https:\/\/woolskins.eu\/pt\/wp-json\/wp\/v2\/product\/7606","targetHints":{"allow":["GET"]}}],"collection":[{"href":"https:\/\/woolskins.eu\/pt\/wp-json\/wp\/v2\/product"}],"about":[{"href":"https:\/\/woolskins.eu\/pt\/wp-json\/wp\/v2\/types\/product"}],"replies":[{"embeddable":true,"href":"https:\/\/woolskins.eu\/pt\/wp-json\/wp\/v2\/comments?post=7606"}],"wp:featuredmedia":[{"embeddable":true,"href":"https:\/\/woolskins.eu\/pt\/wp-json\/wp\/v2\/media\/7611"}],"wp:attachment":[{"href":"https:\/\/woolskins.eu\/pt\/wp-json\/wp\/v2\/media?parent=7606"}],"wp:term":[{"taxonomy":"product_brand","embeddable":true,"href":"https:\/\/woolskins.eu\/pt\/wp-json\/wp\/v2\/product_brand?post=7606"},{"taxonomy":"product_cat","embeddable":true,"href":"https:\/\/woolskins.eu\/pt\/wp-json\/wp\/v2\/product_cat?post=7606"},{"taxonomy":"product_tag","embeddable":true,"href":"https:\/\/woolskins.eu\/pt\/wp-json\/wp\/v2\/product_tag?post=7606"}],"curies":[{"name":"wp","href":"https:\/\/api.w.org\/{rel}","templated":true}]}}