{"id":7271,"date":"2022-02-09T11:44:46","date_gmt":"2022-02-09T11:44:46","guid":{"rendered":"https:\/\/woolskins.eu\/?post_type=product&#038;p=7271"},"modified":"2025-12-12T15:05:40","modified_gmt":"2025-12-12T15:05:40","slug":"camisola-da-marca-a-baby-branco-natural","status":"publish","type":"product","link":"https:\/\/woolskins.eu\/pt\/a-baby-brand-sweatshirt-naturel-white\/","title":{"rendered":"A Basic Brand - Camisola para beb\u00e9 | branco natural"},"content":{"rendered":"<p>Uma camisola casual solta feita com o nosso famoso velo de algod\u00e3o soeple. Esta mistura de algod\u00e3o ultra-confort\u00e1vel \u00e9 incrivelmente macia e o interior de l\u00e3 tornar-se-\u00e1 instantaneamente o seu favorito. A camisola de gola redonda tem um acabamento em bruto perfeito e minimalista, que ganha car\u00e1cter ap\u00f3s cada lavagem. Para um look oversized, use um tamanho acima.<\/p>\n<p>97% algod\u00e3o 3% elastano. STANDARD 100 da OEKO-TEX\u00ae<\/p>\n<p>Tamanhos:<\/p>\n<p>comprimento total cm \/ comprimento da manga cm \/ largura total cm<\/p>\n<p>6m - 30 \/ 23 \/ 29<br \/>\n1j - 33 \/ 27 \/ 31<\/p>\n<h5>Uma marca para beb\u00e9s<\/h5>\n<p>Descubra um guarda-roupa verdadeiramente minimalista, cheio de objectos essenciais pr\u00e1ticos. Misture e combine os nossos modelos e cores unissexo.  Sem log\u00f3tipo, sem estampado, sem confus\u00e3o.<\/p>\n<p>A nossa miss\u00e3o \u00e9 tornar a sua vida mais f\u00e1cil, pelo que uma das ideias principais por detr\u00e1s da nossa filosofia \u00e9 a PR\u00c1TICA. Tamb\u00e9m nos preocupamos muito com o nosso planeta e desejamos que toda a gente viva uma vida mais minimalista e, por conseguinte, use menos roupa (#CONSUMEWISELY).<\/p>\n<p>Por conseguinte, a qualidade dos nossos produtos \u00e9 a mais elevada poss\u00edvel. Pode us\u00e1-los durante anos e pass\u00e1-los adiante quando terminar. Utilizamos tecidos de alta qualidade com certificado de algod\u00e3o org\u00e2nico GOTS e STANDARD 100 da OEKO-TEX\u00ae. Todos os nossos produtos podem ser lavados na m\u00e1quina e secados na m\u00e1quina quantas vezes quiser. Ir\u00e1 descobrir que a nossa l\u00e3 de algod\u00e3o nem precisa de ser passada a ferro para ficar com bom aspeto.<\/p>","protected":false},"excerpt":{"rendered":"<p>Uma camisola casual solta feita com o nosso famoso velo de algod\u00e3o soeple. Esta mistura de algod\u00e3o ultra-confort\u00e1vel \u00e9 incrivelmente macia e o interior em malha polar tornar-se-\u00e1 instantaneamente o seu favorito.<\/p>","protected":false},"featured_media":7335,"comment_status":"closed","ping_status":"closed","template":"","meta":{"_acf_changed":false},"product_brand":[],"product_cat":[335,360,363,529,530],"product_tag":[],"class_list":{"0":"post-7271","1":"product","2":"type-product","3":"status-publish","4":"has-post-thumbnail","6":"product_cat-a_baby_brand","7":"product_cat-cadeautips","8":"product_cat-cadeaus-e25-e50","9":"product_cat-katoenen-babykleertjes","10":"product_cat-katoenen-babyshirt","11":"pa_maat-1-jaar","12":"pa_maat-6-maanden","14":"first","15":"instock","16":"taxable","17":"shipping-taxable","18":"purchasable","19":"product-type-variable"},"acf":[],"_links":{"self":[{"href":"https:\/\/woolskins.eu\/pt\/wp-json\/wp\/v2\/product\/7271","targetHints":{"allow":["GET"]}}],"collection":[{"href":"https:\/\/woolskins.eu\/pt\/wp-json\/wp\/v2\/product"}],"about":[{"href":"https:\/\/woolskins.eu\/pt\/wp-json\/wp\/v2\/types\/product"}],"replies":[{"embeddable":true,"href":"https:\/\/woolskins.eu\/pt\/wp-json\/wp\/v2\/comments?post=7271"}],"wp:featuredmedia":[{"embeddable":true,"href":"https:\/\/woolskins.eu\/pt\/wp-json\/wp\/v2\/media\/7335"}],"wp:attachment":[{"href":"https:\/\/woolskins.eu\/pt\/wp-json\/wp\/v2\/media?parent=7271"}],"wp:term":[{"taxonomy":"product_brand","embeddable":true,"href":"https:\/\/woolskins.eu\/pt\/wp-json\/wp\/v2\/product_brand?post=7271"},{"taxonomy":"product_cat","embeddable":true,"href":"https:\/\/woolskins.eu\/pt\/wp-json\/wp\/v2\/product_cat?post=7271"},{"taxonomy":"product_tag","embeddable":true,"href":"https:\/\/woolskins.eu\/pt\/wp-json\/wp\/v2\/product_tag?post=7271"}],"curies":[{"name":"wp","href":"https:\/\/api.w.org\/{rel}","templated":true}]}}