{"id":7267,"date":"2022-02-09T11:42:09","date_gmt":"2022-02-09T11:42:09","guid":{"rendered":"https:\/\/woolskins.eu\/?post_type=product&#038;p=7267"},"modified":"2026-04-11T11:05:36","modified_gmt":"2026-04-11T11:05:36","slug":"suite-de-bebe-cinzento-claro","status":"publish","type":"product","link":"https:\/\/woolskins.eu\/pt\/babysuite-light-grey\/","title":{"rendered":"A Basic Brand - fato de beb\u00e9 | cinzento claro"},"content":{"rendered":"<p>O melhor fato de beb\u00e9 com p\u00e9s para todo o dia e toda a noite. Fabricado em tecido de algod\u00e3o fino ultra-suave, com um toque incrivelmente suave - o tecido mais suave poss\u00edvel para a pele sens\u00edvel do seu beb\u00e9. Abre completamente com pequenos fechos de correr para um acesso r\u00e1pido e f\u00e1cil. O design mais simples em cores b\u00e1sicas.<\/p>\n<p>97% algod\u00e3o 3% elastano. STANDARD 100 da OEKO-TEX\u00ae<\/p>\n<p>Tamanhos:<\/p>\n<p>costura interna cm \/ comprimento total cm \/ comprimento da manga cm<\/p>\n<p>0m - 16 \/ 41 \/ 17<br \/>\n3m - 19 \/ 48 \/ 19<br \/>\n6m - 22 \/ 55 \/ 21<br \/>\n9m - 25 \/ 62 \/ 23<\/p>\n<h5>Uma marca para beb\u00e9s<\/h5>\n<p>Descubra um guarda-roupa verdadeiramente minimalista, cheio de objectos essenciais pr\u00e1ticos. Misture e combine os nossos modelos e cores unissexo.  Sem log\u00f3tipo, sem estampado, sem confus\u00e3o.<\/p>\n<p>A nossa miss\u00e3o \u00e9 tornar a sua vida mais f\u00e1cil, pelo que uma das ideias principais por detr\u00e1s da nossa filosofia \u00e9 a PR\u00c1TICA. Tamb\u00e9m nos preocupamos muito com o nosso planeta e desejamos que toda a gente viva uma vida mais minimalista e, por conseguinte, use menos roupa (#CONSUMEWISELY).<\/p>\n<p>Por conseguinte, a qualidade dos nossos produtos \u00e9 a mais elevada poss\u00edvel. Pode us\u00e1-los durante anos e pass\u00e1-los adiante quando terminar. Utilizamos tecidos de alta qualidade com certificado de algod\u00e3o org\u00e2nico GOTS e STANDARD 100 da OEKO-TEX\u00ae. Todos os nossos produtos podem ser lavados na m\u00e1quina e secados na m\u00e1quina quantas vezes quiser. Ir\u00e1 descobrir que a nossa l\u00e3 de algod\u00e3o nem precisa de ser passada a ferro para ficar com bom aspeto.<\/p>","protected":false},"excerpt":{"rendered":"<p>O melhor fato de beb\u00e9 com p\u00e9s para todo o dia e toda a noite. Fabricado a partir de um velo de algod\u00e3o fino ultra-suave, com um toque incrivelmente suave - o tecido mais macio poss\u00edvel para a pele sens\u00edvel do seu beb\u00e9.<\/p>","protected":false},"featured_media":7167,"comment_status":"closed","ping_status":"closed","template":"","meta":{"_acf_changed":false},"product_brand":[],"product_cat":[335,361,360,363,529,534],"product_tag":[],"class_list":{"0":"post-7267","1":"product","2":"type-product","3":"status-publish","4":"has-post-thumbnail","6":"product_cat-a_baby_brand","7":"product_cat-babyshower","8":"product_cat-cadeautips","9":"product_cat-cadeaus-e25-e50","10":"product_cat-katoenen-babykleertjes","11":"product_cat-katoenen-babypak","12":"pa_maat-0-maanden","13":"pa_maat-3-maanden","14":"pa_maat-6-maanden","16":"first","17":"instock","18":"taxable","19":"shipping-taxable","20":"purchasable","21":"product-type-variable","22":"has-default-attributes"},"acf":[],"_links":{"self":[{"href":"https:\/\/woolskins.eu\/pt\/wp-json\/wp\/v2\/product\/7267","targetHints":{"allow":["GET"]}}],"collection":[{"href":"https:\/\/woolskins.eu\/pt\/wp-json\/wp\/v2\/product"}],"about":[{"href":"https:\/\/woolskins.eu\/pt\/wp-json\/wp\/v2\/types\/product"}],"replies":[{"embeddable":true,"href":"https:\/\/woolskins.eu\/pt\/wp-json\/wp\/v2\/comments?post=7267"}],"wp:featuredmedia":[{"embeddable":true,"href":"https:\/\/woolskins.eu\/pt\/wp-json\/wp\/v2\/media\/7167"}],"wp:attachment":[{"href":"https:\/\/woolskins.eu\/pt\/wp-json\/wp\/v2\/media?parent=7267"}],"wp:term":[{"taxonomy":"product_brand","embeddable":true,"href":"https:\/\/woolskins.eu\/pt\/wp-json\/wp\/v2\/product_brand?post=7267"},{"taxonomy":"product_cat","embeddable":true,"href":"https:\/\/woolskins.eu\/pt\/wp-json\/wp\/v2\/product_cat?post=7267"},{"taxonomy":"product_tag","embeddable":true,"href":"https:\/\/woolskins.eu\/pt\/wp-json\/wp\/v2\/product_tag?post=7267"}],"curies":[{"name":"wp","href":"https:\/\/api.w.org\/{rel}","templated":true}]}}