{"id":7254,"date":"2022-02-04T14:37:58","date_gmt":"2022-02-04T14:37:58","guid":{"rendered":"https:\/\/woolskins.eu\/?post_type=product&#038;p=7254"},"modified":"2024-10-17T20:29:37","modified_gmt":"2024-10-17T20:29:37","slug":"bolsa-para-fraldas-lammy-bege","status":"publish","type":"product","link":"https:\/\/woolskins.eu\/pt\/luieretui-lammy-beige\/","title":{"rendered":"Saco para fraldas L\u00e3 - Desfiado | Bege"},"content":{"rendered":"<p>- L\u00e3 virgem 100% Feltrada com certifica\u00e7\u00e3o Woolmark.<br \/>\n- Estrutura suave, macia e compacta<br \/>\n- As dimens\u00f5es s\u00e3o 24x9x9cm.<br \/>\n- Para casa e em viagem.<br \/>\n- Produ\u00e7\u00e3o europeia.<br \/>\n- lav\u00e1vel num ciclo de lavagem com l\u00e3 a 30\u00b0C.<\/p>\n<p>Este produto tem os r\u00f3tulos Safe for Children e Woolmark, entre outros.<\/p>\n<h5>Etiqueta de peles de l\u00e3<\/h5>\n<p>Ap\u00f3s anos de coopera\u00e7\u00e3o bem sucedida com a Alwero, temos o orgulho de anunciar que pass\u00e1mos a comercializar os nossos produtos sob a nossa pr\u00f3pria marca Woolskins.<\/p>\n<p>Desta forma, continua a obter a melhor qualidade, mas combinada com os produtos e designs mais bonitos e \u00fanicos.<\/p>\n<p>A qualidade dos tecidos e das cores continua a ser a mesma de sempre, s\u00f3 que agora existe uma maior escolha com a qual a Woolskins pensa poder distinguir-se.<\/p>\n<p>A nossa vasta cole\u00e7\u00e3o \u00e9 t\u00e3o igual que \u00e9 um excelente complemento para o enxoval de qualquer beb\u00e9, fabricada em l\u00e3 europeia 100% que respira e \u00e9 adequada para todas as esta\u00e7\u00f5es.<\/p>\n<p>Juntamos for\u00e7as com entusiasmo para criar um produto sustent\u00e1vel, natural e o mais confort\u00e1vel para o seu beb\u00e9.<\/p>","protected":false},"excerpt":{"rendered":"<p>O nosso saco de toilette em l\u00e3 \u00e9 um acess\u00f3rio elegante e pr\u00e1tico para guardar os seus artigos de higiene pessoal. Quer precise de levar os seus artigos essenciais para uma viagem, uma sess\u00e3o de gin\u00e1stica ou um dia no escrit\u00f3rio, um saco de toilette em l\u00e3 mant\u00ea-los-\u00e1 organizados e protegidos. Este saco de toilette tamb\u00e9m \u00e9 \u00f3timo para transportar as fraldas, toalhitas e outros artigos essenciais do seu beb\u00e9.<\/p>\n<p><strong>Marca: Woolskins<\/strong><br \/>\n<strong>Produ\u00e7\u00e3o: Pol\u00f3nia<\/strong><\/p>","protected":false},"featured_media":7253,"comment_status":"closed","ping_status":"closed","template":"","meta":{"_acf_changed":false},"product_brand":[],"product_cat":[351,349,360,363,31,196,194],"product_tag":[],"class_list":{"0":"post-7254","1":"product","2":"type-product","3":"status-publish","4":"has-post-thumbnail","6":"product_cat-accessoiresvoormama","7":"product_cat-borstvoedingenvoedingskussens","8":"product_cat-cadeautips","9":"product_cat-cadeaus-e25-e50","10":"product_cat-yogamat-wol","11":"product_cat-slaapkleding-baby","12":"product_cat-wollen-babyproducten","14":"first","15":"outofstock","16":"taxable","17":"shipping-taxable","18":"purchasable","19":"product-type-simple"},"acf":[],"_links":{"self":[{"href":"https:\/\/woolskins.eu\/pt\/wp-json\/wp\/v2\/product\/7254","targetHints":{"allow":["GET"]}}],"collection":[{"href":"https:\/\/woolskins.eu\/pt\/wp-json\/wp\/v2\/product"}],"about":[{"href":"https:\/\/woolskins.eu\/pt\/wp-json\/wp\/v2\/types\/product"}],"replies":[{"embeddable":true,"href":"https:\/\/woolskins.eu\/pt\/wp-json\/wp\/v2\/comments?post=7254"}],"wp:featuredmedia":[{"embeddable":true,"href":"https:\/\/woolskins.eu\/pt\/wp-json\/wp\/v2\/media\/7253"}],"wp:attachment":[{"href":"https:\/\/woolskins.eu\/pt\/wp-json\/wp\/v2\/media?parent=7254"}],"wp:term":[{"taxonomy":"product_brand","embeddable":true,"href":"https:\/\/woolskins.eu\/pt\/wp-json\/wp\/v2\/product_brand?post=7254"},{"taxonomy":"product_cat","embeddable":true,"href":"https:\/\/woolskins.eu\/pt\/wp-json\/wp\/v2\/product_cat?post=7254"},{"taxonomy":"product_tag","embeddable":true,"href":"https:\/\/woolskins.eu\/pt\/wp-json\/wp\/v2\/product_tag?post=7254"}],"curies":[{"name":"wp","href":"https:\/\/api.w.org\/{rel}","templated":true}]}}