{"id":7214,"date":"2022-02-04T14:08:48","date_gmt":"2022-02-04T14:08:48","guid":{"rendered":"https:\/\/woolskins.eu\/?post_type=product&#038;p=7214"},"modified":"2025-02-08T18:34:03","modified_gmt":"2025-02-08T18:34:03","slug":"aquecedores-de-maos-alwero-thumby-natural","status":"publish","type":"product","link":"https:\/\/woolskins.eu\/pt\/alwero-handwarmers-thumby-natural\/","title":{"rendered":"Agasalhos de l\u00e3 para senhora - Thumby | Natural"},"content":{"rendered":"<p>Os aquecedores de m\u00e3os de l\u00e3 Woolskins est\u00e3o dispon\u00edveis em tr\u00eas cores. Esta luva n\u00e3o tem dedos nem polegar, o que facilita a realiza\u00e7\u00e3o de todas as tarefas enquanto mant\u00e9m as suas m\u00e3os quentes e agrad\u00e1veis.<br \/>\nEstas luvas finas s\u00e3o feitas de l\u00e3 100% com elastina, garantindo um ajuste confort\u00e1vel \u00e0 m\u00e3o. S\u00e3o ideais para viajar com o seu beb\u00e9.<\/p>\n<p>Estes aquecedores de m\u00e3os proporcionam um ambiente seco e confort\u00e1vel que ajuda a aliviar as dores nos pulsos e nas articula\u00e7\u00f5es. Melhoram a circula\u00e7\u00e3o, o que reduzir\u00e1 os sintomas. Ideal para al\u00e9m da utiliza\u00e7\u00e3o atr\u00e1s de um computador.<\/p>\n<p>Tamanhos em cent\u00edmetros:<\/p>\n<p>S: 23 x 10 cm (comprimento e largura no pulso)<br \/>\nM: 24 x 11 cm (comprimento e largura no pulso)<br \/>\nC: 25 x 12 cm (comprimento e largura no pulso)<\/p>\n<p>Lavar num ciclo de lavagem de l\u00e3 a 30 \u00b0C com detergente para l\u00e3.<\/p>\n<div id=\"product-12858\" class=\"product type-product post-12858 status-publish first instock product_cat-cadeautips product_cat-cadeaus-tot-e-25 product_cat-alwero product_cat-yogamat-wol product_cat-accessoiresvoormama product_cat-fashion has-post-thumbnail taxable shipping-taxable purchasable product-type-variable ct-ajax-add-to-cart thumbs-bottom sticky-summary ct-default-gallery\">\n<div class=\"woocommerce-tabs wc-tabs-wrapper\" data-type=\"type-1:center\">\n<article>\n<div id=\"tab-description\" class=\"woocommerce-Tabs-panel woocommerce-Tabs-panel--description panel entry-content wc-tab\" role=\"tabpanel\" aria-labelledby=\"tab-title-description\">\n<h5>Etiqueta de peles de l\u00e3<\/h5>\n<p>Ap\u00f3s anos de coopera\u00e7\u00e3o bem sucedida com a Alwero, temos o orgulho de anunciar que pass\u00e1mos a comercializar os nossos produtos sob a nossa pr\u00f3pria marca Woolskins.<\/p>\n<p>Desta forma, continua a obter a melhor qualidade, mas combinada com os produtos e designs mais bonitos e \u00fanicos.<\/p>\n<p>A qualidade dos tecidos e das cores continua a ser a mesma de sempre, s\u00f3 que agora existe uma maior escolha com a qual a Woolskins pensa poder distinguir-se.<\/p>\n<p>A nossa vasta cole\u00e7\u00e3o \u00e9 t\u00e3o igual que \u00e9 um excelente complemento para o enxoval de qualquer beb\u00e9, fabricada em l\u00e3 europeia 100% que respira e \u00e9 adequada para todas as esta\u00e7\u00f5es.<\/p>\n<p>Juntamos for\u00e7as com entusiasmo para criar um produto sustent\u00e1vel, natural e o mais confort\u00e1vel para o seu beb\u00e9.<\/p>\n<\/div>\n<\/article>\n<\/div>\n<\/div>\n<section class=\"related products ct-hidden-sm ct-hidden-md\"><\/section>","protected":false},"excerpt":{"rendered":"<p>Se est\u00e1 \u00e0 procura de um par de luvas de l\u00e3 para se oferecer a si pr\u00f3prio ou a um ente querido, recomendamos vivamente estas luvas da Woolskins. Esta luva n\u00e3o tem dedos nem polegar, o que facilita a realiza\u00e7\u00e3o de todas as tarefas enquanto mant\u00e9m as suas m\u00e3os quentes e agrad\u00e1veis. Estas luvas finas s\u00e3o feitas de l\u00e3 100% com elastina e, por isso, ajustam-se confortavelmente \u00e0 m\u00e3o. O nosso aquecedor de m\u00e3os de l\u00e3 Thumby \u00e9 uma \u00f3ptima maneira de manter as suas m\u00e3os quentes e confort\u00e1veis durante os meses frios de inverno. S\u00e3o macios e respir\u00e1veis, o que os torna adequados para pessoas com pele sens\u00edvel, e est\u00e3o dispon\u00edveis numa variedade de cores e tamanhos.<\/p>\n<p><strong>Marca: Woolskins<\/strong><br \/>\n<strong>Produ\u00e7\u00e3o: Pol\u00f3nia<\/strong><\/p>","protected":false},"featured_media":17599,"comment_status":"closed","ping_status":"closed","template":"","meta":{"_acf_changed":false},"product_brand":[],"product_cat":[351,362,350,31,194],"product_tag":[],"class_list":{"0":"post-7214","1":"product","2":"type-product","3":"status-publish","4":"has-post-thumbnail","6":"product_cat-accessoiresvoormama","7":"product_cat-cadeaus-tot-e-25","8":"product_cat-fashion","9":"product_cat-yogamat-wol","10":"product_cat-wollen-babyproducten","11":"pa_maat-l","12":"pa_maat-m","13":"pa_maat-s","15":"first","16":"outofstock","17":"taxable","18":"shipping-taxable","19":"purchasable","20":"product-type-variable"},"acf":[],"_links":{"self":[{"href":"https:\/\/woolskins.eu\/pt\/wp-json\/wp\/v2\/product\/7214","targetHints":{"allow":["GET"]}}],"collection":[{"href":"https:\/\/woolskins.eu\/pt\/wp-json\/wp\/v2\/product"}],"about":[{"href":"https:\/\/woolskins.eu\/pt\/wp-json\/wp\/v2\/types\/product"}],"replies":[{"embeddable":true,"href":"https:\/\/woolskins.eu\/pt\/wp-json\/wp\/v2\/comments?post=7214"}],"wp:featuredmedia":[{"embeddable":true,"href":"https:\/\/woolskins.eu\/pt\/wp-json\/wp\/v2\/media\/17599"}],"wp:attachment":[{"href":"https:\/\/woolskins.eu\/pt\/wp-json\/wp\/v2\/media?parent=7214"}],"wp:term":[{"taxonomy":"product_brand","embeddable":true,"href":"https:\/\/woolskins.eu\/pt\/wp-json\/wp\/v2\/product_brand?post=7214"},{"taxonomy":"product_cat","embeddable":true,"href":"https:\/\/woolskins.eu\/pt\/wp-json\/wp\/v2\/product_cat?post=7214"},{"taxonomy":"product_tag","embeddable":true,"href":"https:\/\/woolskins.eu\/pt\/wp-json\/wp\/v2\/product_tag?post=7214"}],"curies":[{"name":"wp","href":"https:\/\/api.w.org\/{rel}","templated":true}]}}