{"id":7098,"date":"2022-01-31T11:11:43","date_gmt":"2022-01-31T11:11:43","guid":{"rendered":"https:\/\/woolskins.eu\/?post_type=product&#038;p=7098"},"modified":"2026-02-17T07:59:57","modified_gmt":"2026-02-17T07:59:57","slug":"manta-de-peluche-com-cordao-de-chupeta-cinzento-2","status":"publish","type":"product","link":"https:\/\/woolskins.eu\/pt\/knuffeldoekje-met-speenkoord-grijs-2\/","title":{"rendered":"Manta de peluche com cord\u00e3o para chucha | Cinzento claro"},"content":{"rendered":"<p>Manta fofinha Woolskins com cord\u00e3o para chucha. Ideal para o seu beb\u00e9 acariciar e brincar, devido ao som engra\u00e7ado que o enchimento crepitante produz. A manta fofinha \u00e9 feita de l\u00e3 100% e tem, por exemplo, as etiquetas \u2018Woolmark\u2019 e \u2018Safe for children\u2019. O cord\u00e3o para a chupeta \u00e9 pr\u00e1tico para manter a chupeta do beb\u00e9 \u00e0 m\u00e3o e evitar que se perca.<\/p>\n<p>- L\u00e3 virgem 100%, etiqueta Woolmark.<br \/>\n- As dimens\u00f5es s\u00e3o 18\u00d725 cm.<br \/>\n- Tetina exclusiva<\/p>\n<p>O cord\u00e3o permite fixar facilmente a chupeta de l\u00e3 a qualquer tipo de chupeta.<\/p>","protected":false},"excerpt":{"rendered":"<p>A Woolskins oferece um bonito cobertor de l\u00e3 fofinho com cord\u00e3o para chupeta. Este cobertor macio e confort\u00e1vel \u00e9 perfeito para o seu filho se abra\u00e7ar e brincar. \u00c9 feito de l\u00e3 de alta qualidade e est\u00e1 dispon\u00edvel em bege e cinzento.<\/p>\n<p>\u00c9 ideal para o seu beb\u00e9 se abra\u00e7ar e brincar com ele, devido ao som engra\u00e7ado que o enchimento crepitante produz. Esta manta fofinha \u00e9 feita de l\u00e3 100% e tem as etiquetas \u2018Woolmark\u2019 e \u2018Safe for children\u2019, por exemplo.<\/p>\n<p>A Woolskins \u00e9 a especialista em produtos ecol\u00f3gicos de pele de borrego e l\u00e3. Todos os produtos s\u00e3o fabricados com materiais de alta qualidade e concebidos a pensar no conforto e na durabilidade. Este cobertor fofinho com cord\u00e3o para chupeta \u00e9, portanto, uma escolha respons\u00e1vel para os pais que procuram qualidade e estilo.<\/p>\n<p><strong>Marca: Woolskins<\/strong><br \/>\n<strong>Produ\u00e7\u00e3o: Pol\u00f3nia<\/strong><\/p>\n<p><strong>ero<\/strong><\/p>","protected":false},"featured_media":9779,"comment_status":"closed","ping_status":"closed","template":"","meta":{"_acf_changed":false},"product_brand":[],"product_cat":[345,361,360,362,200,196,346,348,194],"product_tag":[],"class_list":{"0":"post-7098","1":"product","2":"type-product","3":"status-publish","4":"has-post-thumbnail","6":"product_cat-accessoires","7":"product_cat-babyshower","8":"product_cat-cadeautips","9":"product_cat-cadeaus-tot-e-25","10":"product_cat-wollen-babykleding","11":"product_cat-slaapkleding-baby","12":"product_cat-mutsjesensjaaltjes","13":"product_cat-kussens","14":"product_cat-wollen-babyproducten","16":"first","17":"instock","18":"taxable","19":"shipping-taxable","20":"purchasable","21":"product-type-simple"},"acf":[],"_links":{"self":[{"href":"https:\/\/woolskins.eu\/pt\/wp-json\/wp\/v2\/product\/7098","targetHints":{"allow":["GET"]}}],"collection":[{"href":"https:\/\/woolskins.eu\/pt\/wp-json\/wp\/v2\/product"}],"about":[{"href":"https:\/\/woolskins.eu\/pt\/wp-json\/wp\/v2\/types\/product"}],"replies":[{"embeddable":true,"href":"https:\/\/woolskins.eu\/pt\/wp-json\/wp\/v2\/comments?post=7098"}],"wp:featuredmedia":[{"embeddable":true,"href":"https:\/\/woolskins.eu\/pt\/wp-json\/wp\/v2\/media\/9779"}],"wp:attachment":[{"href":"https:\/\/woolskins.eu\/pt\/wp-json\/wp\/v2\/media?parent=7098"}],"wp:term":[{"taxonomy":"product_brand","embeddable":true,"href":"https:\/\/woolskins.eu\/pt\/wp-json\/wp\/v2\/product_brand?post=7098"},{"taxonomy":"product_cat","embeddable":true,"href":"https:\/\/woolskins.eu\/pt\/wp-json\/wp\/v2\/product_cat?post=7098"},{"taxonomy":"product_tag","embeddable":true,"href":"https:\/\/woolskins.eu\/pt\/wp-json\/wp\/v2\/product_tag?post=7098"}],"curies":[{"name":"wp","href":"https:\/\/api.w.org\/{rel}","templated":true}]}}