{"id":7035,"date":"2022-01-27T15:29:46","date_gmt":"2022-01-27T15:29:46","guid":{"rendered":"https:\/\/woolskins.eu\/?post_type=product&#038;p=7035"},"modified":"2026-03-03T13:14:30","modified_gmt":"2026-03-03T13:14:30","slug":"cobertor-de-berco-alwero-essencial-cinzento","status":"publish","type":"product","link":"https:\/\/woolskins.eu\/pt\/alwero-wiegdeken-essential-grijs\/","title":{"rendered":"Cobertor de l\u00e3 para ber\u00e7o \/ Cobertor para beb\u00e9 - Feltro | Cinzento claro"},"content":{"rendered":"<p>O seu filho vai dormir e sonhar com esta confort\u00e1vel manta de l\u00e3 feltrada 100%. A manta cai suavemente e \u00e9 muito macia. T\u00eam um aspeto bonito e luxuoso e s\u00e3o extremamente confort\u00e1veis. Os cobertores de l\u00e3 respiram e medem instantaneamente a temperatura do seu filho. T\u00eam o tamanho e o peso ideais para dormir ou brincar em cima delas. Utilize-o em casa ou em viagem para manter o seu filho bem quente.<\/p>\n<p>- 100% Nova l\u00e3 feltrada com etiqueta Woolmark<br \/>\n- Estrutura suave, macia e compacta<br \/>\n- Boas propriedades t\u00e9rmicas<br \/>\n- Para casa e em viagem.<br \/>\n- Tamanho: 65 x 90 cm, 90 x 130 cm e 150 x 200 cm.<br \/>\n- Produ\u00e7\u00e3o europeia.<br \/>\n- lav\u00e1vel num ciclo de lavagem com l\u00e3 a 30\u00b0C.<\/p>\n<p>Os nossos cobertores de ber\u00e7o Eco Wool s\u00e3o muito adequados para os mais pequenos, gra\u00e7as \u00e0s propriedades naturais das fibras de l\u00e3. Estas respiram e t\u00eam a capacidade de atuar como um term\u00f3stato natural que regula a temperatura do corpo? Isto ajuda o seu beb\u00e9 a manter uma temperatura est\u00e1vel e mant\u00e9m-no seco e confort\u00e1vel. Isto \u00e9 feito de forma \u2018din\u00e2mica\u2019, ou seja, quando \u00e9 necess\u00e1rio e n\u00e3o quando n\u00e3o \u00e9.<\/p>\n<p>Este produto tem os r\u00f3tulos Safe for Children e Woolmark, entre outros.<\/p>\n<h5>Etiqueta de peles de l\u00e3<\/h5>\n<p>Ap\u00f3s anos de coopera\u00e7\u00e3o bem sucedida com a Alwero, temos o orgulho de anunciar que pass\u00e1mos a comercializar os nossos produtos sob a nossa pr\u00f3pria marca Woolskins.<\/p>\n<p>Desta forma, continua a obter a melhor qualidade, mas combinada com os produtos e designs mais bonitos e \u00fanicos.<\/p>\n<p>A qualidade dos tecidos e das cores continua a ser a mesma de sempre, s\u00f3 que agora existe uma maior escolha com a qual a Woolskins pensa poder distinguir-se.<\/p>\n<p>A nossa vasta cole\u00e7\u00e3o \u00e9 t\u00e3o igual que \u00e9 um excelente complemento para o enxoval de qualquer beb\u00e9, fabricada em l\u00e3 europeia 100% que respira e \u00e9 adequada para todas as esta\u00e7\u00f5es.<\/p>\n<p>Juntamos for\u00e7as com entusiasmo para criar um produto sustent\u00e1vel, natural e o mais confort\u00e1vel poss\u00edvel para o seu filho<\/p>","protected":false},"excerpt":{"rendered":"<p>O seu filho dormir\u00e1 e sonhar\u00e1 debaixo deste confort\u00e1vel cobertor de l\u00e3 para ber\u00e7o feito de l\u00e3 100%. O cobertor de l\u00e3 para ber\u00e7o \u00e9 flex\u00edvel e muito macio e \u00e9 acabado com um ponto de cobertor. T\u00eam um aspeto bonito e luxuoso e fazem parte do enxoval de qualquer beb\u00e9. Os cobertores de l\u00e3 respiram e adquirem imediatamente a temperatura do seu beb\u00e9. T\u00eam o tamanho e o peso ideais para dormir ou brincar com o beb\u00e9. Utilize-o em casa ou em viagem para manter o seu filho bem quente. A manta \u00e9 adequada para qualquer esta\u00e7\u00e3o do ano e um presente perfeito para um ch\u00e1 de beb\u00e9 ou uma visita de maternidade.<\/p>\n<p><strong>Marca: Woolskins<\/strong><br \/>\n<strong>Produ\u00e7\u00e3o: Pol\u00f3nia<\/strong><\/p>","protected":false},"featured_media":9773,"comment_status":"closed","ping_status":"closed","template":"","meta":{"_acf_changed":false},"product_brand":[],"product_cat":[361,360,363,196,318,194],"product_tag":[],"class_list":{"0":"post-7035","1":"product","2":"type-product","3":"status-publish","4":"has-post-thumbnail","6":"product_cat-babyshower","7":"product_cat-cadeautips","8":"product_cat-cadeaus-e25-e50","9":"product_cat-slaapkleding-baby","10":"product_cat-wollen-wiegdeken-ledikantdeken","11":"product_cat-wollen-babyproducten","12":"pa_maat-100-x-150-cm","13":"pa_maat-150-x-200-cm","14":"pa_maat-65-x-90-cm","15":"pa_maat-75-x-100-cm","16":"pa_maat-90-x-130-cm","18":"first","19":"instock","20":"taxable","21":"shipping-taxable","22":"purchasable","23":"product-type-variable"},"acf":[],"_links":{"self":[{"href":"https:\/\/woolskins.eu\/pt\/wp-json\/wp\/v2\/product\/7035","targetHints":{"allow":["GET"]}}],"collection":[{"href":"https:\/\/woolskins.eu\/pt\/wp-json\/wp\/v2\/product"}],"about":[{"href":"https:\/\/woolskins.eu\/pt\/wp-json\/wp\/v2\/types\/product"}],"replies":[{"embeddable":true,"href":"https:\/\/woolskins.eu\/pt\/wp-json\/wp\/v2\/comments?post=7035"}],"wp:featuredmedia":[{"embeddable":true,"href":"https:\/\/woolskins.eu\/pt\/wp-json\/wp\/v2\/media\/9773"}],"wp:attachment":[{"href":"https:\/\/woolskins.eu\/pt\/wp-json\/wp\/v2\/media?parent=7035"}],"wp:term":[{"taxonomy":"product_brand","embeddable":true,"href":"https:\/\/woolskins.eu\/pt\/wp-json\/wp\/v2\/product_brand?post=7035"},{"taxonomy":"product_cat","embeddable":true,"href":"https:\/\/woolskins.eu\/pt\/wp-json\/wp\/v2\/product_cat?post=7035"},{"taxonomy":"product_tag","embeddable":true,"href":"https:\/\/woolskins.eu\/pt\/wp-json\/wp\/v2\/product_tag?post=7035"}],"curies":[{"name":"wp","href":"https:\/\/api.w.org\/{rel}","templated":true}]}}